{"id":1991,"date":"2022-03-31T23:43:21","date_gmt":"2022-03-31T17:43:21","guid":{"rendered":"https:\/\/r2-toys.com\/?post_type=product&#038;p=1991"},"modified":"2024-09-08T11:18:38","modified_gmt":"2024-09-08T05:18:38","slug":"sabacc-el-juego-mas-viejo-de-la-galaxia","status":"publish","type":"product","link":"https:\/\/r2-toys.com\/index.php\/product\/sabacc-el-juego-mas-viejo-de-la-galaxia\/","title":{"rendered":"Sabacc (El Juego m\u00e1s viejo de la galaxia)"},"content":{"rendered":"<p>Tal vez el juego de cartas m\u00e1s antiguo y popular de la galaxia, sabacc, se juega en un desconcertante n\u00famero de variaciones. Todos dan prioridad a las apuestas y muchos incluyen un elemento de azar que puede convertir una buena mano en una mala, o viceversa. El Halc\u00f3n Milenario cambi\u00f3 de manos en un famoso juego sabacc entre Han Solo y Lando Calrissian.<\/p>\n<p>Una baraja de sabacc comprend\u00eda una serie de cartas de figuras y cuatro palos de quince cartas de pepita. El valor nominal de las cartas cambiaba al azar en el juego, pero se bloqueaba tan pronto como las cartas se colocaban en el campo de suspensi\u00f3n especial de la tabla de sabacc. Esa particularidad hizo del sabacc un juego complejo e impredecible, ya que una posible mano ganadora pod\u00eda convertirse en una perdedora si no se utiliza en el momento adecuado.<\/p>\n<p>Edad recomendada: 4 a\u00f1os en adelante<\/p>\n<p>\u26a0\ufe0fADVERTENCIA: PELIGRO DE ASFIXIA &#8211; Piezas peque\u00f1as. No apto para ni\u00f1os menores de 4 a\u00f1os.<\/p>\n<p>Los productos Star Wars son producidos bajo licencia de Lucasfilm Ltd. y Disney<\/p>\n<p>Disney y todos los t\u00e9rminos relacionados son marcas registradas Disney.<\/p>\n","protected":false},"excerpt":{"rendered":"<p>Tal vez el juego de cartas m\u00e1s antiguo y popular de la galaxia, sabacc, se juega en un desconcertante n\u00famero de variaciones. Todos dan prioridad a las apuestas y muchos incluyen un elemento de azar que puede convertir una buena mano en una mala, o viceversa. El Halc\u00f3n Milenario cambi\u00f3 de manos en un famoso juego sabacc entre Han Solo y Lando Calrissian.<\/p>\n<p>Una baraja de sabacc comprend\u00eda una serie de cartas de figuras y cuatro palos de quince cartas de pepita. El valor nominal de las cartas cambiaba al azar en el juego, pero se bloqueaba tan pronto como las cartas se colocaban en el campo de suspensi\u00f3n especial de la tabla de sabacc. Esa particularidad hizo del sabacc un juego complejo e impredecible, ya que una posible mano ganadora pod\u00eda convertirse en una perdedora si no se utiliza en el momento adecuado.<\/p>\n","protected":false},"featured_media":4025,"comment_status":"open","ping_status":"closed","template":"","meta":[],"product_brand":[],"product_cat":[33],"product_tag":[],"class_list":{"0":"post-1991","1":"product","2":"type-product","3":"status-publish","4":"has-post-thumbnail","6":"product_cat-otros","8":"first","9":"outofstock","10":"taxable","11":"shipping-taxable","12":"purchasable","13":"product-type-simple"},"_links":{"self":[{"href":"https:\/\/r2-toys.com\/index.php\/wp-json\/wp\/v2\/product\/1991","targetHints":{"allow":["GET"]}}],"collection":[{"href":"https:\/\/r2-toys.com\/index.php\/wp-json\/wp\/v2\/product"}],"about":[{"href":"https:\/\/r2-toys.com\/index.php\/wp-json\/wp\/v2\/types\/product"}],"replies":[{"embeddable":true,"href":"https:\/\/r2-toys.com\/index.php\/wp-json\/wp\/v2\/comments?post=1991"}],"wp:featuredmedia":[{"embeddable":true,"href":"https:\/\/r2-toys.com\/index.php\/wp-json\/wp\/v2\/media\/4025"}],"wp:attachment":[{"href":"https:\/\/r2-toys.com\/index.php\/wp-json\/wp\/v2\/media?parent=1991"}],"wp:term":[{"taxonomy":"product_brand","embeddable":true,"href":"https:\/\/r2-toys.com\/index.php\/wp-json\/wp\/v2\/product_brand?post=1991"},{"taxonomy":"product_cat","embeddable":true,"href":"https:\/\/r2-toys.com\/index.php\/wp-json\/wp\/v2\/product_cat?post=1991"},{"taxonomy":"product_tag","embeddable":true,"href":"https:\/\/r2-toys.com\/index.php\/wp-json\/wp\/v2\/product_tag?post=1991"}],"curies":[{"name":"wp","href":"https:\/\/api.w.org\/{rel}","templated":true}]}}