{"id":1993,"date":"2022-03-13T00:32:27","date_gmt":"2022-03-12T18:32:27","guid":{"rendered":"https:\/\/r2-toys.com\/?post_type=product&#038;p=1993"},"modified":"2022-05-24T08:16:01","modified_gmt":"2022-05-24T02:16:01","slug":"ig-11-caido","status":"publish","type":"product","link":"https:\/\/r2-toys.com\/index.php\/product\/ig-11-caido\/","title":{"rendered":"IG-11 (CA\u00cdDO)"},"content":{"rendered":"<p>El mercenario IG-11, quien forma parte de una serie de peligrosos droides asesinos declarados ilegales en casi toda la galaxia, fue programado para seguir los protocolos del Gremio de cazarrecompensas al pie de la letra.<\/p>\n<p>Esta figura de 15 cm, fue dise\u00f1ada con lujo de detalles para verse igual al personaje de la serie The Mandalorian, y cuenta con m\u00faltiples puntos de articulaci\u00f3n.\u00a0\u00a0Incluye 2 accesorios inspirados en el personaje de IG-11.<\/p>\n<div>\n<p>Edad recomendada: 4 a\u00f1os en adelante<\/p>\n<\/div>\n<div>\n<p>\u26a0\ufe0f ADVERTENCIA: PELIGRO DE ASFIXIA &#8211; Piezas peque\u00f1as. No apto para ni\u00f1os menores de 4 a\u00f1os.<\/p>\n<\/div>\n<div>\n<p>Los productos Star Wars son producidos por Hasbro bajo licencia de Lucasfilm Ltd.<\/p>\n<\/div>\n<div>\n<p>Hasbro y todos los t\u00e9rminos relacionados son marcas de comercio de Hasbro.<\/p>\n<\/div>\n<p>Este producto tiene detalles en el empaque visible en las fotos, podr\u00eda contener alguno otro detalle no descrito visualmente o en esta misma. Por lo que aplica lo descrito en la pol\u00edtica de garant\u00eda.<\/p>\n<p>TODOS LOS PRODUCTOS CONTENIDOS EN ESTA CATEGORIA TIENEN DETALLES Y\/O DA\u00d1OS FISICOS PRINCIPALMENTE EN EL EMPAQUE ORIGINAL, PUDIENDO SER EL CASO DE ALGUNA IMPERFECCI\u00d3N EN EL ARTICULO CONTENIDO, SIENDO ESPECIFICADO EN LA DESCRIPCION PARTICULAR, POR LO CUAL EL CLIENTE ASUME\u00a0\u00a0LA RESPONSABILIDAD DE LAS CONDICIONES DESCRITAS Y GRAFICAS DE DICHO ARTICULO ASI COMO LO EXPRESO\u00a0EN LA POLITICA DE DEVOLUCION Y GARANTIA.<\/p>\n","protected":false},"excerpt":{"rendered":"<p>El mercenario IG-11, quien forma parte de una serie de peligrosos droides asesinos declarados ilegales en casi toda la galaxia, fue programado para seguir los protocolos del Gremio de cazarrecompensas al pie de la letra.<\/p>\n","protected":false},"featured_media":4407,"comment_status":"open","ping_status":"closed","template":"","meta":[],"product_brand":[],"product_cat":[23],"product_tag":[],"class_list":{"0":"post-1993","1":"product","2":"type-product","3":"status-publish","4":"has-post-thumbnail","6":"product_cat-los-caidos","8":"first","9":"instock","10":"sale","11":"taxable","12":"shipping-taxable","13":"purchasable","14":"product-type-simple"},"_links":{"self":[{"href":"https:\/\/r2-toys.com\/index.php\/wp-json\/wp\/v2\/product\/1993","targetHints":{"allow":["GET"]}}],"collection":[{"href":"https:\/\/r2-toys.com\/index.php\/wp-json\/wp\/v2\/product"}],"about":[{"href":"https:\/\/r2-toys.com\/index.php\/wp-json\/wp\/v2\/types\/product"}],"replies":[{"embeddable":true,"href":"https:\/\/r2-toys.com\/index.php\/wp-json\/wp\/v2\/comments?post=1993"}],"wp:featuredmedia":[{"embeddable":true,"href":"https:\/\/r2-toys.com\/index.php\/wp-json\/wp\/v2\/media\/4407"}],"wp:attachment":[{"href":"https:\/\/r2-toys.com\/index.php\/wp-json\/wp\/v2\/media?parent=1993"}],"wp:term":[{"taxonomy":"product_brand","embeddable":true,"href":"https:\/\/r2-toys.com\/index.php\/wp-json\/wp\/v2\/product_brand?post=1993"},{"taxonomy":"product_cat","embeddable":true,"href":"https:\/\/r2-toys.com\/index.php\/wp-json\/wp\/v2\/product_cat?post=1993"},{"taxonomy":"product_tag","embeddable":true,"href":"https:\/\/r2-toys.com\/index.php\/wp-json\/wp\/v2\/product_tag?post=1993"}],"curies":[{"name":"wp","href":"https:\/\/api.w.org\/{rel}","templated":true}]}}