{"id":1998,"date":"2022-05-18T07:44:10","date_gmt":"2022-05-18T01:44:10","guid":{"rendered":"https:\/\/r2-toys.com\/?post_type=product&#038;p=1998"},"modified":"2026-01-07T00:17:22","modified_gmt":"2026-01-06T18:17:22","slug":"wicket-caido","status":"publish","type":"product","link":"https:\/\/r2-toys.com\/index.php\/product\/wicket-caido\/","title":{"rendered":"WICKET (CA\u00cdDO)"},"content":{"rendered":"<p>Esta figura en concreto representa al peque\u00f1o ewok Wicket W. Warrick, sin duda uno de los personajes m\u00e1s entra\u00f1ables y queridos de la gal\u00e1ctica saga, que aqu\u00ed aparece perfectamente caracterizado tal y como lo recordamos en el Episodio VI: &#8220;el retorno del Jedi&#8221;.<\/p>\n<p>Se trata de una figura premium de aproximadamente 9,5 cm. de altura y con un cuidado acabado, lo que le confiere un aspecto muy real.<\/p>\n<p>Esta genial figura dispone adem\u00e1s de varios puntos de articulaci\u00f3n, lo que la hace perfecta para su exposici\u00f3n en la colecci\u00f3n de cualquier buen fan de Star Wars que se precie, as\u00ed como para la recreaci\u00f3n de escenas de esta gal\u00e1ctica saga. Viene presentada en embalaje con dise\u00f1o vintage bajo el sello de Kenner, la emblem\u00e1tica marca mundialmente conocida por su l\u00ednea de productos de Star Wars.<\/p>\n<div>\n<p>Edad recomendada: 4 a\u00f1os en adelante<\/p>\n<\/div>\n<div>\n<p>\u26a0\ufe0f ADVERTENCIA: PELIGRO DE ASFIXIA &#8211; Piezas peque\u00f1as. No apto para ni\u00f1os menores de 4 a\u00f1os.<\/p>\n<\/div>\n<div>\n<p>Los productos Star Wars son producidos por Hasbro bajo licencia de Lucasfilm Ltd.<\/p>\n<\/div>\n<div>\n<p>Hasbro y todos los t\u00e9rminos relacionados son marcas de comercio de Hasbro.<\/p>\n<\/div>\n<p>Esta 3 productos tiene detalles en la \u00a0empaque visible en las fotos:<\/p>\n<p>A)Blister Roto un punto<\/p>\n<p>B) Blister Roto, ligeramente despegado del cart\u00f3n, Dobles muy marcado de orilla.<\/p>\n<p>C)Blister Roto en dos puntos<\/p>\n<p>Adem\u00e1s podr\u00edan contener alguno otro detalle no descrito visualmente o en esta misma. Por lo que aplica lo descrito en la pol\u00edtica de garant\u00eda.<\/p>\n<p>TODOS LOS PRODUCTOS CONTENIDOS EN ESTA CATEGORIA TIENEN DETALLES Y\/O DA\u00d1OS FISICOS PRINCIPALMENTE EN EL EMPAQUE ORIGINAL, PUDIENDO SER EL CASO DE ALGUNA IMPERFECCI\u00d3N EN EL ARTICULO CONTENIDO, SIENDO ESPECIFICADO EN LA DESCRIPCION PARTICULAR, POR LO CUAL EL CLIENTE ASUME\u00a0\u00a0LA RESPONSABILIDAD DE LAS CONDICIONES DESCRITAS Y GRAFICAS DE DICHO ARTICULO ASI COMO LO EXPRESO\u00a0EN LA POLITICA DE DEVOLUCION Y GARANTIA.<\/p>\n","protected":false},"excerpt":{"rendered":"<p>Esta figura en concreto representa al peque\u00f1o ewok Wicket W. Warrick, sin duda uno de los personajes m\u00e1s entra\u00f1ables y queridos de la gal\u00e1ctica saga, que aqu\u00ed aparece perfectamente caracterizado tal y como lo recordamos en el Episodio VI: &#8220;El retorno del Jedi&#8221;.<\/p>\n","protected":false},"featured_media":4396,"comment_status":"open","ping_status":"closed","template":"","meta":[],"product_brand":[],"product_cat":[23],"product_tag":[],"class_list":{"0":"post-1998","1":"product","2":"type-product","3":"status-publish","4":"has-post-thumbnail","6":"product_cat-los-caidos","8":"first","9":"outofstock","10":"sale","11":"taxable","12":"shipping-taxable","13":"purchasable","14":"product-type-simple"},"_links":{"self":[{"href":"https:\/\/r2-toys.com\/index.php\/wp-json\/wp\/v2\/product\/1998","targetHints":{"allow":["GET"]}}],"collection":[{"href":"https:\/\/r2-toys.com\/index.php\/wp-json\/wp\/v2\/product"}],"about":[{"href":"https:\/\/r2-toys.com\/index.php\/wp-json\/wp\/v2\/types\/product"}],"replies":[{"embeddable":true,"href":"https:\/\/r2-toys.com\/index.php\/wp-json\/wp\/v2\/comments?post=1998"}],"wp:featuredmedia":[{"embeddable":true,"href":"https:\/\/r2-toys.com\/index.php\/wp-json\/wp\/v2\/media\/4396"}],"wp:attachment":[{"href":"https:\/\/r2-toys.com\/index.php\/wp-json\/wp\/v2\/media?parent=1998"}],"wp:term":[{"taxonomy":"product_brand","embeddable":true,"href":"https:\/\/r2-toys.com\/index.php\/wp-json\/wp\/v2\/product_brand?post=1998"},{"taxonomy":"product_cat","embeddable":true,"href":"https:\/\/r2-toys.com\/index.php\/wp-json\/wp\/v2\/product_cat?post=1998"},{"taxonomy":"product_tag","embeddable":true,"href":"https:\/\/r2-toys.com\/index.php\/wp-json\/wp\/v2\/product_tag?post=1998"}],"curies":[{"name":"wp","href":"https:\/\/api.w.org\/{rel}","templated":true}]}}