{"id":1999,"date":"2022-05-24T08:26:10","date_gmt":"2022-05-24T02:26:10","guid":{"rendered":"https:\/\/r2-toys.com\/?post_type=product&#038;p=1999"},"modified":"2026-03-12T21:03:04","modified_gmt":"2026-03-12T15:03:04","slug":"gamorrean-figther-406-caido","status":"publish","type":"product","link":"https:\/\/r2-toys.com\/index.php\/product\/gamorrean-figther-406-caido\/","title":{"rendered":"GAMORREAN FIGTHER (406) (CA\u00cdDO)"},"content":{"rendered":"<p>Corpulentos e intimidantes, que prefer\u00edan las hachas y otras armas primitivas, los gamorreanos a menudo eran utilizados como guardias por los hutts y otros capos del inframundo. Jabba the Hutt emple\u00f3 a una pandilla de musculosos gamorreanos para proteger su palacio en Tatooine.<\/p>\n<div>\n<p>Desde 1977 la saga de Star Wars ha sido un movimiento revolucionario de la cultura pop generaci\u00f3n tras generaci\u00f3n, reclutando fans y seguidores, creando para ellos diversas producciones del amplio universo. Gracias a FunkoPop podemos tener incre\u00edbles figuras de tus personajes favoritos con incre\u00edbles dise\u00f1os.<\/p>\n<\/div>\n<div>\n<p>Esta figura de vinilo mide aproximadamente 11 cent\u00edmetros.<\/p>\n<\/div>\n<div>\n<p>Edad recomendada: 4 a\u00f1os en adelante<\/p>\n<\/div>\n<div>\n<p>\u26a0\ufe0f ADVERTENCIA: PELIGRO DE ASFIXIA &#8211; Piezas peque\u00f1as. No apto para ni\u00f1os menores de 4 a\u00f1os.<\/p>\n<\/div>\n<div>\n<p>Los productos Star Wars son producidos por FUNKO bajo licencia de Lucasfilm Ltd. y Disney<\/p>\n<\/div>\n<div>\n<p>FUNKO y todos los t\u00e9rminos relacionados son marcas registradas Funko.<\/p>\n<\/div>\n<p>Este producto tiene detalles en la caja de empaque visible en las fotos (esquina superior izquierda), podr\u00eda contener alguno otro detalle no descrito visualmente o en esta misma. Por lo que aplica lo descrito en la pol\u00edtica de garant\u00eda.<\/p>\n<p>TODOS LOS PRODUCTOS CONTENIDOS EN ESTA CATEGORIA TIENEN DETALLES Y\/O DA\u00d1OS FISICOS PRINCIPALMENTE EN EL EMPAQUE ORIGINAL, PUDIENDO SER EL CASO DE ALGUNA IMPERFECCI\u00d3N EN EL ARTICULO CONTENIDO, SIENDO ESPECIFICADO EN LA DESCRIPCION PARTICULAR, POR LO CUAL EL CLIENTE ASUME\u00a0\u00a0LA RESPONSABILIDAD DE LAS CONDICIONES DESCRITAS Y GRAFICAS DE DICHO ARTICULO ASI COMO LO EXPRESO\u00a0EN LA POLITICA DE DEVOLUCION Y GARANTIA.<\/p>\n","protected":false},"excerpt":{"rendered":"<p>Corpulentos e intimidantes, que prefer\u00edan las hachas y otras armas primitivas, los gamorreanos a menudo eran utilizados como guardias por los hutts y otros capos del inframundo. Jabba the Hutt emple\u00f3 a una pandilla de musculosos gamorreanos para proteger su palacio en Tatooine.<\/p>\n","protected":false},"featured_media":4366,"comment_status":"open","ping_status":"closed","template":"","meta":[],"product_brand":[],"product_cat":[23],"product_tag":[],"class_list":{"0":"post-1999","1":"product","2":"type-product","3":"status-publish","4":"has-post-thumbnail","6":"product_cat-los-caidos","8":"first","9":"instock","10":"sale","11":"taxable","12":"shipping-taxable","13":"purchasable","14":"product-type-simple"},"_links":{"self":[{"href":"https:\/\/r2-toys.com\/index.php\/wp-json\/wp\/v2\/product\/1999","targetHints":{"allow":["GET"]}}],"collection":[{"href":"https:\/\/r2-toys.com\/index.php\/wp-json\/wp\/v2\/product"}],"about":[{"href":"https:\/\/r2-toys.com\/index.php\/wp-json\/wp\/v2\/types\/product"}],"replies":[{"embeddable":true,"href":"https:\/\/r2-toys.com\/index.php\/wp-json\/wp\/v2\/comments?post=1999"}],"wp:featuredmedia":[{"embeddable":true,"href":"https:\/\/r2-toys.com\/index.php\/wp-json\/wp\/v2\/media\/4366"}],"wp:attachment":[{"href":"https:\/\/r2-toys.com\/index.php\/wp-json\/wp\/v2\/media?parent=1999"}],"wp:term":[{"taxonomy":"product_brand","embeddable":true,"href":"https:\/\/r2-toys.com\/index.php\/wp-json\/wp\/v2\/product_brand?post=1999"},{"taxonomy":"product_cat","embeddable":true,"href":"https:\/\/r2-toys.com\/index.php\/wp-json\/wp\/v2\/product_cat?post=1999"},{"taxonomy":"product_tag","embeddable":true,"href":"https:\/\/r2-toys.com\/index.php\/wp-json\/wp\/v2\/product_tag?post=1999"}],"curies":[{"name":"wp","href":"https:\/\/api.w.org\/{rel}","templated":true}]}}