{"id":2017,"date":"2022-03-31T22:02:56","date_gmt":"2022-03-31T16:02:56","guid":{"rendered":"https:\/\/r2-toys.com\/?post_type=product&#038;p=2017"},"modified":"2022-07-23T22:11:48","modified_gmt":"2022-07-23T16:11:48","slug":"ben-solo-431","status":"publish","type":"product","link":"https:\/\/r2-toys.com\/index.php\/product\/ben-solo-431\/","title":{"rendered":"BEN SOLO (431)"},"content":{"rendered":"<p>Ben Solo fue un hombre humano sensible a la Fuerza que, despu\u00e9s de caer al lado oscuro de la Fuerza, eventualmente renunci\u00f3 a su alter ego Kylo Ren y fue redimido. Siendo maestro de los Caballeros de Ren, conquist\u00f3 gran parte de la galaxia durante su reinado como L\u00edder Supremo de la Primera Orden.<span class=\"Apple-converted-space\">\u00a0<\/span><\/p>\n<div>\n<p>Desde 1977 la saga de Star Wars ha sido un movimiento revolucionario de la cultura pop generaci\u00f3n tras generaci\u00f3n, reclutando fans y seguidores, creando para ellos diversas producciones del amplio universo. Gracias a FunkoPop podemos tener incre\u00edbles figuras de tus personajes favoritos con incre\u00edbles dise\u00f1os.<\/p>\n<\/div>\n<div>\n<p>Esta figura de vinilo mide aproximadamente 11 cent\u00edmetros.<\/p>\n<\/div>\n<div>\n<p>Edad recomendada: 4 a\u00f1os en adelante<\/p>\n<\/div>\n<div>\n<p>\u26a0\ufe0f ADVERTENCIA: PELIGRO DE ASFIXIA &#8211; Piezas peque\u00f1as. No apto para ni\u00f1os menores de 4 a\u00f1os.<\/p>\n<\/div>\n<div>\n<p>Los productos Star Wars son producidos por FUNKO bajo licencia de Lucasfilm Ltd. y Disney<\/p>\n<\/div>\n<div>\n<p>FUNKO y todos los t\u00e9rminos relacionados son marcas registradas Funko.<\/p>\n<\/div>\n","protected":false},"excerpt":{"rendered":"<p>Ben Solo fue un hombre humano sensible a la Fuerza que, despu\u00e9s de caer al lado oscuro de la Fuerza, eventualmente renunci\u00f3 a su alter ego Kylo Ren y fue redimido. Siendo maestro de los Caballeros de Ren, conquist\u00f3 gran parte de la galaxia durante su reinado como L\u00edder Supremo de la Primera Orden.<\/p>\n","protected":false},"featured_media":3808,"comment_status":"open","ping_status":"closed","template":"","meta":[],"product_brand":[],"product_cat":[20],"product_tag":[],"class_list":{"0":"post-2017","1":"product","2":"type-product","3":"status-publish","4":"has-post-thumbnail","6":"product_cat-funko1","8":"first","9":"instock","10":"taxable","11":"shipping-taxable","12":"purchasable","13":"product-type-simple"},"_links":{"self":[{"href":"https:\/\/r2-toys.com\/index.php\/wp-json\/wp\/v2\/product\/2017","targetHints":{"allow":["GET"]}}],"collection":[{"href":"https:\/\/r2-toys.com\/index.php\/wp-json\/wp\/v2\/product"}],"about":[{"href":"https:\/\/r2-toys.com\/index.php\/wp-json\/wp\/v2\/types\/product"}],"replies":[{"embeddable":true,"href":"https:\/\/r2-toys.com\/index.php\/wp-json\/wp\/v2\/comments?post=2017"}],"wp:featuredmedia":[{"embeddable":true,"href":"https:\/\/r2-toys.com\/index.php\/wp-json\/wp\/v2\/media\/3808"}],"wp:attachment":[{"href":"https:\/\/r2-toys.com\/index.php\/wp-json\/wp\/v2\/media?parent=2017"}],"wp:term":[{"taxonomy":"product_brand","embeddable":true,"href":"https:\/\/r2-toys.com\/index.php\/wp-json\/wp\/v2\/product_brand?post=2017"},{"taxonomy":"product_cat","embeddable":true,"href":"https:\/\/r2-toys.com\/index.php\/wp-json\/wp\/v2\/product_cat?post=2017"},{"taxonomy":"product_tag","embeddable":true,"href":"https:\/\/r2-toys.com\/index.php\/wp-json\/wp\/v2\/product_tag?post=2017"}],"curies":[{"name":"wp","href":"https:\/\/api.w.org\/{rel}","templated":true}]}}