{"id":2025,"date":"2022-03-31T01:30:38","date_gmt":"2022-03-30T19:30:38","guid":{"rendered":"https:\/\/r2-toys.com\/?post_type=product&#038;p=2025"},"modified":"2022-06-10T20:50:46","modified_gmt":"2022-06-10T14:50:46","slug":"capitain-america-497-80th-anniversary","status":"publish","type":"product","link":"https:\/\/r2-toys.com\/index.php\/product\/capitain-america-497-80th-anniversary\/","title":{"rendered":"Capitain America (497) 80th Anniversary"},"content":{"rendered":"<p>&#8220;Steve&#8221; Grant Rogers, es un\u00a0superh\u00e9roe\u00a0que apareci\u00f3 en marzo de 1941 en los c\u00f3mics y a lo largo de la historia ha aparecido en pel\u00edculas y series.<\/p>\n<p>Mejor conocido como Capit\u00e1n Am\u00e9rica.<\/p>\n<p>Esta figura exclusiva conmemora el 80 aniversario de Marvel c\u00f3mics.<\/p>\n<div>\n<p>Esta figura de vinilo mide aproximadamente 11 cent\u00edmetros.<\/p>\n<\/div>\n<div>\n<p>Edad recomendada: 4 a\u00f1os en adelante<\/p>\n<\/div>\n<div>\n<p>\u26a0\ufe0f ADVERTENCIA: PELIGRO DE ASFIXIA &#8211; Piezas peque\u00f1as. No apto para ni\u00f1os menores de 4 a\u00f1os.<\/p>\n<\/div>\n<div>\n<div dir=\"ltr\">FUNKO, Marvel y todos los t\u00e9rminos relacionados son marcas registradas Funko y Marvel.<\/div>\n<\/div>\n","protected":false},"excerpt":{"rendered":"<p>&#8220;Steve&#8221; Grant Rogers, es un\u00a0superh\u00e9roe\u00a0que apareci\u00f3 en marzo de 1941 en los c\u00f3mics y a lo largo de la historia ha aparecido en pel\u00edculas y series.<\/p>\n","protected":false},"featured_media":3200,"comment_status":"open","ping_status":"closed","template":"","meta":[],"product_brand":[],"product_cat":[20,21],"product_tag":[],"class_list":{"0":"post-2025","1":"product","2":"type-product","3":"status-publish","4":"has-post-thumbnail","6":"product_cat-funko1","7":"product_cat-retro","9":"first","10":"instock","11":"taxable","12":"shipping-taxable","13":"purchasable","14":"product-type-simple"},"_links":{"self":[{"href":"https:\/\/r2-toys.com\/index.php\/wp-json\/wp\/v2\/product\/2025","targetHints":{"allow":["GET"]}}],"collection":[{"href":"https:\/\/r2-toys.com\/index.php\/wp-json\/wp\/v2\/product"}],"about":[{"href":"https:\/\/r2-toys.com\/index.php\/wp-json\/wp\/v2\/types\/product"}],"replies":[{"embeddable":true,"href":"https:\/\/r2-toys.com\/index.php\/wp-json\/wp\/v2\/comments?post=2025"}],"wp:featuredmedia":[{"embeddable":true,"href":"https:\/\/r2-toys.com\/index.php\/wp-json\/wp\/v2\/media\/3200"}],"wp:attachment":[{"href":"https:\/\/r2-toys.com\/index.php\/wp-json\/wp\/v2\/media?parent=2025"}],"wp:term":[{"taxonomy":"product_brand","embeddable":true,"href":"https:\/\/r2-toys.com\/index.php\/wp-json\/wp\/v2\/product_brand?post=2025"},{"taxonomy":"product_cat","embeddable":true,"href":"https:\/\/r2-toys.com\/index.php\/wp-json\/wp\/v2\/product_cat?post=2025"},{"taxonomy":"product_tag","embeddable":true,"href":"https:\/\/r2-toys.com\/index.php\/wp-json\/wp\/v2\/product_tag?post=2025"}],"curies":[{"name":"wp","href":"https:\/\/api.w.org\/{rel}","templated":true}]}}