{"id":2040,"date":"2022-03-31T03:42:19","date_gmt":"2022-03-30T21:42:19","guid":{"rendered":"https:\/\/r2-toys.com\/?post_type=product&#038;p=2040"},"modified":"2022-06-10T20:49:06","modified_gmt":"2022-06-10T14:49:06","slug":"llavero-gizmo-lentes-3d","status":"publish","type":"product","link":"https:\/\/r2-toys.com\/index.php\/product\/llavero-gizmo-lentes-3d\/","title":{"rendered":"LLAVERO GIZMO LENTES 3D"},"content":{"rendered":"<p>Gremlins es un cl\u00e1sico del cine de 1984, basada\u00a0\u00a0en leyendas de criaturas folcl\u00f3ricas traviesas que causan fallas (&#8220;gremlins&#8221;) en la Royal Air Force brit\u00e1nica que se remonta a la Segunda Guerra Mundial. Gracias a FunkoPop podemos tener incre\u00edbles figuras de tus personajes favoritos con incre\u00edbles dise\u00f1os.<\/p>\n<div>\n<p>Esta figura de vinilo mide aproximadamente 5 cent\u00edmetros.<\/p>\n<\/div>\n<div>\n<p>Edad recomendada: 4 a\u00f1os en adelante<\/p>\n<\/div>\n<div>\n<p>\u26a0\ufe0f ADVERTENCIA: PELIGRO DE ASFIXIA &#8211; Piezas peque\u00f1as. No apto para ni\u00f1os menores de 4 a\u00f1os.<\/p>\n<\/div>\n<p>FUNKO y todos los t\u00e9rminos relacionados son marcas registradas Funko.<\/p>\n","protected":false},"excerpt":{"rendered":"<p>Gremlins es un cl\u00e1sico del cine de 1984, basada\u00a0\u00a0en leyendas de criaturas folcl\u00f3ricas traviesas que causan fallas (&#8220;gremlins&#8221;) en la Royal Air Force brit\u00e1nica que se remonta a la Segunda Guerra Mundial. Gracias a FunkoPop podemos tener incre\u00edbles figuras de tus personajes favoritos con incre\u00edbles dise\u00f1os.<\/p>\n","protected":false},"featured_media":3227,"comment_status":"open","ping_status":"closed","template":"","meta":[],"product_brand":[],"product_cat":[20,21],"product_tag":[],"class_list":{"0":"post-2040","1":"product","2":"type-product","3":"status-publish","4":"has-post-thumbnail","6":"product_cat-funko1","7":"product_cat-retro","9":"first","10":"instock","11":"taxable","12":"shipping-taxable","13":"purchasable","14":"product-type-simple"},"_links":{"self":[{"href":"https:\/\/r2-toys.com\/index.php\/wp-json\/wp\/v2\/product\/2040","targetHints":{"allow":["GET"]}}],"collection":[{"href":"https:\/\/r2-toys.com\/index.php\/wp-json\/wp\/v2\/product"}],"about":[{"href":"https:\/\/r2-toys.com\/index.php\/wp-json\/wp\/v2\/types\/product"}],"replies":[{"embeddable":true,"href":"https:\/\/r2-toys.com\/index.php\/wp-json\/wp\/v2\/comments?post=2040"}],"wp:featuredmedia":[{"embeddable":true,"href":"https:\/\/r2-toys.com\/index.php\/wp-json\/wp\/v2\/media\/3227"}],"wp:attachment":[{"href":"https:\/\/r2-toys.com\/index.php\/wp-json\/wp\/v2\/media?parent=2040"}],"wp:term":[{"taxonomy":"product_brand","embeddable":true,"href":"https:\/\/r2-toys.com\/index.php\/wp-json\/wp\/v2\/product_brand?post=2040"},{"taxonomy":"product_cat","embeddable":true,"href":"https:\/\/r2-toys.com\/index.php\/wp-json\/wp\/v2\/product_cat?post=2040"},{"taxonomy":"product_tag","embeddable":true,"href":"https:\/\/r2-toys.com\/index.php\/wp-json\/wp\/v2\/product_tag?post=2040"}],"curies":[{"name":"wp","href":"https:\/\/api.w.org\/{rel}","templated":true}]}}