{"id":2060,"date":"2022-03-31T23:05:35","date_gmt":"2022-03-31T17:05:35","guid":{"rendered":"https:\/\/r2-toys.com\/?post_type=product&#038;p=2060"},"modified":"2022-06-13T06:37:40","modified_gmt":"2022-06-13T00:37:40","slug":"night-brother-457-gaming-greats-exclusivo","status":"publish","type":"product","link":"https:\/\/r2-toys.com\/index.php\/product\/night-brother-457-gaming-greats-exclusivo\/","title":{"rendered":"Night Brother (457) Gaming Greats Exclusivo"},"content":{"rendered":"<p>Durante siglos, una simple sociedad de guerreros zabrak conocidos como los Hermanos de la Noche vivieron en Dathomir, donde fueron gobernados por sus contrapartes, las Hermanas de la Noche, brujas que gobernaron el planeta antes de ser diezmadas durante las Guerras Clon.<\/p>\n<div>\n<p>Desde 1977 la saga de Star Wars ha sido un movimiento revolucionario de la cultura pop generaci\u00f3n tras generaci\u00f3n, reclutando fans y seguidores, creando para ellos diversas producciones del amplio universo. Gracias a FunkoPop podemos tener incre\u00edbles figuras de tus personajes favoritos con incre\u00edbles dise\u00f1os.<\/p>\n<\/div>\n<div>\n<p>Esta figura de vinilo mide aproximadamente 11 cent\u00edmetros.<\/p>\n<\/div>\n<div>\n<p>Edad recomendada: 4 a\u00f1os en adelante<\/p>\n<\/div>\n<div>\n<p>\u26a0\ufe0f ADVERTENCIA: PELIGRO DE ASFIXIA &#8211; Piezas peque\u00f1as. No apto para ni\u00f1os menores de 4 a\u00f1os.<\/p>\n<\/div>\n<div>\n<p>Los productos Star Wars son producidos por FUNKO bajo licencia de Lucasfilm Ltd. y Disney.<\/p>\n<div dir=\"ltr\">FUNKO, Gamestop y todos los t\u00e9rminos relacionados son marcas registradas Funko y Gamestop.<\/div>\n<\/div>\n","protected":false},"excerpt":{"rendered":"<p>Durante siglos, una simple sociedad de guerreros zabrak conocidos como los Hermanos de la Noche vivieron en Dathomir, donde fueron gobernados por sus contrapartes, las Hermanas de la Noche, brujas que gobernaron el planeta antes de ser diezmadas durante las Guerras Clon.<\/p>\n","protected":false},"featured_media":3941,"comment_status":"open","ping_status":"closed","template":"","meta":[],"product_brand":[],"product_cat":[20],"product_tag":[],"class_list":{"0":"post-2060","1":"product","2":"type-product","3":"status-publish","4":"has-post-thumbnail","6":"product_cat-funko1","8":"first","9":"instock","10":"taxable","11":"shipping-taxable","12":"purchasable","13":"product-type-simple"},"_links":{"self":[{"href":"https:\/\/r2-toys.com\/index.php\/wp-json\/wp\/v2\/product\/2060","targetHints":{"allow":["GET"]}}],"collection":[{"href":"https:\/\/r2-toys.com\/index.php\/wp-json\/wp\/v2\/product"}],"about":[{"href":"https:\/\/r2-toys.com\/index.php\/wp-json\/wp\/v2\/types\/product"}],"replies":[{"embeddable":true,"href":"https:\/\/r2-toys.com\/index.php\/wp-json\/wp\/v2\/comments?post=2060"}],"wp:featuredmedia":[{"embeddable":true,"href":"https:\/\/r2-toys.com\/index.php\/wp-json\/wp\/v2\/media\/3941"}],"wp:attachment":[{"href":"https:\/\/r2-toys.com\/index.php\/wp-json\/wp\/v2\/media?parent=2060"}],"wp:term":[{"taxonomy":"product_brand","embeddable":true,"href":"https:\/\/r2-toys.com\/index.php\/wp-json\/wp\/v2\/product_brand?post=2060"},{"taxonomy":"product_cat","embeddable":true,"href":"https:\/\/r2-toys.com\/index.php\/wp-json\/wp\/v2\/product_cat?post=2060"},{"taxonomy":"product_tag","embeddable":true,"href":"https:\/\/r2-toys.com\/index.php\/wp-json\/wp\/v2\/product_tag?post=2060"}],"curies":[{"name":"wp","href":"https:\/\/api.w.org\/{rel}","templated":true}]}}