{"id":2063,"date":"2022-03-31T23:07:23","date_gmt":"2022-03-31T17:07:23","guid":{"rendered":"https:\/\/r2-toys.com\/?post_type=product&#038;p=2063"},"modified":"2026-04-23T03:44:38","modified_gmt":"2026-04-22T21:44:38","slug":"omega-448-exclusivo","status":"publish","type":"product","link":"https:\/\/r2-toys.com\/index.php\/product\/omega-448-exclusivo\/","title":{"rendered":"Omega (448) Exclusivo"},"content":{"rendered":"<p>Como asistente m\u00e9dica de Nala Se, la joven conocida como Omega tiene una mente curiosa y una afinidad por los soldados clon de \u00e9lite conocidos como Clone Force 99, pero muchos subestiman su inteligencia. Despu\u00e9s de pasar su vida trabajando en Tipoca City en Kamino, producto de la experimentaci\u00f3n de clonaci\u00f3n de los kaminoanos, Omega se embarca en una nueva aventura con Bad Batch tras el amanecer del Imperio.<\/p>\n<div>\n<p>Desde 1977 la saga de Star Wars ha sido un movimiento revolucionario de la cultura pop generaci\u00f3n tras generaci\u00f3n, reclutando fans y seguidores, creando para ellos diversas producciones del amplio universo. Gracias a FunkoPop podemos tener incre\u00edbles figuras de tus personajes favoritos con incre\u00edbles dise\u00f1os.<\/p>\n<\/div>\n<div>\n<p>Esta figura de vinilo mide aproximadamente 11 cent\u00edmetros.<\/p>\n<\/div>\n<div>\n<p>Edad recomendada: 4 a\u00f1os en adelante<\/p>\n<\/div>\n<div>\n<p>\u26a0\ufe0f ADVERTENCIA: PELIGRO DE ASFIXIA &#8211; Piezas peque\u00f1as. No apto para ni\u00f1os menores de 4 a\u00f1os.<\/p>\n<\/div>\n<div>\n<p>Los productos Star Wars son producidos por FUNKO bajo licencia de Lucasfilm Ltd. y Disney.<\/p>\n<\/div>\n<div dir=\"ltr\">FUNKO, Target y todos los t\u00e9rminos relacionados son marcas registradas Funko y Target.<\/div>\n","protected":false},"excerpt":{"rendered":"<p>Como asistente m\u00e9dica de Nala Se, la joven conocida como Omega tiene una mente curiosa y una afinidad por los soldados clon de \u00e9lite conocidos como Clone Force 99, pero muchos subestiman su inteligencia. Despu\u00e9s de pasar su vida trabajando en Tipoca City en Kamino, producto de la experimentaci\u00f3n de clonaci\u00f3n de los kaminoanos, Omega se embarca en una nueva aventura con Bad Batch tras el amanecer del Imperio.<\/p>\n","protected":false},"featured_media":3954,"comment_status":"open","ping_status":"closed","template":"","meta":[],"product_brand":[],"product_cat":[20],"product_tag":[],"class_list":{"0":"post-2063","1":"product","2":"type-product","3":"status-publish","4":"has-post-thumbnail","6":"product_cat-funko1","8":"first","9":"outofstock","10":"taxable","11":"shipping-taxable","12":"purchasable","13":"product-type-simple"},"_links":{"self":[{"href":"https:\/\/r2-toys.com\/index.php\/wp-json\/wp\/v2\/product\/2063","targetHints":{"allow":["GET"]}}],"collection":[{"href":"https:\/\/r2-toys.com\/index.php\/wp-json\/wp\/v2\/product"}],"about":[{"href":"https:\/\/r2-toys.com\/index.php\/wp-json\/wp\/v2\/types\/product"}],"replies":[{"embeddable":true,"href":"https:\/\/r2-toys.com\/index.php\/wp-json\/wp\/v2\/comments?post=2063"}],"wp:featuredmedia":[{"embeddable":true,"href":"https:\/\/r2-toys.com\/index.php\/wp-json\/wp\/v2\/media\/3954"}],"wp:attachment":[{"href":"https:\/\/r2-toys.com\/index.php\/wp-json\/wp\/v2\/media?parent=2063"}],"wp:term":[{"taxonomy":"product_brand","embeddable":true,"href":"https:\/\/r2-toys.com\/index.php\/wp-json\/wp\/v2\/product_brand?post=2063"},{"taxonomy":"product_cat","embeddable":true,"href":"https:\/\/r2-toys.com\/index.php\/wp-json\/wp\/v2\/product_cat?post=2063"},{"taxonomy":"product_tag","embeddable":true,"href":"https:\/\/r2-toys.com\/index.php\/wp-json\/wp\/v2\/product_tag?post=2063"}],"curies":[{"name":"wp","href":"https:\/\/api.w.org\/{rel}","templated":true}]}}