{"id":2066,"date":"2022-03-31T03:44:45","date_gmt":"2022-03-30T21:44:45","guid":{"rendered":"https:\/\/r2-toys.com\/?post_type=product&#038;p=2066"},"modified":"2024-07-19T08:04:59","modified_gmt":"2024-07-19T02:04:59","slug":"princesa-ariel-831-spring-con-2021","status":"publish","type":"product","link":"https:\/\/r2-toys.com\/index.php\/product\/princesa-ariel-831-spring-con-2021\/","title":{"rendered":"PRINCESA ARIEL (831) Spring Con 2021"},"content":{"rendered":"<p>Es compa\u00f1era de Thundarr el B\u00e1rbaro. No se revel\u00f3 mucho sobre la historia de Ariel antes de conocer a Thundarr, excepto que era la hijastra de un malvado mago llamado Sabian y que aprendi\u00f3 conocimientos de la magia y la historia de la Tierra en su biblioteca. Esta figura es exclusiva de la Spring Convention 2021.<\/p>\n<div>\n<p>Gracias a FunkoPop podemos tener incre\u00edbles figuras de tus personajes favoritos con incre\u00edbles dise\u00f1os.<\/p>\n<\/div>\n<div>\n<p>Esta figura de vinilo mide aproximadamente 11 cent\u00edmetros.<\/p>\n<\/div>\n<div>\n<p>Edad recomendada: 4 a\u00f1os en adelante<\/p>\n<\/div>\n<div>\n<p>\u26a0\ufe0f ADVERTENCIA: PELIGRO DE ASFIXIA &#8211; Piezas peque\u00f1as. No apto para ni\u00f1os menores de 4 a\u00f1os.<\/p>\n<\/div>\n<p>FUNKO y todos los t\u00e9rminos relacionados son marcas registradas Funko.<\/p>\n","protected":false},"excerpt":{"rendered":"<p>Es compa\u00f1era de Thundarr el B\u00e1rbaro. No se revel\u00f3 mucho sobre la historia de Ariel antes de conocer a Thundarr, excepto que era la hijastra de un malvado mago llamado Sabian y que aprendi\u00f3 conocimientos de la magia y la historia de la Tierra en su biblioteca. Esta figura es exclusiva de la Spring Convention 2021.<\/p>\n","protected":false},"featured_media":3239,"comment_status":"open","ping_status":"closed","template":"","meta":[],"product_brand":[],"product_cat":[20,21],"product_tag":[],"class_list":{"0":"post-2066","1":"product","2":"type-product","3":"status-publish","4":"has-post-thumbnail","6":"product_cat-funko1","7":"product_cat-retro","9":"first","10":"instock","11":"taxable","12":"shipping-taxable","13":"purchasable","14":"product-type-simple"},"_links":{"self":[{"href":"https:\/\/r2-toys.com\/index.php\/wp-json\/wp\/v2\/product\/2066","targetHints":{"allow":["GET"]}}],"collection":[{"href":"https:\/\/r2-toys.com\/index.php\/wp-json\/wp\/v2\/product"}],"about":[{"href":"https:\/\/r2-toys.com\/index.php\/wp-json\/wp\/v2\/types\/product"}],"replies":[{"embeddable":true,"href":"https:\/\/r2-toys.com\/index.php\/wp-json\/wp\/v2\/comments?post=2066"}],"wp:featuredmedia":[{"embeddable":true,"href":"https:\/\/r2-toys.com\/index.php\/wp-json\/wp\/v2\/media\/3239"}],"wp:attachment":[{"href":"https:\/\/r2-toys.com\/index.php\/wp-json\/wp\/v2\/media?parent=2066"}],"wp:term":[{"taxonomy":"product_brand","embeddable":true,"href":"https:\/\/r2-toys.com\/index.php\/wp-json\/wp\/v2\/product_brand?post=2066"},{"taxonomy":"product_cat","embeddable":true,"href":"https:\/\/r2-toys.com\/index.php\/wp-json\/wp\/v2\/product_cat?post=2066"},{"taxonomy":"product_tag","embeddable":true,"href":"https:\/\/r2-toys.com\/index.php\/wp-json\/wp\/v2\/product_tag?post=2066"}],"curies":[{"name":"wp","href":"https:\/\/api.w.org\/{rel}","templated":true}]}}