{"id":2074,"date":"2022-03-31T03:46:48","date_gmt":"2022-03-30T21:46:48","guid":{"rendered":"https:\/\/r2-toys.com\/?post_type=product&#038;p=2074"},"modified":"2022-06-10T20:48:08","modified_gmt":"2022-06-10T14:48:08","slug":"scarlett-witch-823","status":"publish","type":"product","link":"https:\/\/r2-toys.com\/index.php\/product\/scarlett-witch-823\/","title":{"rendered":"Scarlett Witch (823)"},"content":{"rendered":"<p>En sus inicios, fue presentada como una supervillana junto con su hermano gemelo Quicksilver, ambos miembros fundadores de la Hermandad de Mutantes. El personaje, presentado en sus inicios como una mutante, posee habilidades para alterar la realidad de formas no especificadas y es, adem\u00e1s, una poderosa hechicera. M\u00e1s tarde, se convertir\u00eda en miembro regular de Los Vengadores.<\/p>\n<div>\n<p>Desde 1977 la saga de Star Wars ha sido un movimiento revolucionario de la cultura pop generaci\u00f3n tras generaci\u00f3n, reclutando fans y seguidores, creando para ellos diversas producciones del amplio universo. Gracias a FunkoPop podemos tener incre\u00edbles figuras de tus personajes favoritos con incre\u00edbles dise\u00f1os.<\/p>\n<\/div>\n<div>\n<p>Esta figura de vinilo mide aproximadamente 11 cent\u00edmetros.<\/p>\n<\/div>\n<div>\n<p>Edad recomendada: 4 a\u00f1os en adelante<\/p>\n<\/div>\n<div>\n<p>\u26a0\ufe0f ADVERTENCIA: PELIGRO DE ASFIXIA &#8211; Piezas peque\u00f1as. No apto para ni\u00f1os menores de 4 a\u00f1os.<\/p>\n<\/div>\n<p>FUNKO, MARVEL \u00a0y todos los t\u00e9rminos relacionados son marcas registradas Funko y Marvel.<\/p>\n","protected":false},"excerpt":{"rendered":"<p>En sus inicios, fue presentada como una supervillana junto con su hermano gemelo Quicksilver, ambos miembros fundadores de la Hermandad de Mutantes. El personaje, presentado en sus inicios como una mutante, posee habilidades para alterar la realidad de formas no especificadas y es, adem\u00e1s, una poderosa hechicera. M\u00e1s tarde, se convertir\u00eda en miembro regular de Los Vengadores.<\/p>\n","protected":false},"featured_media":3244,"comment_status":"open","ping_status":"closed","template":"","meta":[],"product_brand":[],"product_cat":[20,21],"product_tag":[],"class_list":{"0":"post-2074","1":"product","2":"type-product","3":"status-publish","4":"has-post-thumbnail","6":"product_cat-funko1","7":"product_cat-retro","9":"first","10":"instock","11":"taxable","12":"shipping-taxable","13":"purchasable","14":"product-type-simple"},"_links":{"self":[{"href":"https:\/\/r2-toys.com\/index.php\/wp-json\/wp\/v2\/product\/2074","targetHints":{"allow":["GET"]}}],"collection":[{"href":"https:\/\/r2-toys.com\/index.php\/wp-json\/wp\/v2\/product"}],"about":[{"href":"https:\/\/r2-toys.com\/index.php\/wp-json\/wp\/v2\/types\/product"}],"replies":[{"embeddable":true,"href":"https:\/\/r2-toys.com\/index.php\/wp-json\/wp\/v2\/comments?post=2074"}],"wp:featuredmedia":[{"embeddable":true,"href":"https:\/\/r2-toys.com\/index.php\/wp-json\/wp\/v2\/media\/3244"}],"wp:attachment":[{"href":"https:\/\/r2-toys.com\/index.php\/wp-json\/wp\/v2\/media?parent=2074"}],"wp:term":[{"taxonomy":"product_brand","embeddable":true,"href":"https:\/\/r2-toys.com\/index.php\/wp-json\/wp\/v2\/product_brand?post=2074"},{"taxonomy":"product_cat","embeddable":true,"href":"https:\/\/r2-toys.com\/index.php\/wp-json\/wp\/v2\/product_cat?post=2074"},{"taxonomy":"product_tag","embeddable":true,"href":"https:\/\/r2-toys.com\/index.php\/wp-json\/wp\/v2\/product_tag?post=2074"}],"curies":[{"name":"wp","href":"https:\/\/api.w.org\/{rel}","templated":true}]}}