{"id":2082,"date":"2022-04-01T01:08:01","date_gmt":"2022-03-31T19:08:01","guid":{"rendered":"https:\/\/r2-toys.com\/?post_type=product&#038;p=2082"},"modified":"2022-06-13T06:33:15","modified_gmt":"2022-06-13T00:33:15","slug":"teebo-chief-chipra-y-logray","status":"publish","type":"product","link":"https:\/\/r2-toys.com\/index.php\/product\/teebo-chief-chipra-y-logray\/","title":{"rendered":"TEEBO, CHIEF, CHIPRA Y LOGRAY"},"content":{"rendered":"<p>JEFE CHIRPA<\/p>\n<p>El jefe de los ewoks que habita en la aldea ewok de Endor, el jefe Chirpa, acept\u00f3 unirse a la lucha contra el Imperio, organizando bandas de guerra para luchar contra los soldados de asalto.<\/p>\n<p>TEEBO<\/p>\n<p>Explorador Ewok, Teebo dirigi\u00f3 el grupo de caza que captur\u00f3 a Han Solo, Chewbacca, Luke Skywalker, C-3PO y R2-D2 en una red. Al no gustarle el aspecto de Solo, Teebo le dio varios empujones con una lanza. Luego trajo a sus cautivos de vuelta a Bright Tree Village para ser cocinados para un banquete en honor de C-3PO.<\/p>\n<p>LOGRAY<\/p>\n<p>El cham\u00e1n de la aldea de Ewok, los rituales de Logray aseguraron que su tribu permaneciera en armon\u00eda con los esp\u00edritus del bosque de Endor. Cuando un dios dorado visit\u00f3 su planeta, Logray orden\u00f3 el sacrificio de los fuera del mundo en honor de esta deidad, solo para incurrir de alguna manera en la ira del dios. Nadie dijo que la fe fuera f\u00e1cil.<\/p>\n<div>\n<p>Desde 1977 la saga de Star Wars ha sido un movimiento revolucionario de la cultura pop generaci\u00f3n tras generaci\u00f3n, reclutando fans y seguidores, creando para ellos diversas producciones del amplio universo. Gracias a FunkoPop podemos tener incre\u00edbles figuras de tus personajes favoritos con incre\u00edbles dise\u00f1os.<\/p>\n<\/div>\n<div>\n<p>Esta figura de vinilo mide aproximadamente 11 cent\u00edmetros.<\/p>\n<\/div>\n<div>\n<p>Edad recomendada: 4 a\u00f1os en adelante<\/p>\n<\/div>\n<div>\n<p>\u26a0\ufe0f ADVERTENCIA: PELIGRO DE ASFIXIA &#8211; Piezas peque\u00f1as. No apto para ni\u00f1os menores de 4 a\u00f1os.<\/p>\n<\/div>\n<div>\n<p>Los productos Star Wars son producidos por FUNKO bajo licencia de Lucasfilm Ltd. y Disney<\/p>\n<\/div>\n<p>FUNKO, WALMART y todos los t\u00e9rminos relacionados son marcas registradas Funko y Walmart.<\/p>\n","protected":false},"excerpt":{"rendered":"<p>JEFE CHIRPA<\/p>\n<p>El jefe de los ewoks que habita en la aldea ewok de Endor, el jefe Chirpa, acept\u00f3 unirse a la lucha contra el Imperio, organizando bandas de guerra para luchar contra los soldados de asalto.<\/p>\n<p>TEEBO<\/p>\n<p>Explorador Ewok, Teebo dirigi\u00f3 el grupo de caza que captur\u00f3 a Han Solo, Chewbacca, Luke Skywalker, C-3PO y R2-D2 en una red. Al no gustarle el aspecto de Solo, Teebo le dio varios empujones con una lanza. Luego trajo a sus cautivos de vuelta a Bright Tree Village para ser cocinados para un banquete en honor de C-3PO.<\/p>\n<p>LOGRAY<\/p>\n<p>El cham\u00e1n de la aldea de Ewok, los rituales de Logray aseguraron que su tribu permaneciera en armon\u00eda con los esp\u00edritus del bosque de Endor. Cuando un dios dorado visit\u00f3 su planeta, Logray orden\u00f3 el sacrificio de los fuera del mundo en honor de esta deidad, solo para incurrir de alguna manera en la ira del dios. Nadie dijo que la fe fuera f\u00e1cil.<\/p>\n","protected":false},"featured_media":4107,"comment_status":"open","ping_status":"closed","template":"","meta":[],"product_brand":[],"product_cat":[20],"product_tag":[],"class_list":{"0":"post-2082","1":"product","2":"type-product","3":"status-publish","4":"has-post-thumbnail","6":"product_cat-funko1","8":"first","9":"instock","10":"taxable","11":"shipping-taxable","12":"purchasable","13":"product-type-simple"},"_links":{"self":[{"href":"https:\/\/r2-toys.com\/index.php\/wp-json\/wp\/v2\/product\/2082","targetHints":{"allow":["GET"]}}],"collection":[{"href":"https:\/\/r2-toys.com\/index.php\/wp-json\/wp\/v2\/product"}],"about":[{"href":"https:\/\/r2-toys.com\/index.php\/wp-json\/wp\/v2\/types\/product"}],"replies":[{"embeddable":true,"href":"https:\/\/r2-toys.com\/index.php\/wp-json\/wp\/v2\/comments?post=2082"}],"wp:featuredmedia":[{"embeddable":true,"href":"https:\/\/r2-toys.com\/index.php\/wp-json\/wp\/v2\/media\/4107"}],"wp:attachment":[{"href":"https:\/\/r2-toys.com\/index.php\/wp-json\/wp\/v2\/media?parent=2082"}],"wp:term":[{"taxonomy":"product_brand","embeddable":true,"href":"https:\/\/r2-toys.com\/index.php\/wp-json\/wp\/v2\/product_brand?post=2082"},{"taxonomy":"product_cat","embeddable":true,"href":"https:\/\/r2-toys.com\/index.php\/wp-json\/wp\/v2\/product_cat?post=2082"},{"taxonomy":"product_tag","embeddable":true,"href":"https:\/\/r2-toys.com\/index.php\/wp-json\/wp\/v2\/product_tag?post=2082"}],"curies":[{"name":"wp","href":"https:\/\/api.w.org\/{rel}","templated":true}]}}