{"id":2102,"date":"2022-03-31T03:53:08","date_gmt":"2022-03-30T21:53:08","guid":{"rendered":"https:\/\/r2-toys.com\/?post_type=product&#038;p=2102"},"modified":"2022-06-10T20:47:15","modified_gmt":"2022-06-10T14:47:15","slug":"the-vision-824","status":"publish","type":"product","link":"https:\/\/r2-toys.com\/index.php\/product\/the-vision-824\/","title":{"rendered":"The Vision (824)"},"content":{"rendered":"<div>\n<p>Visi\u00f3n es un androide sint\u00e9tico o &#8220;sintezoide&#8221; construido por el robot villano Ultron. Originalmente estaba destinado a actuar como el &#8220;hijo&#8221; de Ultron y se le asign\u00f3 la tarea de destruir al equipo de superh\u00e9roes los Vengadores.<\/p>\n<\/div>\n<div>\n<p>Esta figura de vinilo mide aproximadamente 11 cent\u00edmetros.<\/p>\n<\/div>\n<div>\n<p>Edad recomendada: 4 a\u00f1os en adelante<\/p>\n<\/div>\n<div>\n<p>\u26a0\ufe0f ADVERTENCIA: PELIGRO DE ASFIXIA &#8211; Piezas peque\u00f1as. No apto para ni\u00f1os menores de 4 a\u00f1os.<\/p>\n<\/div>\n<p>FUNKO, MARVEL \u00a0y todos los t\u00e9rminos relacionados son marcas registradas Funko y Marvel.<\/p>\n","protected":false},"excerpt":{"rendered":"<p>Visi\u00f3n es un androide sint\u00e9tico o &#8220;sintezoide&#8221; construido por el robot villano Ultron. Originalmente estaba destinado a actuar como el &#8220;hijo&#8221; de Ultron y se le asign\u00f3 la tarea de destruir al equipo de superh\u00e9roes los Vengadores.<\/p>\n","protected":false},"featured_media":3264,"comment_status":"open","ping_status":"closed","template":"","meta":[],"product_brand":[],"product_cat":[20,21],"product_tag":[],"class_list":{"0":"post-2102","1":"product","2":"type-product","3":"status-publish","4":"has-post-thumbnail","6":"product_cat-funko1","7":"product_cat-retro","9":"first","10":"instock","11":"taxable","12":"shipping-taxable","13":"purchasable","14":"product-type-simple"},"_links":{"self":[{"href":"https:\/\/r2-toys.com\/index.php\/wp-json\/wp\/v2\/product\/2102","targetHints":{"allow":["GET"]}}],"collection":[{"href":"https:\/\/r2-toys.com\/index.php\/wp-json\/wp\/v2\/product"}],"about":[{"href":"https:\/\/r2-toys.com\/index.php\/wp-json\/wp\/v2\/types\/product"}],"replies":[{"embeddable":true,"href":"https:\/\/r2-toys.com\/index.php\/wp-json\/wp\/v2\/comments?post=2102"}],"wp:featuredmedia":[{"embeddable":true,"href":"https:\/\/r2-toys.com\/index.php\/wp-json\/wp\/v2\/media\/3264"}],"wp:attachment":[{"href":"https:\/\/r2-toys.com\/index.php\/wp-json\/wp\/v2\/media?parent=2102"}],"wp:term":[{"taxonomy":"product_brand","embeddable":true,"href":"https:\/\/r2-toys.com\/index.php\/wp-json\/wp\/v2\/product_brand?post=2102"},{"taxonomy":"product_cat","embeddable":true,"href":"https:\/\/r2-toys.com\/index.php\/wp-json\/wp\/v2\/product_cat?post=2102"},{"taxonomy":"product_tag","embeddable":true,"href":"https:\/\/r2-toys.com\/index.php\/wp-json\/wp\/v2\/product_tag?post=2102"}],"curies":[{"name":"wp","href":"https:\/\/api.w.org\/{rel}","templated":true}]}}