{"id":2106,"date":"2022-03-31T03:57:48","date_gmt":"2022-03-30T21:57:48","guid":{"rendered":"https:\/\/r2-toys.com\/?post_type=product&#038;p=2106"},"modified":"2022-09-24T03:48:09","modified_gmt":"2022-09-23T21:48:09","slug":"wolverine-496-80th-anniversary","status":"publish","type":"product","link":"https:\/\/r2-toys.com\/index.php\/product\/wolverine-496-80th-anniversary\/","title":{"rendered":"Wolverine (496) 80th Anniversary"},"content":{"rendered":"<p>Es un mutante que posee sentidos afinados a los animales, capacidades f\u00edsicas mejoradas, poderosa capacidad de regeneraci\u00f3n conocida como un factor de curaci\u00f3n, y tres garras retr\u00e1ctiles en cada mano. Wolverine ha sido representado de diversas formas como miembro de los X-Men, Alpha Flight, Fuerza-X y Los Vengadores.<\/p>\n<p>Esta figura exclusiva conmemora el 80 aniversario de Marvel c\u00f3mics.<\/p>\n<div>\n<p>Esta figura de vinilo mide aproximadamente 11 cent\u00edmetros.<\/p>\n<\/div>\n<div>\n<p>Edad recomendada: 4 a\u00f1os en adelante<\/p>\n<\/div>\n<div>\n<p>\u26a0\ufe0f ADVERTENCIA: PELIGRO DE ASFIXIA &#8211; Piezas peque\u00f1as. No apto para ni\u00f1os menores de 4 a\u00f1os.<\/p>\n<\/div>\n<p>FUNKO, MARVEL \u00a0y todos los t\u00e9rminos relacionados son marcas registradas Funko y Marvel.<\/p>\n","protected":false},"excerpt":{"rendered":"<p>Es un mutante que posee sentidos afinados a los animales, capacidades f\u00edsicas mejoradas, poderosa capacidad de regeneraci\u00f3n conocida como un factor de curaci\u00f3n, y tres garras retr\u00e1ctiles en cada mano. Wolverine ha sido representado de diversas formas como miembro de los X-Men, Alpha Flight, Fuerza-X y Los Vengadores.<\/p>\n<p>Esta figura exclusiva conmemora el 80 aniversario de Marvel c\u00f3mics.<\/p>\n","protected":false},"featured_media":3279,"comment_status":"open","ping_status":"closed","template":"","meta":[],"product_brand":[],"product_cat":[20,21],"product_tag":[],"class_list":{"0":"post-2106","1":"product","2":"type-product","3":"status-publish","4":"has-post-thumbnail","6":"product_cat-funko1","7":"product_cat-retro","9":"first","10":"instock","11":"taxable","12":"shipping-taxable","13":"purchasable","14":"product-type-simple"},"_links":{"self":[{"href":"https:\/\/r2-toys.com\/index.php\/wp-json\/wp\/v2\/product\/2106","targetHints":{"allow":["GET"]}}],"collection":[{"href":"https:\/\/r2-toys.com\/index.php\/wp-json\/wp\/v2\/product"}],"about":[{"href":"https:\/\/r2-toys.com\/index.php\/wp-json\/wp\/v2\/types\/product"}],"replies":[{"embeddable":true,"href":"https:\/\/r2-toys.com\/index.php\/wp-json\/wp\/v2\/comments?post=2106"}],"wp:featuredmedia":[{"embeddable":true,"href":"https:\/\/r2-toys.com\/index.php\/wp-json\/wp\/v2\/media\/3279"}],"wp:attachment":[{"href":"https:\/\/r2-toys.com\/index.php\/wp-json\/wp\/v2\/media?parent=2106"}],"wp:term":[{"taxonomy":"product_brand","embeddable":true,"href":"https:\/\/r2-toys.com\/index.php\/wp-json\/wp\/v2\/product_brand?post=2106"},{"taxonomy":"product_cat","embeddable":true,"href":"https:\/\/r2-toys.com\/index.php\/wp-json\/wp\/v2\/product_cat?post=2106"},{"taxonomy":"product_tag","embeddable":true,"href":"https:\/\/r2-toys.com\/index.php\/wp-json\/wp\/v2\/product_tag?post=2106"}],"curies":[{"name":"wp","href":"https:\/\/api.w.org\/{rel}","templated":true}]}}