{"id":2120,"date":"2022-03-31T23:12:26","date_gmt":"2022-03-31T17:12:26","guid":{"rendered":"https:\/\/r2-toys.com\/?post_type=product&#038;p=2120"},"modified":"2023-05-03T05:56:03","modified_gmt":"2023-05-02T23:56:03","slug":"qui-gon-jinn-422-exclusivo","status":"publish","type":"product","link":"https:\/\/r2-toys.com\/index.php\/product\/qui-gon-jinn-422-exclusivo\/","title":{"rendered":"QUI-GON JINN (422) Exclusivo"},"content":{"rendered":"<p>Un venerable maestro Jedi, aunque inconformista, Qui-Gon Jinn, era un estudiante de la Fuerza viviente. Qui-Gon vivi\u00f3 por el momento, defendiendo una filosof\u00eda de &#8220;sentirse, no pensar, usar tus instintos&#8221;. En Tatooine, Qui-Gon descubri\u00f3 a un joven esclavo llamado Anakin Skywalker que era fuerte en la Fuerza. Sintiendo el potencial del ni\u00f1o, Qui-Gon liber\u00f3 a Anakin de la esclavitud.<\/p>\n<div>\n<p>Desde 1977 la saga de Star Wars ha sido un movimiento revolucionario de la cultura pop generaci\u00f3n tras generaci\u00f3n, reclutando fans y seguidores, creando para ellos diversas producciones del amplio universo. Gracias a FunkoPop podemos tener incre\u00edbles figuras de tus personajes favoritos con incre\u00edbles dise\u00f1os.<\/p>\n<\/div>\n<div>\n<p>Esta figura de vinilo mide aproximadamente 11 cent\u00edmetros.<\/p>\n<\/div>\n<div>\n<p>Edad recomendada: 4 a\u00f1os en adelante<\/p>\n<\/div>\n<div>\n<p>\u26a0\ufe0f ADVERTENCIA: PELIGRO DE ASFIXIA &#8211; Piezas peque\u00f1as. No apto para ni\u00f1os menores de 4 a\u00f1os.<\/p>\n<\/div>\n<div>\n<p>Los productos Star Wars son producidos por FUNKO bajo licencia de Lucasfilm Ltd. y Disney.<\/p>\n<p>FUNKO, Amaz\u00f3n y todos los t\u00e9rminos relacionados son marcas registradas Funko y Amaz\u00f3n.<\/p>\n<\/div>\n","protected":false},"excerpt":{"rendered":"<p>Un venerable maestro Jedi, aunque inconformista, Qui-Gon Jinn, era un estudiante de la Fuerza viviente. Qui-Gon vivi\u00f3 por el momento, defendiendo una filosof\u00eda de &#8220;sentirse, no pensar, usar tus instintos&#8221;. En Tatooine, Qui-Gon descubri\u00f3 a un joven esclavo llamado Anakin Skywalker que era fuerte en la Fuerza. Sintiendo el potencial del ni\u00f1o, Qui-Gon liber\u00f3 a Anakin de la esclavitud.<\/p>\n","protected":false},"featured_media":3975,"comment_status":"open","ping_status":"closed","template":"","meta":[],"product_brand":[],"product_cat":[20],"product_tag":[],"class_list":{"0":"post-2120","1":"product","2":"type-product","3":"status-publish","4":"has-post-thumbnail","6":"product_cat-funko1","8":"first","9":"instock","10":"taxable","11":"shipping-taxable","12":"purchasable","13":"product-type-simple"},"_links":{"self":[{"href":"https:\/\/r2-toys.com\/index.php\/wp-json\/wp\/v2\/product\/2120","targetHints":{"allow":["GET"]}}],"collection":[{"href":"https:\/\/r2-toys.com\/index.php\/wp-json\/wp\/v2\/product"}],"about":[{"href":"https:\/\/r2-toys.com\/index.php\/wp-json\/wp\/v2\/types\/product"}],"replies":[{"embeddable":true,"href":"https:\/\/r2-toys.com\/index.php\/wp-json\/wp\/v2\/comments?post=2120"}],"wp:featuredmedia":[{"embeddable":true,"href":"https:\/\/r2-toys.com\/index.php\/wp-json\/wp\/v2\/media\/3975"}],"wp:attachment":[{"href":"https:\/\/r2-toys.com\/index.php\/wp-json\/wp\/v2\/media?parent=2120"}],"wp:term":[{"taxonomy":"product_brand","embeddable":true,"href":"https:\/\/r2-toys.com\/index.php\/wp-json\/wp\/v2\/product_brand?post=2120"},{"taxonomy":"product_cat","embeddable":true,"href":"https:\/\/r2-toys.com\/index.php\/wp-json\/wp\/v2\/product_cat?post=2120"},{"taxonomy":"product_tag","embeddable":true,"href":"https:\/\/r2-toys.com\/index.php\/wp-json\/wp\/v2\/product_tag?post=2120"}],"curies":[{"name":"wp","href":"https:\/\/api.w.org\/{rel}","templated":true}]}}