{"id":2122,"date":"2022-03-31T08:07:16","date_gmt":"2022-03-31T02:07:16","guid":{"rendered":"https:\/\/r2-toys.com\/?post_type=product&#038;p=2122"},"modified":"2022-06-13T06:54:45","modified_gmt":"2022-06-13T00:54:45","slug":"llavero-grogu-thanksgiving-day-exclusivo","status":"publish","type":"product","link":"https:\/\/r2-toys.com\/index.php\/product\/llavero-grogu-thanksgiving-day-exclusivo\/","title":{"rendered":"LLAVERO GROGU, THANKSGIVING DAY EXCLUSIVO"},"content":{"rendered":"<p>Grogu, conocido como \u201cThe child\u201d fue\u00a0un\u00a0exp\u00f3sito\u00a0mandaloriano\u00a0sensible a la Fuerza\u00a0que pertenec\u00eda a la misma\u00a0especie\u00a0del\u00a0Gran Maestro\u00a0Jedi\u00a0Yoda, mientras era todav\u00eda un infante a la edad de cincuenta\u00a0a\u00f1os, \u00e9l fue\u00a0buscado, a petici\u00f3n del\u00a0Moff\u00a0Gideon y por un\u00a0Imperial\u00a0que contrat\u00f3 a un\u00a0cazarrecompensas\u00a0mandaloriano llamado\u00a0Din Djarin\u00a0para\u00a0recuperarlo.<\/p>\n<div>\n<p>Desde 1977 la saga de Star Wars ha sido un movimiento revolucionario de la cultura pop generaci\u00f3n tras generaci\u00f3n, reclutando fans y seguidores, creando para ellos diversas producciones del amplio universo. Gracias a FunkoPop podemos tener incre\u00edbles figuras de tus personajes favoritos con incre\u00edbles dise\u00f1os.<\/p>\n<\/div>\n<div>\n<p>Esta figura de vinilo mide aproximadamente 5 cent\u00edmetros.<\/p>\n<\/div>\n<div>\n<p>Edad recomendada: 4 a\u00f1os en adelante<\/p>\n<\/div>\n<div>\n<p>\u26a0\ufe0f ADVERTENCIA: PELIGRO DE ASFIXIA &#8211; Piezas peque\u00f1as. No apto para ni\u00f1os menores de 4 a\u00f1os.<\/p>\n<\/div>\n<div>\n<p>Los productos Star Wars son producidos por FUNKO bajo licencia de Lucasfilm Ltd. y Disney.<\/p>\n<\/div>\n<div>\n<p>FUNKO , Macy\u2019s Thanksgiving Day Parade\u00a0\u00a0y todos los t\u00e9rminos relacionados son marcas registradas Funko y Macy\u2019s Thanksgiving Day Parade.<\/p>\n<\/div>\n","protected":false},"excerpt":{"rendered":"<p>Grogu, conocido como \u201cThe child\u201d fue\u00a0un\u00a0exp\u00f3sito\u00a0mandaloriano\u00a0sensible a la Fuerza\u00a0que pertenec\u00eda a la misma\u00a0especie\u00a0del\u00a0Gran Maestro\u00a0Jedi\u00a0Yoda, mientras era todav\u00eda un infante a la edad de cincuenta\u00a0a\u00f1os, \u00e9l fue\u00a0buscado, a petici\u00f3n del\u00a0Moff\u00a0Gideon y por un\u00a0Imperial\u00a0que contrat\u00f3 a un\u00a0cazarrecompensas\u00a0mandaloriano llamado\u00a0Din Djarin\u00a0para\u00a0recuperarlo.<\/p>\n","protected":false},"featured_media":3738,"comment_status":"open","ping_status":"closed","template":"","meta":[],"product_brand":[],"product_cat":[20],"product_tag":[],"class_list":{"0":"post-2122","1":"product","2":"type-product","3":"status-publish","4":"has-post-thumbnail","6":"product_cat-funko1","8":"first","9":"instock","10":"taxable","11":"shipping-taxable","12":"purchasable","13":"product-type-simple"},"_links":{"self":[{"href":"https:\/\/r2-toys.com\/index.php\/wp-json\/wp\/v2\/product\/2122","targetHints":{"allow":["GET"]}}],"collection":[{"href":"https:\/\/r2-toys.com\/index.php\/wp-json\/wp\/v2\/product"}],"about":[{"href":"https:\/\/r2-toys.com\/index.php\/wp-json\/wp\/v2\/types\/product"}],"replies":[{"embeddable":true,"href":"https:\/\/r2-toys.com\/index.php\/wp-json\/wp\/v2\/comments?post=2122"}],"wp:featuredmedia":[{"embeddable":true,"href":"https:\/\/r2-toys.com\/index.php\/wp-json\/wp\/v2\/media\/3738"}],"wp:attachment":[{"href":"https:\/\/r2-toys.com\/index.php\/wp-json\/wp\/v2\/media?parent=2122"}],"wp:term":[{"taxonomy":"product_brand","embeddable":true,"href":"https:\/\/r2-toys.com\/index.php\/wp-json\/wp\/v2\/product_brand?post=2122"},{"taxonomy":"product_cat","embeddable":true,"href":"https:\/\/r2-toys.com\/index.php\/wp-json\/wp\/v2\/product_cat?post=2122"},{"taxonomy":"product_tag","embeddable":true,"href":"https:\/\/r2-toys.com\/index.php\/wp-json\/wp\/v2\/product_tag?post=2122"}],"curies":[{"name":"wp","href":"https:\/\/api.w.org\/{rel}","templated":true}]}}