{"id":2131,"date":"2022-03-31T03:52:10","date_gmt":"2022-03-30T21:52:10","guid":{"rendered":"https:\/\/r2-toys.com\/?post_type=product&#038;p=2131"},"modified":"2022-06-13T07:41:46","modified_gmt":"2022-06-13T01:41:46","slug":"the-rocketeer-summer-convention-2021-1068","status":"publish","type":"product","link":"https:\/\/r2-toys.com\/index.php\/product\/the-rocketeer-summer-convention-2021-1068\/","title":{"rendered":"The Rocketeer Summer Convention 2021 (1068)"},"content":{"rendered":"<p>En la Hollywood de los a\u00f1os 1930, un arma secreta prototipo desarrollada por un inventor ha sido robada por la mafia de Los \u00c1ngeles que, intentando escapar del FBI que busca recuperar el artefacto, lo esconde en un aer\u00f3dromo. Esta arma se trata de un propulsor individual que convierte a quien lo utiliza en un aut\u00e9ntico hombre cohete.<\/p>\n<p>Gracias a FunkoPop podemos tener incre\u00edbles figuras de tus personajes favoritos con incre\u00edbles dise\u00f1os.<\/p>\n<p>Altura aproximada de 11 cm<\/p>\n<p>Empaque con ventana para su exhibici\u00f3n<\/p>\n<p>Fabricados en Vinyl<\/p>\n<div>\n<p>Edad recomendada: 4 a\u00f1os en adelante<\/p>\n<\/div>\n<div>\n<p>\u26a0\ufe0f ADVERTENCIA: PELIGRO DE ASFIXIA &#8211; Piezas peque\u00f1as. No apto para ni\u00f1os menores de 4 a\u00f1os.<\/p>\n<\/div>\n<div>\n<p>FUNKO y todos los t\u00e9rminos relacionados son marcas registradas Funko.<\/p>\n<\/div>\n","protected":false},"excerpt":{"rendered":"<p>En la Hollywood de los a\u00f1os 1930, un arma secreta prototipo desarrollada por un inventor ha sido robada por la mafia de Los \u00c1ngeles que, intentando escapar del FBI que busca recuperar el artefacto, lo esconde en un aer\u00f3dromo. Esta arma se trata de un propulsor individual que convierte a quien lo utiliza en un aut\u00e9ntico hombre cohete.<\/p>\n","protected":false},"featured_media":3263,"comment_status":"open","ping_status":"closed","template":"","meta":[],"product_brand":[],"product_cat":[20,21],"product_tag":[],"class_list":{"0":"post-2131","1":"product","2":"type-product","3":"status-publish","4":"has-post-thumbnail","6":"product_cat-funko1","7":"product_cat-retro","9":"first","10":"instock","11":"taxable","12":"shipping-taxable","13":"purchasable","14":"product-type-simple"},"_links":{"self":[{"href":"https:\/\/r2-toys.com\/index.php\/wp-json\/wp\/v2\/product\/2131","targetHints":{"allow":["GET"]}}],"collection":[{"href":"https:\/\/r2-toys.com\/index.php\/wp-json\/wp\/v2\/product"}],"about":[{"href":"https:\/\/r2-toys.com\/index.php\/wp-json\/wp\/v2\/types\/product"}],"replies":[{"embeddable":true,"href":"https:\/\/r2-toys.com\/index.php\/wp-json\/wp\/v2\/comments?post=2131"}],"wp:featuredmedia":[{"embeddable":true,"href":"https:\/\/r2-toys.com\/index.php\/wp-json\/wp\/v2\/media\/3263"}],"wp:attachment":[{"href":"https:\/\/r2-toys.com\/index.php\/wp-json\/wp\/v2\/media?parent=2131"}],"wp:term":[{"taxonomy":"product_brand","embeddable":true,"href":"https:\/\/r2-toys.com\/index.php\/wp-json\/wp\/v2\/product_brand?post=2131"},{"taxonomy":"product_cat","embeddable":true,"href":"https:\/\/r2-toys.com\/index.php\/wp-json\/wp\/v2\/product_cat?post=2131"},{"taxonomy":"product_tag","embeddable":true,"href":"https:\/\/r2-toys.com\/index.php\/wp-json\/wp\/v2\/product_tag?post=2131"}],"curies":[{"name":"wp","href":"https:\/\/api.w.org\/{rel}","templated":true}]}}