{"id":2132,"date":"2022-03-31T03:55:09","date_gmt":"2022-03-30T21:55:09","guid":{"rendered":"https:\/\/r2-toys.com\/?post_type=product&#038;p=2132"},"modified":"2022-06-10T20:46:51","modified_gmt":"2022-06-10T14:46:51","slug":"venomized-captain-america-364","status":"publish","type":"product","link":"https:\/\/r2-toys.com\/index.php\/product\/venomized-captain-america-364\/","title":{"rendered":"Venomized Captain America (364)"},"content":{"rendered":"<p>Los simbiontes siguen encontrando nuevos hu\u00e9spedes en el universo. En esta ocasi\u00f3n le toc\u00f3 al Capit\u00e1n Am\u00e9rica ser invadido por un extraterrestre.<\/p>\n<p>Gracias a FunkoPop podemos tener incre\u00edbles figuras de tus personajes favoritos con incre\u00edbles dise\u00f1os.<\/p>\n<p>Altura aproximada de 11 cm<\/p>\n<p>Empaque con ventana para su exhibici\u00f3n<\/p>\n<p>Fabricados en Vinyl<\/p>\n<div>\n<p>Edad recomendada: 4 a\u00f1os en adelante<\/p>\n<\/div>\n<div>\n<p>\u26a0\ufe0f ADVERTENCIA: PELIGRO DE ASFIXIA &#8211; Piezas peque\u00f1as. No apto para ni\u00f1os menores de 4 a\u00f1os.<\/p>\n<p>FUNKO, Marvel y todos los t\u00e9rminos relacionados son marcas registradas Funko y Marvel.<\/p>\n<\/div>\n","protected":false},"excerpt":{"rendered":"<p>Los simbiontes siguen encontrando nuevos hu\u00e9spedes en el universo. En esta ocasi\u00f3n le toc\u00f3 al Capit\u00e1n Am\u00e9rica ser invadido por un extraterrestre.<\/p>\n","protected":false},"featured_media":3270,"comment_status":"open","ping_status":"closed","template":"","meta":[],"product_brand":[],"product_cat":[20,21],"product_tag":[],"class_list":{"0":"post-2132","1":"product","2":"type-product","3":"status-publish","4":"has-post-thumbnail","6":"product_cat-funko1","7":"product_cat-retro","9":"first","10":"instock","11":"taxable","12":"shipping-taxable","13":"purchasable","14":"product-type-simple"},"_links":{"self":[{"href":"https:\/\/r2-toys.com\/index.php\/wp-json\/wp\/v2\/product\/2132","targetHints":{"allow":["GET"]}}],"collection":[{"href":"https:\/\/r2-toys.com\/index.php\/wp-json\/wp\/v2\/product"}],"about":[{"href":"https:\/\/r2-toys.com\/index.php\/wp-json\/wp\/v2\/types\/product"}],"replies":[{"embeddable":true,"href":"https:\/\/r2-toys.com\/index.php\/wp-json\/wp\/v2\/comments?post=2132"}],"wp:featuredmedia":[{"embeddable":true,"href":"https:\/\/r2-toys.com\/index.php\/wp-json\/wp\/v2\/media\/3270"}],"wp:attachment":[{"href":"https:\/\/r2-toys.com\/index.php\/wp-json\/wp\/v2\/media?parent=2132"}],"wp:term":[{"taxonomy":"product_brand","embeddable":true,"href":"https:\/\/r2-toys.com\/index.php\/wp-json\/wp\/v2\/product_brand?post=2132"},{"taxonomy":"product_cat","embeddable":true,"href":"https:\/\/r2-toys.com\/index.php\/wp-json\/wp\/v2\/product_cat?post=2132"},{"taxonomy":"product_tag","embeddable":true,"href":"https:\/\/r2-toys.com\/index.php\/wp-json\/wp\/v2\/product_tag?post=2132"}],"curies":[{"name":"wp","href":"https:\/\/api.w.org\/{rel}","templated":true}]}}