{"id":2133,"date":"2022-03-31T04:25:55","date_gmt":"2022-03-30T22:25:55","guid":{"rendered":"https:\/\/r2-toys.com\/?post_type=product&#038;p=2133"},"modified":"2022-09-26T05:25:28","modified_gmt":"2022-09-25T23:25:28","slug":"mission-fleet-stellar-class-bo-katan-gauntlet-starfighter","status":"publish","type":"product","link":"https:\/\/r2-toys.com\/index.php\/product\/mission-fleet-stellar-class-bo-katan-gauntlet-starfighter\/","title":{"rendered":"Mission Fleet Stellar Class Bo-Katan Gauntlet Starfighter"},"content":{"rendered":"<p>Bo-Katan Kryze es un mandaloriano legendario. Ella se neg\u00f3 a alinearse con la ocupaci\u00f3n de Mandalore por parte del Emperador.<\/p>\n<p>El caza estelar Gauntlet es una nave de combate que tambi\u00e9n sirve como transporte de tropas. Tiene un fuselaje primario dotado por grandes alas. Las alas est\u00e1n en una montura, que les permiten girar independientemente del casco, ofreciendo una maniobrabilidad notable para un caza de su tama\u00f1o. Adem\u00e1s, tiene dos ca\u00f1ones l\u00e1ser delanteros y un par de ca\u00f1ones orientados hacia atr\u00e1s.<\/p>\n<p>Esta figura de acci\u00f3n de Bo-Katan a escala de 6.5 cm presenta m\u00faltiples puntos de articulaci\u00f3n incluye 3 accesorios, que incluyen 2 blasters y un jetpack, la nave incluye un lanza misiles desmontable.<\/p>\n<p>Esta figura de 6cm articulada de la colecci\u00f3n Mission Fleet cuenta con un excelente dise\u00f1o muy detallado.<\/p>\n<p>Edad recomendada: 4 a\u00f1os en adelante<\/p>\n<p>\u26a0\ufe0fADVERTENCIA: PELIGRO DE ASFIXIA &#8211; Piezas peque\u00f1as. No apto para ni\u00f1os menores de 4 a\u00f1os.<\/p>\n<p>Los productos Star Wars son producidos por Hasbro bajo licencia de Lucasfilm Ltd.<\/p>\n<p>Hasbro y todos los t\u00e9rminos relacionados son marcas registradas de Hasbro.<\/p>\n","protected":false},"excerpt":{"rendered":"<p>Bo-Katan Kryze es un mandaloriano legendario. Ella se neg\u00f3 a alinearse con la ocupaci\u00f3n de Mandalore por parte del Emperador.<\/p>\n<p>El caza estelar Gauntlet es una nave de combate que tambi\u00e9n sirve como transporte de tropas. Tiene un fuselaje primario dotado por grandes alas. Las alas est\u00e1n en una montura, que les permiten girar independientemente del casco, ofreciendo una maniobrabilidad notable para un caza de su tama\u00f1o. Adem\u00e1s, tiene dos ca\u00f1ones l\u00e1ser delanteros y un par de ca\u00f1ones orientados hacia atr\u00e1s.<\/p>\n<p>&nbsp;<\/p>\n","protected":false},"featured_media":3370,"comment_status":"open","ping_status":"closed","template":"","meta":[],"product_brand":[],"product_cat":[19],"product_tag":[],"class_list":{"0":"post-2133","1":"product","2":"type-product","3":"status-publish","4":"has-post-thumbnail","6":"product_cat-star-wars","8":"first","9":"instock","10":"taxable","11":"shipping-taxable","12":"purchasable","13":"product-type-simple"},"_links":{"self":[{"href":"https:\/\/r2-toys.com\/index.php\/wp-json\/wp\/v2\/product\/2133","targetHints":{"allow":["GET"]}}],"collection":[{"href":"https:\/\/r2-toys.com\/index.php\/wp-json\/wp\/v2\/product"}],"about":[{"href":"https:\/\/r2-toys.com\/index.php\/wp-json\/wp\/v2\/types\/product"}],"replies":[{"embeddable":true,"href":"https:\/\/r2-toys.com\/index.php\/wp-json\/wp\/v2\/comments?post=2133"}],"wp:featuredmedia":[{"embeddable":true,"href":"https:\/\/r2-toys.com\/index.php\/wp-json\/wp\/v2\/media\/3370"}],"wp:attachment":[{"href":"https:\/\/r2-toys.com\/index.php\/wp-json\/wp\/v2\/media?parent=2133"}],"wp:term":[{"taxonomy":"product_brand","embeddable":true,"href":"https:\/\/r2-toys.com\/index.php\/wp-json\/wp\/v2\/product_brand?post=2133"},{"taxonomy":"product_cat","embeddable":true,"href":"https:\/\/r2-toys.com\/index.php\/wp-json\/wp\/v2\/product_cat?post=2133"},{"taxonomy":"product_tag","embeddable":true,"href":"https:\/\/r2-toys.com\/index.php\/wp-json\/wp\/v2\/product_tag?post=2133"}],"curies":[{"name":"wp","href":"https:\/\/api.w.org\/{rel}","templated":true}]}}