{"id":2136,"date":"2022-03-31T08:21:05","date_gmt":"2022-03-31T02:21:05","guid":{"rendered":"https:\/\/r2-toys.com\/?post_type=product&#038;p=2136"},"modified":"2026-03-02T05:34:07","modified_gmt":"2026-03-01T23:34:07","slug":"imperial-super-comando-452","status":"publish","type":"product","link":"https:\/\/r2-toys.com\/index.php\/product\/imperial-super-comando-452\/","title":{"rendered":"Imperial S\u00faper Comando (452)"},"content":{"rendered":"<p>Guerreros mandalorianos leales al Imperio, los Supercomandos Imperiales eran ejecutores mortales y eficientes. Dirigida por Gar Saxon, la armadura de los Supercomandos Imperiales era un blanco distintivo y aerodin\u00e1mico, y sus magistrales habilidades de combate fueron eclipsadas solo por su crueldad.<\/p>\n<div>\n<p>Desde 1977 la saga de Star Wars ha sido un movimiento revolucionario de la cultura pop generaci\u00f3n tras generaci\u00f3n, reclutando fans y seguidores, creando para ellos diversas producciones del amplio universo. Gracias a FunkoPop podemos tener incre\u00edbles figuras de tus personajes favoritos con incre\u00edbles dise\u00f1os.<\/p>\n<\/div>\n<div>\n<p>Esta figura de vinilo mide aproximadamente 11 cent\u00edmetros.<\/p>\n<\/div>\n<div>\n<p>Edad recomendada: 4 a\u00f1os en adelante<\/p>\n<\/div>\n<div>\n<p>\u26a0\ufe0f ADVERTENCIA: PELIGRO DE ASFIXIA &#8211; Piezas peque\u00f1as. No apto para ni\u00f1os menores de 4 a\u00f1os.<\/p>\n<\/div>\n<div>\n<p>Los productos Star Wars son producidos por FUNKO bajo licencia de Lucasfilm Ltd. y Disney<\/p>\n<\/div>\n<div>\n<p>FUNKO y todos los t\u00e9rminos relacionados son marcas registradas Funko.<\/p>\n<\/div>\n","protected":false},"excerpt":{"rendered":"<p>Guerreros mandalorianos leales al Imperio, los Supercomandos Imperiales eran ejecutores mortales y eficientes. Dirigida por Gar Saxon, la armadura de los Supercomandos Imperiales era un blanco distintivo y aerodin\u00e1mico, y sus magistrales habilidades de combate fueron eclipsadas solo por su crueldad.<\/p>\n","protected":false},"featured_media":3682,"comment_status":"open","ping_status":"closed","template":"","meta":[],"product_brand":[],"product_cat":[20],"product_tag":[],"class_list":{"0":"post-2136","1":"product","2":"type-product","3":"status-publish","4":"has-post-thumbnail","6":"product_cat-funko1","8":"first","9":"instock","10":"taxable","11":"shipping-taxable","12":"purchasable","13":"product-type-simple"},"_links":{"self":[{"href":"https:\/\/r2-toys.com\/index.php\/wp-json\/wp\/v2\/product\/2136","targetHints":{"allow":["GET"]}}],"collection":[{"href":"https:\/\/r2-toys.com\/index.php\/wp-json\/wp\/v2\/product"}],"about":[{"href":"https:\/\/r2-toys.com\/index.php\/wp-json\/wp\/v2\/types\/product"}],"replies":[{"embeddable":true,"href":"https:\/\/r2-toys.com\/index.php\/wp-json\/wp\/v2\/comments?post=2136"}],"wp:featuredmedia":[{"embeddable":true,"href":"https:\/\/r2-toys.com\/index.php\/wp-json\/wp\/v2\/media\/3682"}],"wp:attachment":[{"href":"https:\/\/r2-toys.com\/index.php\/wp-json\/wp\/v2\/media?parent=2136"}],"wp:term":[{"taxonomy":"product_brand","embeddable":true,"href":"https:\/\/r2-toys.com\/index.php\/wp-json\/wp\/v2\/product_brand?post=2136"},{"taxonomy":"product_cat","embeddable":true,"href":"https:\/\/r2-toys.com\/index.php\/wp-json\/wp\/v2\/product_cat?post=2136"},{"taxonomy":"product_tag","embeddable":true,"href":"https:\/\/r2-toys.com\/index.php\/wp-json\/wp\/v2\/product_tag?post=2136"}],"curies":[{"name":"wp","href":"https:\/\/api.w.org\/{rel}","templated":true}]}}