{"id":2144,"date":"2022-03-30T07:35:53","date_gmt":"2022-03-30T01:35:53","guid":{"rendered":"https:\/\/r2-toys.com\/?post_type=product&#038;p=2144"},"modified":"2025-12-10T15:03:15","modified_gmt":"2025-12-10T09:03:15","slug":"princesa-leia-endor","status":"publish","type":"product","link":"https:\/\/r2-toys.com\/index.php\/product\/princesa-leia-endor\/","title":{"rendered":"Princesa Leia ( Endor )"},"content":{"rendered":"<p>La princesa Leia Organ\u00e1 fue uno de los mejores l\u00edderes de Rebel Alliance, sin miedo en el campo de batalla y dedicado a terminar con la tiran\u00eda del Imperio. Esta figura est\u00e1 inspirada en la batalla de Endor, de 9,5 cm de la colecci\u00f3n cuenta con un excelente\u00a0\u00a0dise\u00f1o y vienen en empaques inspirados en la l\u00ednea original. Incluye accesorios<\/p>\n<div>\n<p>Edad recomendada: 4 a\u00f1os en adelante<\/p>\n<\/div>\n<div>\n<p>\u26a0\ufe0f ADVERTENCIA: PELIGRO DE ASFIXIA &#8211; Piezas peque\u00f1as. No apto para ni\u00f1os menores de 4 a\u00f1os.<\/p>\n<\/div>\n<div>\n<p>Los productos Star Wars son producidos por Hasbro bajo licencia de Lucasfilm Ltd.<br \/>\nHasbro y todos los t\u00e9rminos relacionados son marcas registradas de Hasbro.<\/p>\n<\/div>\n","protected":false},"excerpt":{"rendered":"<p>La princesa Leia Organ\u00e1 fue uno de los mejores l\u00edderes de Rebel Alliance, sin miedo en el campo de batalla y dedicado a terminar con la tiran\u00eda del Imperio. Esta figura est\u00e1 inspirada en la batalla de Endor, de 9,5 cm de la colecci\u00f3n cuenta con un excelente\u00a0\u00a0dise\u00f1o y vienen en empaques inspirados en la l\u00ednea original. Incluye accesorios<\/p>\n","protected":false},"featured_media":3112,"comment_status":"open","ping_status":"closed","template":"","meta":[],"product_brand":[],"product_cat":[29],"product_tag":[],"class_list":{"0":"post-2144","1":"product","2":"type-product","3":"status-publish","4":"has-post-thumbnail","6":"product_cat-vintage","8":"first","9":"instock","10":"taxable","11":"shipping-taxable","12":"purchasable","13":"product-type-simple"},"_links":{"self":[{"href":"https:\/\/r2-toys.com\/index.php\/wp-json\/wp\/v2\/product\/2144","targetHints":{"allow":["GET"]}}],"collection":[{"href":"https:\/\/r2-toys.com\/index.php\/wp-json\/wp\/v2\/product"}],"about":[{"href":"https:\/\/r2-toys.com\/index.php\/wp-json\/wp\/v2\/types\/product"}],"replies":[{"embeddable":true,"href":"https:\/\/r2-toys.com\/index.php\/wp-json\/wp\/v2\/comments?post=2144"}],"wp:featuredmedia":[{"embeddable":true,"href":"https:\/\/r2-toys.com\/index.php\/wp-json\/wp\/v2\/media\/3112"}],"wp:attachment":[{"href":"https:\/\/r2-toys.com\/index.php\/wp-json\/wp\/v2\/media?parent=2144"}],"wp:term":[{"taxonomy":"product_brand","embeddable":true,"href":"https:\/\/r2-toys.com\/index.php\/wp-json\/wp\/v2\/product_brand?post=2144"},{"taxonomy":"product_cat","embeddable":true,"href":"https:\/\/r2-toys.com\/index.php\/wp-json\/wp\/v2\/product_cat?post=2144"},{"taxonomy":"product_tag","embeddable":true,"href":"https:\/\/r2-toys.com\/index.php\/wp-json\/wp\/v2\/product_tag?post=2144"}],"curies":[{"name":"wp","href":"https:\/\/api.w.org\/{rel}","templated":true}]}}