{"id":2145,"date":"2022-03-30T08:19:07","date_gmt":"2022-03-30T02:19:07","guid":{"rendered":"https:\/\/r2-toys.com\/?post_type=product&#038;p=2145"},"modified":"2025-12-10T14:57:09","modified_gmt":"2025-12-10T08:57:09","slug":"scouttrooper-jedi-fallen-orden","status":"publish","type":"product","link":"https:\/\/r2-toys.com\/index.php\/product\/scouttrooper-jedi-fallen-orden\/","title":{"rendered":"Scouttrooper GAMING GREATS"},"content":{"rendered":"<p>Los Troopers Scout estaban ligeramente blindados en comparaci\u00f3n con otros Troopers, lo que les permiti\u00f3 moverse m\u00e1s r\u00e1pida y f\u00e1cilmente en diferentes ambientes, Las Speeder Bike son comunes en toda la galaxia, tanto modelos civiles como militares y son capaces de viajar a alta velocidad pero requieren habilidad y reflejos r\u00e1pidos. Figura de 15 cm basada en el Videojuego esta totalmente articulado e incluye accesorios.<\/p>\n<div>\n<p>Edad recomendada: 4 a\u00f1os en adelante<\/p>\n<\/div>\n<div>\n<p>\u26a0\ufe0f ADVERTENCIA: PELIGRO DE ASFIXIA &#8211; Piezas peque\u00f1as. No apto para ni\u00f1os menores de 4 a\u00f1os.<\/p>\n<\/div>\n<div>\n<p>Los productos Star Wars son producidos por Hasbro bajo licencia de Lucasfilm Ltd.<br \/>\nHasbro y todos los t\u00e9rminos relacionados son marcas registradas de Hasbro.<\/p>\n<\/div>\n","protected":false},"excerpt":{"rendered":"<p>Los Troopers Scout estaban ligeramente blindados en comparaci\u00f3n con otros Troopers, lo que les permiti\u00f3 moverse m\u00e1s r\u00e1pida y f\u00e1cilmente en diferentes ambientes, Las Speeder Bike son comunes en toda la galaxia, tanto modelos civiles como militares y son capaces de viajar a alta velocidad pero requieren habilidad y reflejos r\u00e1pidos. Figura de 15 cm basada en el Videojuego esta totalmente articulado e incluye accesorios.<\/p>\n","protected":false},"featured_media":3144,"comment_status":"open","ping_status":"closed","template":"","meta":[],"product_brand":[],"product_cat":[29],"product_tag":[],"class_list":{"0":"post-2145","1":"product","2":"type-product","3":"status-publish","4":"has-post-thumbnail","6":"product_cat-vintage","8":"first","9":"instock","10":"taxable","11":"shipping-taxable","12":"purchasable","13":"product-type-simple"},"_links":{"self":[{"href":"https:\/\/r2-toys.com\/index.php\/wp-json\/wp\/v2\/product\/2145","targetHints":{"allow":["GET"]}}],"collection":[{"href":"https:\/\/r2-toys.com\/index.php\/wp-json\/wp\/v2\/product"}],"about":[{"href":"https:\/\/r2-toys.com\/index.php\/wp-json\/wp\/v2\/types\/product"}],"replies":[{"embeddable":true,"href":"https:\/\/r2-toys.com\/index.php\/wp-json\/wp\/v2\/comments?post=2145"}],"wp:featuredmedia":[{"embeddable":true,"href":"https:\/\/r2-toys.com\/index.php\/wp-json\/wp\/v2\/media\/3144"}],"wp:attachment":[{"href":"https:\/\/r2-toys.com\/index.php\/wp-json\/wp\/v2\/media?parent=2145"}],"wp:term":[{"taxonomy":"product_brand","embeddable":true,"href":"https:\/\/r2-toys.com\/index.php\/wp-json\/wp\/v2\/product_brand?post=2145"},{"taxonomy":"product_cat","embeddable":true,"href":"https:\/\/r2-toys.com\/index.php\/wp-json\/wp\/v2\/product_cat?post=2145"},{"taxonomy":"product_tag","embeddable":true,"href":"https:\/\/r2-toys.com\/index.php\/wp-json\/wp\/v2\/product_tag?post=2145"}],"curies":[{"name":"wp","href":"https:\/\/api.w.org\/{rel}","templated":true}]}}