{"id":2148,"date":"2022-04-01T01:53:27","date_gmt":"2022-03-31T19:53:27","guid":{"rendered":"https:\/\/r2-toys.com\/?post_type=product&#038;p=2148"},"modified":"2024-04-10T06:46:26","modified_gmt":"2024-04-10T00:46:26","slug":"yoda-dagobah","status":"publish","type":"product","link":"https:\/\/r2-toys.com\/index.php\/product\/yoda-dagobah\/","title":{"rendered":"Yoda (Dagobah)"},"content":{"rendered":"<p>Yoda era un legendario Maestro Jedi y m\u00e1s fuerte que la mayor\u00eda en su conexi\u00f3n con la Fuerza. Peque\u00f1o en tama\u00f1o pero sabio y poderoso, entren\u00f3 Jedi durante m\u00e1s de 800 a\u00f1os.<\/p>\n<p>Esta figura de 10 cm de la colecci\u00f3n cuenta con un excelente dise\u00f1o\u00a0y vienen en empaques inspirados en la l\u00ednea original. Incluye accesorios<\/p>\n<div>\n<p>Edad recomendada: 4 a\u00f1os en adelante<\/p>\n<\/div>\n<div>\n<p>\u26a0\ufe0f ADVERTENCIA: PELIGRO DE ASFIXIA &#8211; Piezas peque\u00f1as. No apto para ni\u00f1os menores de 4 a\u00f1os.<\/p>\n<\/div>\n<div>\n<p>Los productos Star Wars son producidos por Hasbro bajo licencia de Lucasfilm Ltd.<br \/>\nHasbro y todos los t\u00e9rminos relacionados son marcas registradas de Hasbro.<\/p>\n<\/div>\n","protected":false},"excerpt":{"rendered":"<p>Yoda era un legendario Maestro Jedi y m\u00e1s fuerte que la mayor\u00eda en su conexi\u00f3n con la Fuerza. Peque\u00f1o en tama\u00f1o pero sabio y poderoso, entren\u00f3 Jedi durante m\u00e1s de 800 a\u00f1os.<\/p>\n<p>Esta figura de 10 cm de la colecci\u00f3n cuenta con un excelente dise\u00f1o\u00a0y vienen en empaques inspirados en la l\u00ednea original. Incluye accesorios<\/p>\n","protected":false},"featured_media":4135,"comment_status":"open","ping_status":"closed","template":"","meta":[],"product_brand":[],"product_cat":[29],"product_tag":[],"class_list":{"0":"post-2148","1":"product","2":"type-product","3":"status-publish","4":"has-post-thumbnail","6":"product_cat-vintage","8":"first","9":"outofstock","10":"taxable","11":"shipping-taxable","12":"purchasable","13":"product-type-simple"},"_links":{"self":[{"href":"https:\/\/r2-toys.com\/index.php\/wp-json\/wp\/v2\/product\/2148","targetHints":{"allow":["GET"]}}],"collection":[{"href":"https:\/\/r2-toys.com\/index.php\/wp-json\/wp\/v2\/product"}],"about":[{"href":"https:\/\/r2-toys.com\/index.php\/wp-json\/wp\/v2\/types\/product"}],"replies":[{"embeddable":true,"href":"https:\/\/r2-toys.com\/index.php\/wp-json\/wp\/v2\/comments?post=2148"}],"wp:featuredmedia":[{"embeddable":true,"href":"https:\/\/r2-toys.com\/index.php\/wp-json\/wp\/v2\/media\/4135"}],"wp:attachment":[{"href":"https:\/\/r2-toys.com\/index.php\/wp-json\/wp\/v2\/media?parent=2148"}],"wp:term":[{"taxonomy":"product_brand","embeddable":true,"href":"https:\/\/r2-toys.com\/index.php\/wp-json\/wp\/v2\/product_brand?post=2148"},{"taxonomy":"product_cat","embeddable":true,"href":"https:\/\/r2-toys.com\/index.php\/wp-json\/wp\/v2\/product_cat?post=2148"},{"taxonomy":"product_tag","embeddable":true,"href":"https:\/\/r2-toys.com\/index.php\/wp-json\/wp\/v2\/product_tag?post=2148"}],"curies":[{"name":"wp","href":"https:\/\/api.w.org\/{rel}","templated":true}]}}