{"id":2683,"date":"2022-03-25T04:47:23","date_gmt":"2022-03-24T22:47:23","guid":{"rendered":"https:\/\/r2-toys.com\/?post_type=product&#038;p=2683"},"modified":"2025-12-11T23:34:03","modified_gmt":"2025-12-11T17:34:03","slug":"imperial-hovertank-driver","status":"publish","type":"product","link":"https:\/\/r2-toys.com\/index.php\/product\/imperial-hovertank-driver\/","title":{"rendered":"Imperial Hovertank Driver"},"content":{"rendered":"<p>Los conductores de combate imperiales operan los veh\u00edculos blindados del Imperio y cuentan con la gruesa coraza de sus tanques para protegerse , esta figura es inspirada en Rogue One: Una historia de Star Wars. figura de 15 cm con dise\u00f1o y detalles premium<\/p>\n<p>Edad recomendada: 4 a\u00f1os en adelante<br \/>\n\u26a0\ufe0fADVERTENCIA: PELIGRO DE ASFIXIA &#8211; Piezas peque\u00f1as. No apto para ni\u00f1os menores de 4 a\u00f1os.<br \/>\nLos productos Star Wars son producidos por Hasbro bajo licencia de Lucasfilm Ltd.<br \/>\nHasbro y todos los t\u00e9rminos relacionados son marcas registradas de Hasbro<\/p>\n","protected":false},"excerpt":{"rendered":"<p>Los conductores de combate imperiales operan los veh\u00edculos blindados del Imperio y cuentan con la gruesa coraza de sus tanques para protegerse , esta figura es inspirada en Rogue One: Una historia de Star Wars. figura de 15 cm con dise\u00f1o y detalles premium<\/p>\n","protected":false},"featured_media":2763,"comment_status":"open","ping_status":"closed","template":"","meta":[],"product_brand":[],"product_cat":[31,28],"product_tag":[],"class_list":{"0":"post-2683","1":"product","2":"type-product","3":"status-publish","4":"has-post-thumbnail","6":"product_cat-archive","7":"product_cat-black-series","9":"first","10":"instock","11":"taxable","12":"shipping-taxable","13":"purchasable","14":"product-type-simple"},"_links":{"self":[{"href":"https:\/\/r2-toys.com\/index.php\/wp-json\/wp\/v2\/product\/2683","targetHints":{"allow":["GET"]}}],"collection":[{"href":"https:\/\/r2-toys.com\/index.php\/wp-json\/wp\/v2\/product"}],"about":[{"href":"https:\/\/r2-toys.com\/index.php\/wp-json\/wp\/v2\/types\/product"}],"replies":[{"embeddable":true,"href":"https:\/\/r2-toys.com\/index.php\/wp-json\/wp\/v2\/comments?post=2683"}],"wp:featuredmedia":[{"embeddable":true,"href":"https:\/\/r2-toys.com\/index.php\/wp-json\/wp\/v2\/media\/2763"}],"wp:attachment":[{"href":"https:\/\/r2-toys.com\/index.php\/wp-json\/wp\/v2\/media?parent=2683"}],"wp:term":[{"taxonomy":"product_brand","embeddable":true,"href":"https:\/\/r2-toys.com\/index.php\/wp-json\/wp\/v2\/product_brand?post=2683"},{"taxonomy":"product_cat","embeddable":true,"href":"https:\/\/r2-toys.com\/index.php\/wp-json\/wp\/v2\/product_cat?post=2683"},{"taxonomy":"product_tag","embeddable":true,"href":"https:\/\/r2-toys.com\/index.php\/wp-json\/wp\/v2\/product_tag?post=2683"}],"curies":[{"name":"wp","href":"https:\/\/api.w.org\/{rel}","templated":true}]}}