{"id":2765,"date":"2022-03-25T04:48:30","date_gmt":"2022-03-24T22:48:30","guid":{"rendered":"https:\/\/r2-toys.com\/?post_type=product&#038;p=2765"},"modified":"2024-04-16T14:41:06","modified_gmt":"2024-04-16T08:41:06","slug":"obi-wan-kenobi","status":"publish","type":"product","link":"https:\/\/r2-toys.com\/index.php\/product\/obi-wan-kenobi\/","title":{"rendered":"Obi Wan Kenobi\u00a0"},"content":{"rendered":"<p>Obi-Wan se ve obligado a luchar contra su amigo Anakin Skywalker en un devastador duelo con sables de luz despu\u00e9s de que Anakin se vuelve hacia el lado oscuro.<br \/>\nEsta figura de acci\u00f3n de Star Wars The Black Series viene con un accesorio de sable de luz extra\u00edble y multiples puntos de articulaci\u00f3n.<br \/>\nEdad recomendada: 4 a\u00f1os en adelante<\/p>\n<p>\u26a0\ufe0fADVERTENCIA: PELIGRO DE ASFIXIA &#8211; Piezas peque\u00f1as. No apto para ni\u00f1os menores de 4 a\u00f1os.<br \/>\nLos productos Star Wars son producidos por Hasbro bajo licencia de Lucasfilm Ltd.<br \/>\nHasbro y todos los t\u00e9rminos relacionados son marcas registradas de Hasbro<\/p>\n","protected":false},"excerpt":{"rendered":"<p>Obi-Wan se ve obligado a luchar contra su amigo Anakin Skywalker en un devastador duelo con sables de luz despu\u00e9s de que Anakin se vuelve hacia el lado oscuro.<br \/>\nEsta figura de acci\u00f3n de Star Wars The Black Series viene con un accesorio de sable de luz extra\u00edble y multiples puntos de articulaci\u00f3n.<\/p>\n","protected":false},"featured_media":2766,"comment_status":"open","ping_status":"closed","template":"","meta":[],"product_brand":[],"product_cat":[31,28],"product_tag":[],"class_list":{"0":"post-2765","1":"product","2":"type-product","3":"status-publish","4":"has-post-thumbnail","6":"product_cat-archive","7":"product_cat-black-series","9":"first","10":"outofstock","11":"taxable","12":"shipping-taxable","13":"purchasable","14":"product-type-simple"},"_links":{"self":[{"href":"https:\/\/r2-toys.com\/index.php\/wp-json\/wp\/v2\/product\/2765","targetHints":{"allow":["GET"]}}],"collection":[{"href":"https:\/\/r2-toys.com\/index.php\/wp-json\/wp\/v2\/product"}],"about":[{"href":"https:\/\/r2-toys.com\/index.php\/wp-json\/wp\/v2\/types\/product"}],"replies":[{"embeddable":true,"href":"https:\/\/r2-toys.com\/index.php\/wp-json\/wp\/v2\/comments?post=2765"}],"wp:featuredmedia":[{"embeddable":true,"href":"https:\/\/r2-toys.com\/index.php\/wp-json\/wp\/v2\/media\/2766"}],"wp:attachment":[{"href":"https:\/\/r2-toys.com\/index.php\/wp-json\/wp\/v2\/media?parent=2765"}],"wp:term":[{"taxonomy":"product_brand","embeddable":true,"href":"https:\/\/r2-toys.com\/index.php\/wp-json\/wp\/v2\/product_brand?post=2765"},{"taxonomy":"product_cat","embeddable":true,"href":"https:\/\/r2-toys.com\/index.php\/wp-json\/wp\/v2\/product_cat?post=2765"},{"taxonomy":"product_tag","embeddable":true,"href":"https:\/\/r2-toys.com\/index.php\/wp-json\/wp\/v2\/product_tag?post=2765"}],"curies":[{"name":"wp","href":"https:\/\/api.w.org\/{rel}","templated":true}]}}