{"id":2773,"date":"2022-03-25T04:49:43","date_gmt":"2022-03-24T22:49:43","guid":{"rendered":"https:\/\/r2-toys.com\/?post_type=product&#038;p=2773"},"modified":"2026-01-18T06:00:13","modified_gmt":"2026-01-18T00:00:13","slug":"princesa-leia","status":"publish","type":"product","link":"https:\/\/r2-toys.com\/index.php\/product\/princesa-leia\/","title":{"rendered":"Princess Leia"},"content":{"rendered":"<p>La princesa Leia Organ\u00e1 fue uno de los mejores l\u00edderes de Rebel Alliance, sin miedo en el campo de batalla y dedicado a terminar con la tiran\u00eda del Imperio. Esta figura de accion viene con 2 accesorios blaster y m\u00faltiples puntos de articulaci\u00f3n.<\/p>\n<p>Edad recomendada: 4 a\u00f1os en adelante<br \/>\n\u26a0\ufe0fADVERTENCIA: PELIGRO DE ASFIXIA &#8211; Piezas peque\u00f1as. No apto para ni\u00f1os menores de 4 a\u00f1os.<br \/>\nLos productos Star Wars son producidos por Hasbro bajo licencia de Lucasfilm Ltd.<br \/>\nHasbro y todos los t\u00e9rminos relacionados son marcas registradas de Hasbro.<\/p>\n","protected":false},"excerpt":{"rendered":"<p>La princesa Leia Organ\u00e1 fue uno de los mejores l\u00edderes de Rebel Alliance, sin miedo en el campo de batalla<\/p>\n","protected":false},"featured_media":2774,"comment_status":"open","ping_status":"closed","template":"","meta":[],"product_brand":[],"product_cat":[31,28],"product_tag":[],"class_list":{"0":"post-2773","1":"product","2":"type-product","3":"status-publish","4":"has-post-thumbnail","6":"product_cat-archive","7":"product_cat-black-series","9":"first","10":"instock","11":"taxable","12":"shipping-taxable","13":"purchasable","14":"product-type-simple"},"_links":{"self":[{"href":"https:\/\/r2-toys.com\/index.php\/wp-json\/wp\/v2\/product\/2773","targetHints":{"allow":["GET"]}}],"collection":[{"href":"https:\/\/r2-toys.com\/index.php\/wp-json\/wp\/v2\/product"}],"about":[{"href":"https:\/\/r2-toys.com\/index.php\/wp-json\/wp\/v2\/types\/product"}],"replies":[{"embeddable":true,"href":"https:\/\/r2-toys.com\/index.php\/wp-json\/wp\/v2\/comments?post=2773"}],"wp:featuredmedia":[{"embeddable":true,"href":"https:\/\/r2-toys.com\/index.php\/wp-json\/wp\/v2\/media\/2774"}],"wp:attachment":[{"href":"https:\/\/r2-toys.com\/index.php\/wp-json\/wp\/v2\/media?parent=2773"}],"wp:term":[{"taxonomy":"product_brand","embeddable":true,"href":"https:\/\/r2-toys.com\/index.php\/wp-json\/wp\/v2\/product_brand?post=2773"},{"taxonomy":"product_cat","embeddable":true,"href":"https:\/\/r2-toys.com\/index.php\/wp-json\/wp\/v2\/product_cat?post=2773"},{"taxonomy":"product_tag","embeddable":true,"href":"https:\/\/r2-toys.com\/index.php\/wp-json\/wp\/v2\/product_tag?post=2773"}],"curies":[{"name":"wp","href":"https:\/\/api.w.org\/{rel}","templated":true}]}}