{"id":280,"date":"2022-04-01T02:11:00","date_gmt":"2022-03-31T20:11:00","guid":{"rendered":"https:\/\/r2-toys.com\/?post_type=product&#038;p=280"},"modified":"2026-01-21T00:33:55","modified_gmt":"2026-01-20T18:33:55","slug":"r2-d2-31-2","status":"publish","type":"product","link":"https:\/\/r2-toys.com\/index.php\/product\/r2-d2-31-2\/","title":{"rendered":"R2-D2 (31)"},"content":{"rendered":"<pre><strong>Funko POP! Figura de vinilo exclusiva de R2-D2 #31<\/strong>\r\n<strong>Medida: 9.5 cm aproximadamente<\/strong>\r\n<strong>Viene en caja de visualizaci\u00f3n de ventana<\/strong>\r\n\r\n<strong>Para mayores de 3 a\u00f1os<\/strong>\r\n<strong>\u26a0\ufe0fADVERTENCIA: peligro de asfixia. Peque\u00f1as partes. No para ni\u00f1os menores de 3 a\u00f1os.<\/strong>\r\n\r\n<strong>R2-TOYS, LA MAYOR COLECCI\u00d3N A TU ALCANCE EN UN SOLO CLICK!\r\n<\/strong>DERECHOS RESERVADOS DE FUNKO\r\n\r\n\r\n\r\n<\/pre>\n","protected":false},"excerpt":{"rendered":"<p><strong>Funko POP! Figura de vinilo exclusiva de R2-D2 #31<\/strong><br \/>\n<strong>Medida: 9.5 cm aproximadamente<\/strong><br \/>\n<strong>Viene en caja de visualizaci\u00f3n de ventana<\/strong><\/p>\n<p><strong>Para mayores de 3 a\u00f1os<\/strong><br \/>\n<strong>ADVERTENCIA: peligro de asfixia. Peque\u00f1as partes. No para ni\u00f1os menores de 3 a\u00f1os.<\/strong><\/p>\n<p><strong>R2-TOYS, LA MAYOR COLECCI\u00d3N A TU ALCANCE EN UN SOLO CLICK!<br \/>\nDERECHOS RESERVADOS DE FUNKO<\/strong><\/p>\n","protected":false},"featured_media":4152,"comment_status":"open","ping_status":"closed","template":"","meta":[],"product_brand":[],"product_cat":[20],"product_tag":[],"class_list":{"0":"post-280","1":"product","2":"type-product","3":"status-publish","4":"has-post-thumbnail","6":"product_cat-funko1","8":"first","9":"outofstock","10":"taxable","11":"shipping-taxable","12":"purchasable","13":"product-type-simple"},"_links":{"self":[{"href":"https:\/\/r2-toys.com\/index.php\/wp-json\/wp\/v2\/product\/280","targetHints":{"allow":["GET"]}}],"collection":[{"href":"https:\/\/r2-toys.com\/index.php\/wp-json\/wp\/v2\/product"}],"about":[{"href":"https:\/\/r2-toys.com\/index.php\/wp-json\/wp\/v2\/types\/product"}],"replies":[{"embeddable":true,"href":"https:\/\/r2-toys.com\/index.php\/wp-json\/wp\/v2\/comments?post=280"}],"wp:featuredmedia":[{"embeddable":true,"href":"https:\/\/r2-toys.com\/index.php\/wp-json\/wp\/v2\/media\/4152"}],"wp:attachment":[{"href":"https:\/\/r2-toys.com\/index.php\/wp-json\/wp\/v2\/media?parent=280"}],"wp:term":[{"taxonomy":"product_brand","embeddable":true,"href":"https:\/\/r2-toys.com\/index.php\/wp-json\/wp\/v2\/product_brand?post=280"},{"taxonomy":"product_cat","embeddable":true,"href":"https:\/\/r2-toys.com\/index.php\/wp-json\/wp\/v2\/product_cat?post=280"},{"taxonomy":"product_tag","embeddable":true,"href":"https:\/\/r2-toys.com\/index.php\/wp-json\/wp\/v2\/product_tag?post=280"}],"curies":[{"name":"wp","href":"https:\/\/api.w.org\/{rel}","templated":true}]}}