{"id":301,"date":"2021-08-06T11:18:48","date_gmt":"2021-08-06T05:18:48","guid":{"rendered":"https:\/\/r2-toys.com\/?post_type=product&#038;p=301"},"modified":"2026-01-24T08:00:55","modified_gmt":"2026-01-24T02:00:55","slug":"ahsoka-tano","status":"publish","type":"product","link":"https:\/\/r2-toys.com\/index.php\/product\/ahsoka-tano\/","title":{"rendered":"AHSOKA TANO (Rebels)"},"content":{"rendered":"<p>Ahsoka Tano, una mujer de la raza togruta, era una aprendiz Padawan de Anakin Skywalker y hero\u00edna de la Guerra de los Clones<\/p>\n<p>STAR WARS REBELS: Tanto los fans como los coleccionistas pueden imaginar escenas de la galaxia de Star Wars con esta figura premium de Ahsoka Tano, inspirada en la serie animada Star Wars: Rebels<\/p>\n<p>Esta figura de acci\u00f3n Star Wars The Black Series incluye 2 accesorios inspirados en el personaje de Ahsoka Tano que hacen de la figura aun adici\u00f3n extraordinaria a toda colecci\u00f3n de Star Wars<\/p>\n<p>Tanto los fans como los coleccionistas de Star Wars pueden exhibir esta figura altamente articulada (4 extremidades totalmente articuladas) con dise\u00f1o premium, en su colecci\u00f3n de veh\u00edculos y figuras<\/p>\n<p>Escala de la figura: 15 cm aproximadamente<\/p>\n<p>Edad recomendada :4 a\u00f1os en adelante.<\/p>\n<div>\n<p>\u26a0\ufe0f ADVERTENCIA: PELIGRO DE ASFIXIA &#8211; Piezas peque\u00f1as. No apto para ni\u00f1os menores de 4 a\u00f1os.<\/p>\n<\/div>\n<div>\n<p>Los productos Star Wars son producidos por Hasbro bajo licencia de Lucasfilm Ltd.<\/p>\n<\/div>\n<div>\n<p>Hasbro y todos los t\u00e9rminos relacionados son marcas registradas de Hasbro.<\/p>\n<\/div>\n","protected":false},"excerpt":{"rendered":"<p>Ahsoka Tano, una mujer de la raza togruta, era una aprendiz Padawan de Anakin Skywalker y hero\u00edna de la Guerra de los Clones.<\/p>\n","protected":false},"featured_media":2398,"comment_status":"open","ping_status":"closed","template":"","meta":[],"product_brand":[],"product_cat":[28],"product_tag":[],"class_list":{"0":"post-301","1":"product","2":"type-product","3":"status-publish","4":"has-post-thumbnail","6":"product_cat-black-series","8":"first","9":"instock","10":"taxable","11":"shipping-taxable","12":"purchasable","13":"product-type-simple"},"_links":{"self":[{"href":"https:\/\/r2-toys.com\/index.php\/wp-json\/wp\/v2\/product\/301","targetHints":{"allow":["GET"]}}],"collection":[{"href":"https:\/\/r2-toys.com\/index.php\/wp-json\/wp\/v2\/product"}],"about":[{"href":"https:\/\/r2-toys.com\/index.php\/wp-json\/wp\/v2\/types\/product"}],"replies":[{"embeddable":true,"href":"https:\/\/r2-toys.com\/index.php\/wp-json\/wp\/v2\/comments?post=301"}],"wp:featuredmedia":[{"embeddable":true,"href":"https:\/\/r2-toys.com\/index.php\/wp-json\/wp\/v2\/media\/2398"}],"wp:attachment":[{"href":"https:\/\/r2-toys.com\/index.php\/wp-json\/wp\/v2\/media?parent=301"}],"wp:term":[{"taxonomy":"product_brand","embeddable":true,"href":"https:\/\/r2-toys.com\/index.php\/wp-json\/wp\/v2\/product_brand?post=301"},{"taxonomy":"product_cat","embeddable":true,"href":"https:\/\/r2-toys.com\/index.php\/wp-json\/wp\/v2\/product_cat?post=301"},{"taxonomy":"product_tag","embeddable":true,"href":"https:\/\/r2-toys.com\/index.php\/wp-json\/wp\/v2\/product_tag?post=301"}],"curies":[{"name":"wp","href":"https:\/\/api.w.org\/{rel}","templated":true}]}}