{"id":315,"date":"2021-08-06T11:27:15","date_gmt":"2021-08-06T05:27:15","guid":{"rendered":"https:\/\/r2-toys.com\/?post_type=product&#038;p=315"},"modified":"2024-07-17T08:36:24","modified_gmt":"2024-07-17T02:36:24","slug":"anakin-skywalker","status":"publish","type":"product","link":"https:\/\/r2-toys.com\/index.php\/product\/anakin-skywalker\/","title":{"rendered":"ANAKIN SKYWALKER"},"content":{"rendered":"<p>Un h\u00e9roe de las Guerras Clon, Anakin era cari\u00f1oso y compasivo, pero tambi\u00e9n ten\u00eda un miedo a la p\u00e9rdida que resultar\u00eda ser su perdici\u00f3n.<\/p>\n<p>La figura de acci\u00f3n de Anakin Skywalker (Padawan) de la serie negra a escala de 6 pulgadas se detalla para parecerse al personaje de Star Wars: Attack of the Clones, con detalles premium y m\u00faltiples puntos de articulaci\u00f3n.<\/p>\n<p>Incluye: figura y accesorio.<\/p>\n<p>Con el potencial de convertirse en uno de los Jedi m\u00e1s poderosos de la historia, algunos cre\u00edan que Anakin Skywalker era el Elegido profetizado que traer\u00eda equilibrio a la Fuerza.<\/p>\n<p>Los fan\u00e1ticos y coleccionistas pueden imaginar escenas de Star Wars Galaxy con este juguete premium de Anakin Skywalker (Padawan), inspirado en la pel\u00edcula Star Wars: El ataque de los clones.<\/p>\n<p>Esta figura de acci\u00f3n de Star Wars The Black Series viene con un accesorio inspirado en Anakin Skywalker (Padawan) que es una gran adici\u00f3n a cualquier colecci\u00f3n de Star Wars.<\/p>\n<p>Los fan\u00e1ticos y coleccionistas de Star Wars pueden exhibir esta figura altamente articulada, con decoraci\u00f3n premium, en su figura de acci\u00f3n y colecci\u00f3n de veh\u00edculos.<\/p>\n<p>Busque figuras de Star Wars The Black Series inspiradas en pel\u00edculas y entretenimiento para construir una galaxia de Star Wars (cada una se vende por separado. Sujeto a disponibilidad)<\/p>\n<p>Edad recomendada :4 a\u00f1os en adelante<\/p>\n<p>\u26a0\ufe0f ADVERTENCIA: PELIGRO DE ASFIXIA &#8211; Piezas peque\u00f1as. No apto para ni\u00f1os menores de 4 a\u00f1os.<\/p>\n<p>Los juguetes de Hasbro de la L\u00ednea Star Wars Black Series son productos originales que traer\u00e1n horas de diversi\u00f3n a chicos y grandes, adem\u00e1s cuentan con licencias oficiales<\/p>\n<p>&nbsp;<\/p>\n<p>&nbsp;<\/p>\n","protected":false},"excerpt":{"rendered":"<p>Un h\u00e9roe de las Guerras Clon, Anakin era cari\u00f1oso y compasivo, pero tambi\u00e9n ten\u00eda un miedo a la p\u00e9rdida que resultar\u00eda ser su perdici\u00f3n.<\/p>\n<p>Con el potencial de convertirse en uno de los Jedi m\u00e1s poderosos de la historia, algunos cre\u00edan que Anakin Skywalker era el Elegido profetizado que traer\u00eda equilibrio a la Fuerza.<\/p>\n","protected":false},"featured_media":2401,"comment_status":"open","ping_status":"closed","template":"","meta":[],"product_brand":[],"product_cat":[28],"product_tag":[],"class_list":{"0":"post-315","1":"product","2":"type-product","3":"status-publish","4":"has-post-thumbnail","6":"product_cat-black-series","8":"first","9":"outofstock","10":"taxable","11":"shipping-taxable","12":"purchasable","13":"product-type-simple"},"_links":{"self":[{"href":"https:\/\/r2-toys.com\/index.php\/wp-json\/wp\/v2\/product\/315","targetHints":{"allow":["GET"]}}],"collection":[{"href":"https:\/\/r2-toys.com\/index.php\/wp-json\/wp\/v2\/product"}],"about":[{"href":"https:\/\/r2-toys.com\/index.php\/wp-json\/wp\/v2\/types\/product"}],"replies":[{"embeddable":true,"href":"https:\/\/r2-toys.com\/index.php\/wp-json\/wp\/v2\/comments?post=315"}],"wp:featuredmedia":[{"embeddable":true,"href":"https:\/\/r2-toys.com\/index.php\/wp-json\/wp\/v2\/media\/2401"}],"wp:attachment":[{"href":"https:\/\/r2-toys.com\/index.php\/wp-json\/wp\/v2\/media?parent=315"}],"wp:term":[{"taxonomy":"product_brand","embeddable":true,"href":"https:\/\/r2-toys.com\/index.php\/wp-json\/wp\/v2\/product_brand?post=315"},{"taxonomy":"product_cat","embeddable":true,"href":"https:\/\/r2-toys.com\/index.php\/wp-json\/wp\/v2\/product_cat?post=315"},{"taxonomy":"product_tag","embeddable":true,"href":"https:\/\/r2-toys.com\/index.php\/wp-json\/wp\/v2\/product_tag?post=315"}],"curies":[{"name":"wp","href":"https:\/\/api.w.org\/{rel}","templated":true}]}}