{"id":324,"date":"2021-08-06T11:35:08","date_gmt":"2021-08-06T05:35:08","guid":{"rendered":"https:\/\/r2-toys.com\/?post_type=product&#038;p=324"},"modified":"2026-01-24T08:25:16","modified_gmt":"2026-01-24T02:25:16","slug":"battle-droid-genosis","status":"publish","type":"product","link":"https:\/\/r2-toys.com\/index.php\/product\/battle-droid-genosis\/","title":{"rendered":"BATTLE DROID GEONOSIS"},"content":{"rendered":"<p>En vez de utilizar guerreros de carne y hueso, los Separatistas prefieren a los droides de combate por su absoluta lealtad y la facilidad con la que son controlados<\/p>\n<p>STAR WARS: EL ATAQUE DE LOS CLONES: Fans y coleccionistas pueden imaginar escenas de la galaxia de Star Wars con el juguete premium de Battle Droid (Geonosis), inspirado en Star Wars: El ataque de los clones<\/p>\n<p>Esta figura de acci\u00f3n Star Wars The Black Series incluye 2 accesorios inspirados en el personaje de Battle Droid (Geonosis) que hacen de la figura una adici\u00f3n fant\u00e1stica a toda colecci\u00f3n Star Wars<\/p>\n<p>Tanto los fans como los coleccionistas de Star Wars pueden exhibir esta figura altamente articulada (4 extremidades totalmente articuladas) con dise\u00f1o premium, en su colecci\u00f3n de veh\u00edculos y figuras<\/p>\n<p>Busca figuras de Star Wars The Black Series inspiradas en las pel\u00edculas y las series de TV, y crea tu propia galaxia de Star Wars (se venden por separado; sujeto a disponibilidad)<\/p>\n<p>Edad recomendada :4 a\u00f1os en adelante<\/p>\n<p>\u26a0\ufe0f ADVERTENCIA: PELIGRO DE ASFIXIA &#8211; Piezas peque\u00f1as. No apto para ni\u00f1os menores de 4 a\u00f1os.<\/p>\n<p>Los juguetes de Hasbro de la L\u00ednea Star Wars Black Series son productos originales que traer\u00e1n horas de diversi\u00f3n a chicos y grandes, adem\u00e1s cuentan con licencias oficiales<\/p>\n<p>&nbsp;<\/p>\n","protected":false},"excerpt":{"rendered":"<p>En vez de utilizar guerreros de carne y hueso, los Separatistas prefieren a los droides de combate por su absoluta lealtad y la facilidad con la que son controlados.<\/p>\n","protected":false},"featured_media":2409,"comment_status":"open","ping_status":"closed","template":"","meta":[],"product_brand":[],"product_cat":[28],"product_tag":[],"class_list":{"0":"post-324","1":"product","2":"type-product","3":"status-publish","4":"has-post-thumbnail","6":"product_cat-black-series","8":"first","9":"outofstock","10":"taxable","11":"shipping-taxable","12":"purchasable","13":"product-type-simple"},"_links":{"self":[{"href":"https:\/\/r2-toys.com\/index.php\/wp-json\/wp\/v2\/product\/324","targetHints":{"allow":["GET"]}}],"collection":[{"href":"https:\/\/r2-toys.com\/index.php\/wp-json\/wp\/v2\/product"}],"about":[{"href":"https:\/\/r2-toys.com\/index.php\/wp-json\/wp\/v2\/types\/product"}],"replies":[{"embeddable":true,"href":"https:\/\/r2-toys.com\/index.php\/wp-json\/wp\/v2\/comments?post=324"}],"wp:featuredmedia":[{"embeddable":true,"href":"https:\/\/r2-toys.com\/index.php\/wp-json\/wp\/v2\/media\/2409"}],"wp:attachment":[{"href":"https:\/\/r2-toys.com\/index.php\/wp-json\/wp\/v2\/media?parent=324"}],"wp:term":[{"taxonomy":"product_brand","embeddable":true,"href":"https:\/\/r2-toys.com\/index.php\/wp-json\/wp\/v2\/product_brand?post=324"},{"taxonomy":"product_cat","embeddable":true,"href":"https:\/\/r2-toys.com\/index.php\/wp-json\/wp\/v2\/product_cat?post=324"},{"taxonomy":"product_tag","embeddable":true,"href":"https:\/\/r2-toys.com\/index.php\/wp-json\/wp\/v2\/product_tag?post=324"}],"curies":[{"name":"wp","href":"https:\/\/api.w.org\/{rel}","templated":true}]}}