{"id":3285,"date":"2022-03-31T02:42:57","date_gmt":"2022-03-30T20:42:57","guid":{"rendered":"https:\/\/r2-toys.com\/?post_type=product&#038;p=3285"},"modified":"2022-06-13T07:57:10","modified_gmt":"2022-06-13T01:57:10","slug":"pin-esmaltado-count-dooku-22","status":"publish","type":"product","link":"https:\/\/r2-toys.com\/index.php\/product\/pin-esmaltado-count-dooku-22\/","title":{"rendered":"Pin Esmaltado Count Dooku (22)"},"content":{"rendered":"<p>Un Lord Sith amenazante y una figura central en las Guerras Clon. Una vez un Jedi, entrenado por Yoda, se desilusion\u00f3 con la Orden Jedi y sediento de mayor poder. Dooku dej\u00f3 atr\u00e1s voluntariamente el lado luminoso y se convirti\u00f3 en el disc\u00edpulo del lado oscuro de Darth Sidious, tomando el nombre secreto de Darth Tyranus y liderando el ej\u00e9rcito Separatista.<\/p>\n<p>Desde 1977 la saga de Star Wars ha sido un movimiento revolucionario de la cultura pop generaci\u00f3n tras generaci\u00f3n, reclutando fans y seguidores, creando para ellos diversas producciones del amplio universo. Gracias a FunkoPop podemos tener incre\u00edbles figuras de tus personajes favoritos con incre\u00edbles dise\u00f1os.<\/p>\n<p>Estos Pin Esmaltados de 10 cm vienen con acabados met\u00e1licos y tambi\u00e9n tienen sus propios soportes.<\/p>\n<p>Empaque con ventana para su exhibici\u00f3n<\/p>\n<p>Edad recomendada: 4 a\u00f1os en adelante<\/p>\n<p>\u26a0\ufe0fADVERTENCIA: PELIGRO DE ASFIXIA \u2013 Piezas peque\u00f1as. No apto para ni\u00f1os menores de 4 a\u00f1os.<\/p>\n<p>Los productos Star Wars son producidos por FUNKO bajo licencia de Lucasfilm Ltd. y Disney<\/p>\n<p>FUNKO y todos los t\u00e9rminos relacionados son marcas registradas Funko.<\/p>\n","protected":false},"excerpt":{"rendered":"<p>Un Lord Sith amenazante y una figura central en las Guerras Clon. Una vez un Jedi, entrenado por Yoda, se desilusion\u00f3 con la Orden Jedi y sediento de mayor poder. Dooku dej\u00f3 atr\u00e1s voluntariamente el lado luminoso y se convirti\u00f3 en el disc\u00edpulo del lado oscuro de Darth Sidious, tomando el nombre secreto de Darth Tyranus y liderando el ej\u00e9rcito Separatista.<\/p>\n","protected":false},"featured_media":3289,"comment_status":"open","ping_status":"closed","template":"","meta":[],"product_brand":[],"product_cat":[34],"product_tag":[],"class_list":{"0":"post-3285","1":"product","2":"type-product","3":"status-publish","4":"has-post-thumbnail","6":"product_cat-accesorios","8":"first","9":"instock","10":"taxable","11":"shipping-taxable","12":"purchasable","13":"product-type-simple"},"_links":{"self":[{"href":"https:\/\/r2-toys.com\/index.php\/wp-json\/wp\/v2\/product\/3285","targetHints":{"allow":["GET"]}}],"collection":[{"href":"https:\/\/r2-toys.com\/index.php\/wp-json\/wp\/v2\/product"}],"about":[{"href":"https:\/\/r2-toys.com\/index.php\/wp-json\/wp\/v2\/types\/product"}],"replies":[{"embeddable":true,"href":"https:\/\/r2-toys.com\/index.php\/wp-json\/wp\/v2\/comments?post=3285"}],"wp:featuredmedia":[{"embeddable":true,"href":"https:\/\/r2-toys.com\/index.php\/wp-json\/wp\/v2\/media\/3289"}],"wp:attachment":[{"href":"https:\/\/r2-toys.com\/index.php\/wp-json\/wp\/v2\/media?parent=3285"}],"wp:term":[{"taxonomy":"product_brand","embeddable":true,"href":"https:\/\/r2-toys.com\/index.php\/wp-json\/wp\/v2\/product_brand?post=3285"},{"taxonomy":"product_cat","embeddable":true,"href":"https:\/\/r2-toys.com\/index.php\/wp-json\/wp\/v2\/product_cat?post=3285"},{"taxonomy":"product_tag","embeddable":true,"href":"https:\/\/r2-toys.com\/index.php\/wp-json\/wp\/v2\/product_tag?post=3285"}],"curies":[{"name":"wp","href":"https:\/\/api.w.org\/{rel}","templated":true}]}}