{"id":3291,"date":"2022-03-31T02:47:20","date_gmt":"2022-03-30T20:47:20","guid":{"rendered":"https:\/\/r2-toys.com\/?post_type=product&#038;p=3291"},"modified":"2022-06-13T07:56:53","modified_gmt":"2022-06-13T01:56:53","slug":"pin-esmaltado-jango-fett-pin-20","status":"publish","type":"product","link":"https:\/\/r2-toys.com\/index.php\/product\/pin-esmaltado-jango-fett-pin-20\/","title":{"rendered":"Pin Esmaltado Jango Fett Pin (20)"},"content":{"rendered":"<p>Era considerado el mejor cazarrecompensas de la galaxia. Un tirador experto y un combatiente desarmado, Fett estaba cubierto con un elegante traje blindado que ocultaba su rostro lleno de cicatrices. Su equipo de combate presentaba un arsenal de armas, que inclu\u00eda mu\u00f1equeras retr\u00e1ctiles, una trampa, pistolas bl\u00e1ster dobles y otras herramientas m\u00e1s ex\u00f3ticas del oficio.<span class=\"Apple-converted-space\">\u00a0<\/span><\/p>\n<p>Desde 1977 la saga de Star Wars ha sido un movimiento revolucionario de la cultura pop generaci\u00f3n tras generaci\u00f3n, reclutando fans y seguidores, creando para ellos diversas producciones del amplio universo. Gracias a FunkoPop podemos tener incre\u00edbles figuras de tus personajes favoritos con incre\u00edbles dise\u00f1os.<\/p>\n<p>Estos Pin Esmaltados de 10 cm vienen con acabados met\u00e1licos y tambi\u00e9n tienen sus propios soportes.<\/p>\n<p>Empaque con ventana para su exhibici\u00f3n<\/p>\n<p>Edad recomendada: 4 a\u00f1os en adelante<\/p>\n<p>\u26a0\ufe0fADVERTENCIA: PELIGRO DE ASFIXIA \u2013 Piezas peque\u00f1as. No apto para ni\u00f1os menores de 4 a\u00f1os.<\/p>\n<p>Los productos Star Wars son producidos por FUNKO bajo licencia de Lucasfilm Ltd. y Disney<\/p>\n<p>FUNKO y todos los t\u00e9rminos relacionados son marcas registradas Funko.<\/p>\n","protected":false},"excerpt":{"rendered":"<p>Era considerado el mejor cazarrecompensas de la galaxia. Un tirador experto y un combatiente desarmado, Fett estaba cubierto con un elegante traje blindado que ocultaba su rostro lleno de cicatrices. Su equipo de combate presentaba un arsenal de armas, que inclu\u00eda mu\u00f1equeras retr\u00e1ctiles, una trampa, pistolas bl\u00e1ster dobles y otras herramientas m\u00e1s ex\u00f3ticas del oficio.<\/p>\n","protected":false},"featured_media":3295,"comment_status":"open","ping_status":"closed","template":"","meta":[],"product_brand":[],"product_cat":[34],"product_tag":[],"class_list":{"0":"post-3291","1":"product","2":"type-product","3":"status-publish","4":"has-post-thumbnail","6":"product_cat-accesorios","8":"first","9":"instock","10":"taxable","11":"shipping-taxable","12":"purchasable","13":"product-type-simple"},"_links":{"self":[{"href":"https:\/\/r2-toys.com\/index.php\/wp-json\/wp\/v2\/product\/3291","targetHints":{"allow":["GET"]}}],"collection":[{"href":"https:\/\/r2-toys.com\/index.php\/wp-json\/wp\/v2\/product"}],"about":[{"href":"https:\/\/r2-toys.com\/index.php\/wp-json\/wp\/v2\/types\/product"}],"replies":[{"embeddable":true,"href":"https:\/\/r2-toys.com\/index.php\/wp-json\/wp\/v2\/comments?post=3291"}],"wp:featuredmedia":[{"embeddable":true,"href":"https:\/\/r2-toys.com\/index.php\/wp-json\/wp\/v2\/media\/3295"}],"wp:attachment":[{"href":"https:\/\/r2-toys.com\/index.php\/wp-json\/wp\/v2\/media?parent=3291"}],"wp:term":[{"taxonomy":"product_brand","embeddable":true,"href":"https:\/\/r2-toys.com\/index.php\/wp-json\/wp\/v2\/product_brand?post=3291"},{"taxonomy":"product_cat","embeddable":true,"href":"https:\/\/r2-toys.com\/index.php\/wp-json\/wp\/v2\/product_cat?post=3291"},{"taxonomy":"product_tag","embeddable":true,"href":"https:\/\/r2-toys.com\/index.php\/wp-json\/wp\/v2\/product_tag?post=3291"}],"curies":[{"name":"wp","href":"https:\/\/api.w.org\/{rel}","templated":true}]}}