{"id":3307,"date":"2022-03-31T03:03:24","date_gmt":"2022-03-30T21:03:24","guid":{"rendered":"https:\/\/r2-toys.com\/?post_type=product&#038;p=3307"},"modified":"2022-08-29T12:49:07","modified_gmt":"2022-08-29T06:49:07","slug":"the-mandalorian-light-up-wireless-charging-pad","status":"publish","type":"product","link":"https:\/\/r2-toys.com\/index.php\/product\/the-mandalorian-light-up-wireless-charging-pad\/","title":{"rendered":"The Mandalorian Light Up Wireless Charging Pad"},"content":{"rendered":"<p>Este cargador inal\u00e1mbrico de Star Wars tambi\u00e9n es una r\u00e9plica detallada del casco Mandalorian que se ver\u00e1 s\u00faper elegante y genial en tu escritorio.<\/p>\n<p>La conexi\u00f3n es para puerto USB C y el cable de pared es standard.<\/p>\n<p>Edad recomendada: 12 a\u00f1os en adelante<\/p>\n<p>\u26a0\ufe0fADVERTENCIA: PELIGRO DE ASFIXIA \u2013 Piezas peque\u00f1as. No apto para ni\u00f1os menores de 12 a\u00f1os.<\/p>\n<p>Los productos Star Wars son producidos bajo licencia de Lucasfilm Ltd. y Disney.<\/p>\n<p>Gamestop y todos los t\u00e9rminos relacionados con este producto son marcas registradas de Gamestop.<\/p>\n","protected":false},"excerpt":{"rendered":"<p>Este cargador inal\u00e1mbrico de Star Wars tambi\u00e9n es una r\u00e9plica detallada del casco Mandalorian que se ver\u00e1 s\u00faper elegante y genial en tu escritorio.<\/p>\n<p>&nbsp;<\/p>\n","protected":false},"featured_media":4275,"comment_status":"open","ping_status":"closed","template":"","meta":[],"product_brand":[],"product_cat":[34],"product_tag":[],"class_list":{"0":"post-3307","1":"product","2":"type-product","3":"status-publish","4":"has-post-thumbnail","6":"product_cat-accesorios","8":"first","9":"instock","10":"taxable","11":"shipping-taxable","12":"purchasable","13":"product-type-simple"},"_links":{"self":[{"href":"https:\/\/r2-toys.com\/index.php\/wp-json\/wp\/v2\/product\/3307","targetHints":{"allow":["GET"]}}],"collection":[{"href":"https:\/\/r2-toys.com\/index.php\/wp-json\/wp\/v2\/product"}],"about":[{"href":"https:\/\/r2-toys.com\/index.php\/wp-json\/wp\/v2\/types\/product"}],"replies":[{"embeddable":true,"href":"https:\/\/r2-toys.com\/index.php\/wp-json\/wp\/v2\/comments?post=3307"}],"wp:featuredmedia":[{"embeddable":true,"href":"https:\/\/r2-toys.com\/index.php\/wp-json\/wp\/v2\/media\/4275"}],"wp:attachment":[{"href":"https:\/\/r2-toys.com\/index.php\/wp-json\/wp\/v2\/media?parent=3307"}],"wp:term":[{"taxonomy":"product_brand","embeddable":true,"href":"https:\/\/r2-toys.com\/index.php\/wp-json\/wp\/v2\/product_brand?post=3307"},{"taxonomy":"product_cat","embeddable":true,"href":"https:\/\/r2-toys.com\/index.php\/wp-json\/wp\/v2\/product_cat?post=3307"},{"taxonomy":"product_tag","embeddable":true,"href":"https:\/\/r2-toys.com\/index.php\/wp-json\/wp\/v2\/product_tag?post=3307"}],"curies":[{"name":"wp","href":"https:\/\/api.w.org\/{rel}","templated":true}]}}