{"id":331,"date":"2021-08-06T11:40:19","date_gmt":"2021-08-06T05:40:19","guid":{"rendered":"https:\/\/r2-toys.com\/?post_type=product&#038;p=331"},"modified":"2026-01-02T07:21:22","modified_gmt":"2026-01-02T01:21:22","slug":"boba-fett-grafito","status":"publish","type":"product","link":"https:\/\/r2-toys.com\/index.php\/product\/boba-fett-grafito\/","title":{"rendered":"BOBA FETT GRAFITO"},"content":{"rendered":"<p>Con su armadura mandaloriana personalizada, armamento mortal y comportamiento silencioso, Boba Fett era uno de los cazarrecompensas m\u00e1s temidos de la galaxia.<\/p>\n<p>La figura de Boba Fett de Carbonized Collection a escala de 6 pulgadas est\u00e1 cuidadosamente detallada para parecerse al personaje de Star Wars: The Empire Strikes Back, con detalles premium, m\u00faltiples puntos de articulaci\u00f3n y un acabado met\u00e1lico.<\/p>\n<p>Incluye: figura y 2 accesorios.<\/p>\n<p>Con su armadura mandaloriana personalizada, armamento mortal y comportamiento silencioso, Boba Fett era uno de los cazarrecompensas m\u00e1s temidos de la galaxia.<\/p>\n<p>Los fan\u00e1ticos y coleccionistas pueden imaginar escenas de Star Wars Galaxy con este juguete premium de Boba Fett, inspirado en la pel\u00edcula Star Wars: The Empire Strikes Back.<\/p>\n<p>La colecci\u00f3n carbonizada de Star Wars The Black Series est\u00e1 tratada con un elegante acabado met\u00e1lico para una figura premium que realmente se destaca en la colecci\u00f3n de cualquier fan de Star Wars.<\/p>\n<p>Los fan\u00e1ticos y coleccionistas de Star Wars pueden exhibir esta figura altamente articulada (4 extremidades completamente articuladas), con decoraci\u00f3n premium, en su colecci\u00f3n de figuras de acci\u00f3n y veh\u00edculos.<\/p>\n<p>Edad recomendada :4 a\u00f1os en adelante<\/p>\n<p>\u26a0\ufe0f ADVERTENCIA: PELIGRO DE ASFIXIA &#8211; Piezas peque\u00f1as. No apto para ni\u00f1os menores de 4 a\u00f1os.<\/p>\n<p>Los juguetes de Hasbro de la L\u00ednea Star Wars Black Series son productos originales que traer\u00e1n horas de diversi\u00f3n a chicos y grandes, adem\u00e1s cuentan con licencias oficiales<\/p>\n","protected":false},"excerpt":{"rendered":"<p>Con su armadura mandaloriana personalizada, armamento mortal y comportamiento silencioso, Boba Fett era uno de los cazarrecompensas m\u00e1s temidos de la galaxia.<\/p>\n","protected":false},"featured_media":2419,"comment_status":"open","ping_status":"closed","template":"","meta":[],"product_brand":[],"product_cat":[28],"product_tag":[],"class_list":{"0":"post-331","1":"product","2":"type-product","3":"status-publish","4":"has-post-thumbnail","6":"product_cat-black-series","8":"first","9":"instock","10":"taxable","11":"shipping-taxable","12":"purchasable","13":"product-type-simple"},"_links":{"self":[{"href":"https:\/\/r2-toys.com\/index.php\/wp-json\/wp\/v2\/product\/331","targetHints":{"allow":["GET"]}}],"collection":[{"href":"https:\/\/r2-toys.com\/index.php\/wp-json\/wp\/v2\/product"}],"about":[{"href":"https:\/\/r2-toys.com\/index.php\/wp-json\/wp\/v2\/types\/product"}],"replies":[{"embeddable":true,"href":"https:\/\/r2-toys.com\/index.php\/wp-json\/wp\/v2\/comments?post=331"}],"wp:featuredmedia":[{"embeddable":true,"href":"https:\/\/r2-toys.com\/index.php\/wp-json\/wp\/v2\/media\/2419"}],"wp:attachment":[{"href":"https:\/\/r2-toys.com\/index.php\/wp-json\/wp\/v2\/media?parent=331"}],"wp:term":[{"taxonomy":"product_brand","embeddable":true,"href":"https:\/\/r2-toys.com\/index.php\/wp-json\/wp\/v2\/product_brand?post=331"},{"taxonomy":"product_cat","embeddable":true,"href":"https:\/\/r2-toys.com\/index.php\/wp-json\/wp\/v2\/product_cat?post=331"},{"taxonomy":"product_tag","embeddable":true,"href":"https:\/\/r2-toys.com\/index.php\/wp-json\/wp\/v2\/product_tag?post=331"}],"curies":[{"name":"wp","href":"https:\/\/api.w.org\/{rel}","templated":true}]}}