{"id":3415,"date":"2022-03-31T04:27:11","date_gmt":"2022-03-30T22:27:11","guid":{"rendered":"https:\/\/r2-toys.com\/?post_type=product&#038;p=3415"},"modified":"2023-05-03T05:55:35","modified_gmt":"2023-05-02T23:55:35","slug":"wampa-battle-at-echo-base-372-exclusivo","status":"publish","type":"product","link":"https:\/\/r2-toys.com\/index.php\/product\/wampa-battle-at-echo-base-372-exclusivo\/","title":{"rendered":"Wampa Battle at Echo Base 372 Exclusivo"},"content":{"rendered":"<p>Poderosos b\u00edpedos peludos que habitan en los p\u00e1ramos nevados del mundo helado de Hoth. Estos depredadores corpulentos tienen colmillos y garras afiladas como navajas, pero se mueven con un sigilo sorprendente, confiando en su pelaje blanco para camuflarse mientras cazan presas como los tauntauns.<\/p>\n<p>Desde 1977 la saga de Star Wars ha sido un movimiento revolucionario de la cultura pop generaci\u00f3n tras generaci\u00f3n, reclutando fans y seguidores, creando para ellos diversas producciones del amplio universo. Gracias a FunkoPop podemos tener incre\u00edbles figuras de tus personajes favoritos con incre\u00edbles dise\u00f1os.<\/p>\n<p>Altura aproximada de 11 cm<\/p>\n<p>Empaque con ventana para su exhibici\u00f3n<\/p>\n<p>Fabricados en Vinyl<\/p>\n<p>Edad recomendada: 4 a\u00f1os en adelante<\/p>\n<p>\u26a0\ufe0fADVERTENCIA: PELIGRO DE ASFIXIA &#8211; Piezas peque\u00f1as. No apto para ni\u00f1os menores de 4 a\u00f1os.<\/p>\n<p>Los productos Star Wars son producidos por FUNKO bajo licencia de Lucasfilm Ltd. y Disney<\/p>\n<p>FUNKO, Amzon y todos los t\u00e9rminos relacionados son marcas registradas Funko y Amazon.<\/p>\n","protected":false},"excerpt":{"rendered":"<p>Poderosos b\u00edpedos peludos que habitan en los p\u00e1ramos nevados del mundo helado de Hoth. Estos depredadores corpulentos tienen colmillos y garras afiladas como navajas, pero se mueven con un sigilo sorprendente, confiando en su pelaje blanco para camuflarse mientras cazan presas como los tauntauns.<\/p>\n<p>&nbsp;<\/p>\n","protected":false},"featured_media":3419,"comment_status":"open","ping_status":"closed","template":"","meta":[],"product_brand":[],"product_cat":[20],"product_tag":[],"class_list":{"0":"post-3415","1":"product","2":"type-product","3":"status-publish","4":"has-post-thumbnail","6":"product_cat-funko1","8":"first","9":"instock","10":"taxable","11":"shipping-taxable","12":"purchasable","13":"product-type-simple"},"_links":{"self":[{"href":"https:\/\/r2-toys.com\/index.php\/wp-json\/wp\/v2\/product\/3415","targetHints":{"allow":["GET"]}}],"collection":[{"href":"https:\/\/r2-toys.com\/index.php\/wp-json\/wp\/v2\/product"}],"about":[{"href":"https:\/\/r2-toys.com\/index.php\/wp-json\/wp\/v2\/types\/product"}],"replies":[{"embeddable":true,"href":"https:\/\/r2-toys.com\/index.php\/wp-json\/wp\/v2\/comments?post=3415"}],"wp:featuredmedia":[{"embeddable":true,"href":"https:\/\/r2-toys.com\/index.php\/wp-json\/wp\/v2\/media\/3419"}],"wp:attachment":[{"href":"https:\/\/r2-toys.com\/index.php\/wp-json\/wp\/v2\/media?parent=3415"}],"wp:term":[{"taxonomy":"product_brand","embeddable":true,"href":"https:\/\/r2-toys.com\/index.php\/wp-json\/wp\/v2\/product_brand?post=3415"},{"taxonomy":"product_cat","embeddable":true,"href":"https:\/\/r2-toys.com\/index.php\/wp-json\/wp\/v2\/product_cat?post=3415"},{"taxonomy":"product_tag","embeddable":true,"href":"https:\/\/r2-toys.com\/index.php\/wp-json\/wp\/v2\/product_tag?post=3415"}],"curies":[{"name":"wp","href":"https:\/\/api.w.org\/{rel}","templated":true}]}}