{"id":3422,"date":"2022-03-31T04:40:07","date_gmt":"2022-03-30T22:40:07","guid":{"rendered":"https:\/\/r2-toys.com\/?post_type=product&#038;p=3422"},"modified":"2025-12-10T14:41:53","modified_gmt":"2025-12-10T08:41:53","slug":"arc-trooper-captain-clone-wars-serie","status":"publish","type":"product","link":"https:\/\/r2-toys.com\/index.php\/product\/arc-trooper-captain-clone-wars-serie\/","title":{"rendered":"Arc Trooper Captain  (Clone Wars Serie)"},"content":{"rendered":"<p>Tambi\u00e9n conocido como CT-27-5555, Fives entren\u00f3 con Domino Squad en Kamino antes de ser enviado al puesto de escucha de Rishi Moon. Sobrevivi\u00f3 al ataque separatista en la estaci\u00f3n all\u00ed y fue transferido a la Legi\u00f3n 501 junto con su compa\u00f1ero de escuadr\u00f3n y compa\u00f1ero sobreviviente, Echo. Fives y Echo fueron ascendidos al estado de soldado ARC despu\u00e9s de la defensa de Kamino de los invasores separatistas.<span class=\"Apple-converted-space\">\u00a0<\/span><\/p>\n<p>Esta figura de 9,5 cm cuenta con un excelente<span class=\"Apple-converted-space\">\u00a0 <\/span>dise\u00f1o, en empaques inspirados en la l\u00ednea original e incluye 1 accesorio.<\/p>\n<p>Edad recomendada: 4 a\u00f1os en adelante<\/p>\n<p>\u26a0\ufe0fADVERTENCIA: PELIGRO DE ASFIXIA &#8211; Piezas peque\u00f1as. No apto para ni\u00f1os menores de 4 a\u00f1os.<\/p>\n<p>Los productos Star Wars son producidos por Hasbro bajo licencia de Lucasfilm Ltd.<\/p>\n<p>Hasbro y todos los t\u00e9rminos relacionados son marcas registradas de Hasbro.<\/p>\n","protected":false},"excerpt":{"rendered":"<p>Tambi\u00e9n conocido como CT-27-5555, Fives entren\u00f3 con Domino Squad en Kamino antes de ser enviado al puesto de escucha de Rishi Moon. Sobrevivi\u00f3 al ataque separatista en la estaci\u00f3n all\u00ed y fue transferido a la Legi\u00f3n 501 junto con su compa\u00f1ero de escuadr\u00f3n y compa\u00f1ero sobreviviente, Echo. Fives y Echo fueron ascendidos al estado de soldado ARC despu\u00e9s de la defensa de Kamino de los invasores separatistas.<\/p>\n","protected":false},"featured_media":3426,"comment_status":"open","ping_status":"closed","template":"","meta":[],"product_brand":[],"product_cat":[29],"product_tag":[],"class_list":{"0":"post-3422","1":"product","2":"type-product","3":"status-publish","4":"has-post-thumbnail","6":"product_cat-vintage","8":"first","9":"instock","10":"taxable","11":"shipping-taxable","12":"purchasable","13":"product-type-simple"},"_links":{"self":[{"href":"https:\/\/r2-toys.com\/index.php\/wp-json\/wp\/v2\/product\/3422","targetHints":{"allow":["GET"]}}],"collection":[{"href":"https:\/\/r2-toys.com\/index.php\/wp-json\/wp\/v2\/product"}],"about":[{"href":"https:\/\/r2-toys.com\/index.php\/wp-json\/wp\/v2\/types\/product"}],"replies":[{"embeddable":true,"href":"https:\/\/r2-toys.com\/index.php\/wp-json\/wp\/v2\/comments?post=3422"}],"wp:featuredmedia":[{"embeddable":true,"href":"https:\/\/r2-toys.com\/index.php\/wp-json\/wp\/v2\/media\/3426"}],"wp:attachment":[{"href":"https:\/\/r2-toys.com\/index.php\/wp-json\/wp\/v2\/media?parent=3422"}],"wp:term":[{"taxonomy":"product_brand","embeddable":true,"href":"https:\/\/r2-toys.com\/index.php\/wp-json\/wp\/v2\/product_brand?post=3422"},{"taxonomy":"product_cat","embeddable":true,"href":"https:\/\/r2-toys.com\/index.php\/wp-json\/wp\/v2\/product_cat?post=3422"},{"taxonomy":"product_tag","embeddable":true,"href":"https:\/\/r2-toys.com\/index.php\/wp-json\/wp\/v2\/product_tag?post=3422"}],"curies":[{"name":"wp","href":"https:\/\/api.w.org\/{rel}","templated":true}]}}