{"id":3427,"date":"2022-03-31T04:42:36","date_gmt":"2022-03-30T22:42:36","guid":{"rendered":"https:\/\/r2-toys.com\/?post_type=product&#038;p=3427"},"modified":"2023-07-11T23:09:56","modified_gmt":"2023-07-11T17:09:56","slug":"aayla-secura-clone-wars-serie","status":"publish","type":"product","link":"https:\/\/r2-toys.com\/index.php\/product\/aayla-secura-clone-wars-serie\/","title":{"rendered":"Aayla Secura  (Clone Wars Serie)"},"content":{"rendered":"<p>Con una complexi\u00f3n atl\u00e9tica, una belleza ex\u00f3tica y una piel azul, Aayla Secura se destac\u00f3 entre las muchas caras de las filas Jedi. Una astuta guerrera y Caballero Jedi durante el surgimiento de las Guerras Clon, Aayla luch\u00f3 junto al Comandante Clon Bly en muchos campos de batalla ex\u00f3ticos. Habiendo dominado el desapego emocional necesario en la Orden Jedi, siempre trat\u00f3 de transmitir lo que hab\u00eda aprendido a los dem\u00e1s. Aayla fue asesinada, junto con muchos otros generales Jedi, cuando sus tropas se volvieron contra ella en reacci\u00f3n a la transmisi\u00f3n de la Orden 66 del Canciller Supremo Palpatine.<\/p>\n<p>Esta figura de 9,5 cm cuenta con un excelente<span class=\"Apple-converted-space\">\u00a0 <\/span>dise\u00f1o, en empaques inspirados en la l\u00ednea original e incluye 1 accesorio.<\/p>\n<p>Edad recomendada: 4 a\u00f1os en adelante<\/p>\n<p>\u26a0\ufe0fADVERTENCIA: PELIGRO DE ASFIXIA &#8211; Piezas peque\u00f1as. No apto para ni\u00f1os menores de 4 a\u00f1os.<\/p>\n<p>Los productos Star Wars son producidos por Hasbro bajo licencia de Lucasfilm Ltd.<\/p>\n<p>Hasbro y todos los t\u00e9rminos relacionados son marcas registradas de Hasbro.<\/p>\n","protected":false},"excerpt":{"rendered":"<p>Con una complexi\u00f3n atl\u00e9tica, una belleza ex\u00f3tica y una piel azul, Aayla Secura se destac\u00f3 entre las muchas caras de las filas Jedi. Una astuta guerrera y Caballero Jedi durante el surgimiento de las Guerras Clon, Aayla luch\u00f3 junto al Comandante Clon Bly en muchos campos de batalla ex\u00f3ticos. Habiendo dominado el desapego emocional necesario en la Orden Jedi, siempre trat\u00f3 de transmitir lo que hab\u00eda aprendido a los dem\u00e1s. Aayla fue asesinada, junto con muchos otros generales Jedi, cuando sus tropas se volvieron contra ella en reacci\u00f3n a la transmisi\u00f3n de la Orden 66 del Canciller Supremo Palpatine.<\/p>\n","protected":false},"featured_media":3428,"comment_status":"open","ping_status":"closed","template":"","meta":[],"product_brand":[],"product_cat":[29],"product_tag":[],"class_list":{"0":"post-3427","1":"product","2":"type-product","3":"status-publish","4":"has-post-thumbnail","6":"product_cat-vintage","8":"first","9":"instock","10":"taxable","11":"shipping-taxable","12":"purchasable","13":"product-type-simple"},"_links":{"self":[{"href":"https:\/\/r2-toys.com\/index.php\/wp-json\/wp\/v2\/product\/3427","targetHints":{"allow":["GET"]}}],"collection":[{"href":"https:\/\/r2-toys.com\/index.php\/wp-json\/wp\/v2\/product"}],"about":[{"href":"https:\/\/r2-toys.com\/index.php\/wp-json\/wp\/v2\/types\/product"}],"replies":[{"embeddable":true,"href":"https:\/\/r2-toys.com\/index.php\/wp-json\/wp\/v2\/comments?post=3427"}],"wp:featuredmedia":[{"embeddable":true,"href":"https:\/\/r2-toys.com\/index.php\/wp-json\/wp\/v2\/media\/3428"}],"wp:attachment":[{"href":"https:\/\/r2-toys.com\/index.php\/wp-json\/wp\/v2\/media?parent=3427"}],"wp:term":[{"taxonomy":"product_brand","embeddable":true,"href":"https:\/\/r2-toys.com\/index.php\/wp-json\/wp\/v2\/product_brand?post=3427"},{"taxonomy":"product_cat","embeddable":true,"href":"https:\/\/r2-toys.com\/index.php\/wp-json\/wp\/v2\/product_cat?post=3427"},{"taxonomy":"product_tag","embeddable":true,"href":"https:\/\/r2-toys.com\/index.php\/wp-json\/wp\/v2\/product_tag?post=3427"}],"curies":[{"name":"wp","href":"https:\/\/api.w.org\/{rel}","templated":true}]}}