{"id":3432,"date":"2022-03-31T04:45:44","date_gmt":"2022-03-30T22:45:44","guid":{"rendered":"https:\/\/r2-toys.com\/?post_type=product&#038;p=3432"},"modified":"2025-12-10T14:40:01","modified_gmt":"2025-12-10T08:40:01","slug":"battle-droid-clone-wars-serie","status":"publish","type":"product","link":"https:\/\/r2-toys.com\/index.php\/product\/battle-droid-clone-wars-serie\/","title":{"rendered":"Battle Droid (Clone Wars Serie)"},"content":{"rendered":"<p>En lugar de usar guerreros de carne y hueso, los Separatistas prefieren soldados leales y sin sentido que son f\u00e1ciles de controlar. Las filas sin alma de sus ej\u00e9rcitos est\u00e1n dominadas por droides de batalla B1 altos y delgados construidos como imitaciones mec\u00e1nicas de sus dise\u00f1adores geonosianos. Los droides de batalla pueden ser controlados por centros de mando centralizados, como los enormes barcos de control de droides de la Federaci\u00f3n de Comercio, o pueden programarse para una acci\u00f3n independiente. A menudo sufren fallas de programaci\u00f3n que se manifiestan como peculiaridades de personalidad. Los droides de batalla son tontos y no pueden competir con los soldados clon o los Jedi, pero no fueron dise\u00f1ados para ser inteligentes: fueron dise\u00f1ados para abrumar a los civiles de la Rep\u00fablica por su gran n\u00famero, algo que hacen de manera muy efectiva.<\/p>\n<p>Esta figura de 9,5 cm cuenta con un excelente<span class=\"Apple-converted-space\">\u00a0 <\/span>dise\u00f1o, en empaques inspirados en la l\u00ednea original e incluye 1 accesorio.<\/p>\n<p>Edad recomendada: 4 a\u00f1os en adelante<\/p>\n<p>\u26a0\ufe0fADVERTENCIA: PELIGRO DE ASFIXIA &#8211; Piezas peque\u00f1as. No apto para ni\u00f1os menores de 4 a\u00f1os.<\/p>\n<p>Los productos Star Wars son producidos por Hasbro bajo licencia de Lucasfilm Ltd.<\/p>\n<p>Hasbro y todos los t\u00e9rminos relacionados son marcas registradas de Hasbro.<\/p>\n","protected":false},"excerpt":{"rendered":"<p>En lugar de usar guerreros de carne y hueso, los Separatistas prefieren soldados leales y sin sentido que son f\u00e1ciles de controlar. Las filas sin alma de sus ej\u00e9rcitos est\u00e1n dominadas por droides de batalla B1 altos y delgados construidos como imitaciones mec\u00e1nicas de sus dise\u00f1adores geonosianos. Los droides de batalla pueden ser controlados por centros de mando centralizados, como los enormes barcos de control de droides de la Federaci\u00f3n de Comercio, o pueden programarse para una acci\u00f3n independiente. A menudo sufren fallas de programaci\u00f3n que se manifiestan como peculiaridades de personalidad. Los droides de batalla son tontos y no pueden competir con los soldados clon o los Jedi, pero no fueron dise\u00f1ados para ser inteligentes: fueron dise\u00f1ados para abrumar a los civiles de la Rep\u00fablica por su gran n\u00famero, algo que hacen de manera muy efectiva.<\/p>\n","protected":false},"featured_media":3435,"comment_status":"open","ping_status":"closed","template":"","meta":[],"product_brand":[],"product_cat":[29],"product_tag":[],"class_list":{"0":"post-3432","1":"product","2":"type-product","3":"status-publish","4":"has-post-thumbnail","6":"product_cat-vintage","8":"first","9":"instock","10":"taxable","11":"shipping-taxable","12":"purchasable","13":"product-type-simple"},"_links":{"self":[{"href":"https:\/\/r2-toys.com\/index.php\/wp-json\/wp\/v2\/product\/3432","targetHints":{"allow":["GET"]}}],"collection":[{"href":"https:\/\/r2-toys.com\/index.php\/wp-json\/wp\/v2\/product"}],"about":[{"href":"https:\/\/r2-toys.com\/index.php\/wp-json\/wp\/v2\/types\/product"}],"replies":[{"embeddable":true,"href":"https:\/\/r2-toys.com\/index.php\/wp-json\/wp\/v2\/comments?post=3432"}],"wp:featuredmedia":[{"embeddable":true,"href":"https:\/\/r2-toys.com\/index.php\/wp-json\/wp\/v2\/media\/3435"}],"wp:attachment":[{"href":"https:\/\/r2-toys.com\/index.php\/wp-json\/wp\/v2\/media?parent=3432"}],"wp:term":[{"taxonomy":"product_brand","embeddable":true,"href":"https:\/\/r2-toys.com\/index.php\/wp-json\/wp\/v2\/product_brand?post=3432"},{"taxonomy":"product_cat","embeddable":true,"href":"https:\/\/r2-toys.com\/index.php\/wp-json\/wp\/v2\/product_cat?post=3432"},{"taxonomy":"product_tag","embeddable":true,"href":"https:\/\/r2-toys.com\/index.php\/wp-json\/wp\/v2\/product_tag?post=3432"}],"curies":[{"name":"wp","href":"https:\/\/api.w.org\/{rel}","templated":true}]}}