{"id":344,"date":"2021-08-06T12:06:39","date_gmt":"2021-08-06T06:06:39","guid":{"rendered":"https:\/\/r2-toys.com\/?post_type=product&#038;p=344"},"modified":"2026-01-25T05:20:48","modified_gmt":"2026-01-24T23:20:48","slug":"clone-commander-wolffe","status":"publish","type":"product","link":"https:\/\/r2-toys.com\/index.php\/product\/clone-commander-wolffe\/","title":{"rendered":"Clone Commander Wolffe"},"content":{"rendered":"<p>Clone Commander Wolffe (designaci\u00f3n clon CC-3636) sirvi\u00f3 en la Guerra de Clones como comandante de la unidad apretada conocida como el Wolfpack. Un combatiente experimentado y maltratado, Wolffe ha sido testigo de algunos de los peores que la guerra tiene para ofrecer. A pesar de la tragedia, lucha con valent\u00eda, con orgullo esplendor sus cicatrices de batalla e inculcar lealtad entre sus hombres.<\/p>\n<p>Esta figura de 6 pulgadas Clone Commander Wolffe est\u00e1 cuidadosamente detallada para parecerse al personaje de Star Wars: The Clone Wars.<\/p>\n<p>La figura cuenta con detalles premium y 9 puntos de articulaci\u00f3n.<\/p>\n<p>Edad recomendada :4 a\u00f1os en adelante<\/p>\n<p>\u26a0\ufe0f ADVERTENCIA: PELIGRO DE ASFIXIA &#8211; Piezas peque\u00f1as. No apto para ni\u00f1os menores de 4 a\u00f1os.<\/p>\n<p>Los juguetes de Hasbro de la L\u00ednea Star Wars Black Series son productos originales que traer\u00e1n horas de diversi\u00f3n a chicos y grandes, adem\u00e1s cuentan con licencias oficiales<\/p>\n<p>&nbsp;<\/p>\n<p>&nbsp;<\/p>\n","protected":false},"excerpt":{"rendered":"<p>Clone Commander Wolffe (designaci\u00f3n clon CC-3636) sirvi\u00f3 en la Guerra de Clones como comandante de la unidad apretada conocida como el Wolfpack. Un combatiente experimentado y maltratado, Wolffe ha sido testigo de algunos de los peores que la guerra tiene para ofrecer. A pesar de la tragedia, lucha con valent\u00eda, con orgullo esplendor sus cicatrices de batalla e inculcar lealtad entre sus hombres.<\/p>\n","protected":false},"featured_media":2442,"comment_status":"open","ping_status":"closed","template":"","meta":[],"product_brand":[],"product_cat":[28],"product_tag":[],"class_list":{"0":"post-344","1":"product","2":"type-product","3":"status-publish","4":"has-post-thumbnail","6":"product_cat-black-series","8":"first","9":"outofstock","10":"taxable","11":"shipping-taxable","12":"purchasable","13":"product-type-simple"},"_links":{"self":[{"href":"https:\/\/r2-toys.com\/index.php\/wp-json\/wp\/v2\/product\/344","targetHints":{"allow":["GET"]}}],"collection":[{"href":"https:\/\/r2-toys.com\/index.php\/wp-json\/wp\/v2\/product"}],"about":[{"href":"https:\/\/r2-toys.com\/index.php\/wp-json\/wp\/v2\/types\/product"}],"replies":[{"embeddable":true,"href":"https:\/\/r2-toys.com\/index.php\/wp-json\/wp\/v2\/comments?post=344"}],"wp:featuredmedia":[{"embeddable":true,"href":"https:\/\/r2-toys.com\/index.php\/wp-json\/wp\/v2\/media\/2442"}],"wp:attachment":[{"href":"https:\/\/r2-toys.com\/index.php\/wp-json\/wp\/v2\/media?parent=344"}],"wp:term":[{"taxonomy":"product_brand","embeddable":true,"href":"https:\/\/r2-toys.com\/index.php\/wp-json\/wp\/v2\/product_brand?post=344"},{"taxonomy":"product_cat","embeddable":true,"href":"https:\/\/r2-toys.com\/index.php\/wp-json\/wp\/v2\/product_cat?post=344"},{"taxonomy":"product_tag","embeddable":true,"href":"https:\/\/r2-toys.com\/index.php\/wp-json\/wp\/v2\/product_tag?post=344"}],"curies":[{"name":"wp","href":"https:\/\/api.w.org\/{rel}","templated":true}]}}