{"id":3447,"date":"2022-03-31T04:53:27","date_gmt":"2022-03-30T22:53:27","guid":{"rendered":"https:\/\/r2-toys.com\/?post_type=product&#038;p=3447"},"modified":"2026-01-07T00:05:47","modified_gmt":"2026-01-06T18:05:47","slug":"the-mandalorian-grogu-mando-kreis","status":"publish","type":"product","link":"https:\/\/r2-toys.com\/index.php\/product\/the-mandalorian-grogu-mando-kreis\/","title":{"rendered":"The Mandalorian &#038; Grogu (Mando Kreis)"},"content":{"rendered":"<p>Aguerrido y taciturno, The Mandalorian<span class=\"Apple-converted-space\">\u00a0 <\/span>es un formidable cazarrecompensas en una galaxia cada vez m\u00e1s peligrosa. En su formidable armadura de beskar, la figura cuentan con dise\u00f1o premium y vienen en empaques inspirados en la l\u00ednea original y m\u00faltiples puntos de articulaci\u00f3n inspirados en la serie con una escala de 9.5 cm. incluye varios accesorios.<\/p>\n<p>Edad recomendada: 4 a\u00f1os en adelante<\/p>\n<p>\u26a0\ufe0fADVERTENCIA: PELIGRO DE ASFIXIA &#8211; Piezas peque\u00f1as. No apto para ni\u00f1os menores de 4 a\u00f1os.<\/p>\n<p>Los productos Star Wars son producidos por Hasbro bajo licencia de Lucasfilm Ltd.<\/p>\n<p>Hasbro y todos los t\u00e9rminos relacionados son marcas registradas de Hasbro.<\/p>\n","protected":false},"excerpt":{"rendered":"<p>Aguerrido y taciturno, The Mandalorian<span class=\"Apple-converted-space\">\u00a0 <\/span>es un formidable cazarrecompensas en una galaxia cada vez m\u00e1s peligrosa. En su formidable armadura de beskar, la figura cuentan con dise\u00f1o premium y vienen en empaques inspirados en la l\u00ednea original y m\u00faltiples puntos de articulaci\u00f3n inspirados en la serie con una escala de 9.5 cm. incluye varios accesorios.<\/p>\n","protected":false},"featured_media":3450,"comment_status":"open","ping_status":"closed","template":"","meta":[],"product_brand":[],"product_cat":[29],"product_tag":[],"class_list":{"0":"post-3447","1":"product","2":"type-product","3":"status-publish","4":"has-post-thumbnail","6":"product_cat-vintage","8":"first","9":"instock","10":"taxable","11":"shipping-taxable","12":"purchasable","13":"product-type-simple"},"_links":{"self":[{"href":"https:\/\/r2-toys.com\/index.php\/wp-json\/wp\/v2\/product\/3447","targetHints":{"allow":["GET"]}}],"collection":[{"href":"https:\/\/r2-toys.com\/index.php\/wp-json\/wp\/v2\/product"}],"about":[{"href":"https:\/\/r2-toys.com\/index.php\/wp-json\/wp\/v2\/types\/product"}],"replies":[{"embeddable":true,"href":"https:\/\/r2-toys.com\/index.php\/wp-json\/wp\/v2\/comments?post=3447"}],"wp:featuredmedia":[{"embeddable":true,"href":"https:\/\/r2-toys.com\/index.php\/wp-json\/wp\/v2\/media\/3450"}],"wp:attachment":[{"href":"https:\/\/r2-toys.com\/index.php\/wp-json\/wp\/v2\/media?parent=3447"}],"wp:term":[{"taxonomy":"product_brand","embeddable":true,"href":"https:\/\/r2-toys.com\/index.php\/wp-json\/wp\/v2\/product_brand?post=3447"},{"taxonomy":"product_cat","embeddable":true,"href":"https:\/\/r2-toys.com\/index.php\/wp-json\/wp\/v2\/product_cat?post=3447"},{"taxonomy":"product_tag","embeddable":true,"href":"https:\/\/r2-toys.com\/index.php\/wp-json\/wp\/v2\/product_tag?post=3447"}],"curies":[{"name":"wp","href":"https:\/\/api.w.org\/{rel}","templated":true}]}}