{"id":348,"date":"2021-08-06T12:32:09","date_gmt":"2021-08-06T06:32:09","guid":{"rendered":"https:\/\/r2-toys.com\/?post_type=product&#038;p=348"},"modified":"2026-01-25T05:16:25","modified_gmt":"2026-01-24T23:16:25","slug":"clone-comandante-gree","status":"publish","type":"product","link":"https:\/\/r2-toys.com\/index.php\/product\/clone-comandante-gree\/","title":{"rendered":"Clone Comandante Gree"},"content":{"rendered":"<p>El Comandante Clon Gree, designaci\u00f3n 1004, dirigi\u00f3 el Cuerpo de \u00c9lite de soldados clon durante las Guerras Clon. Vio despliegues en frentes de batalla tan acalorados como Kashyyyk.<\/p>\n<p>Aunque fue un comandante fiel que llev\u00f3 a cabo las \u00f3rdenes de los Jedi, Gree fue en \u00faltima instancia leal a la Rep\u00fablica.<\/p>\n<p>Esta figura de Commander Gree de 6 pulgadas de The Black Series que presenta una decoraci\u00f3n premium en m\u00faltiples puntos de articulaci\u00f3n. Construye una colecci\u00f3n \u00e9pica con el Comandante Gree y otras figuras y veh\u00edculos de Star Wars The Black Series. Los productos adicionales se venden por separado.<\/p>\n<p>Incluye figura y 3 accesorios.<\/p>\n<p>Figura de Commander Gree de 6 pulgadas con decoraci\u00f3n premium<\/p>\n<p>M\u00faltiples puntos de articulaci\u00f3n.<\/p>\n<p>Ampl\u00ede y mejore las colecciones de Star Wars con juguetes, veh\u00edculos y m\u00e1s de The Black Series (los productos adicionales se venden por separado)<\/p>\n<p>Edad recomendada :4 a\u00f1os en adelante<\/p>\n<p>\u26a0\ufe0f ADVERTENCIA: PELIGRO DE ASFIXIA &#8211; Piezas peque\u00f1as. No apto para ni\u00f1os menores de 4 a\u00f1os.<\/p>\n<p>Los juguetes de Hasbro de la L\u00ednea Star Wars Black Series son productos originales que traer\u00e1n horas de diversi\u00f3n a chicos y grandes, adem\u00e1s cuentan con licencias oficiales<\/p>\n<p>&nbsp;<\/p>\n<p>&nbsp;<\/p>\n","protected":false},"excerpt":{"rendered":"<p>El Comandante Clon Gree, designaci\u00f3n 1004, dirigi\u00f3 el Cuerpo de \u00c9lite de soldados clon durante las Guerras Clon. Vio despliegues en frentes de batalla tan acalorados como Kashyyyk.<\/p>\n<p>Aunque fue un comandante fiel que llev\u00f3 a cabo las \u00f3rdenes de los Jedi, Gree fue en \u00faltima instancia leal a la Rep\u00fablica.<\/p>\n","protected":false},"featured_media":2441,"comment_status":"open","ping_status":"closed","template":"","meta":[],"product_brand":[],"product_cat":[28],"product_tag":[],"class_list":{"0":"post-348","1":"product","2":"type-product","3":"status-publish","4":"has-post-thumbnail","6":"product_cat-black-series","8":"first","9":"instock","10":"taxable","11":"shipping-taxable","12":"purchasable","13":"product-type-simple"},"_links":{"self":[{"href":"https:\/\/r2-toys.com\/index.php\/wp-json\/wp\/v2\/product\/348","targetHints":{"allow":["GET"]}}],"collection":[{"href":"https:\/\/r2-toys.com\/index.php\/wp-json\/wp\/v2\/product"}],"about":[{"href":"https:\/\/r2-toys.com\/index.php\/wp-json\/wp\/v2\/types\/product"}],"replies":[{"embeddable":true,"href":"https:\/\/r2-toys.com\/index.php\/wp-json\/wp\/v2\/comments?post=348"}],"wp:featuredmedia":[{"embeddable":true,"href":"https:\/\/r2-toys.com\/index.php\/wp-json\/wp\/v2\/media\/2441"}],"wp:attachment":[{"href":"https:\/\/r2-toys.com\/index.php\/wp-json\/wp\/v2\/media?parent=348"}],"wp:term":[{"taxonomy":"product_brand","embeddable":true,"href":"https:\/\/r2-toys.com\/index.php\/wp-json\/wp\/v2\/product_brand?post=348"},{"taxonomy":"product_cat","embeddable":true,"href":"https:\/\/r2-toys.com\/index.php\/wp-json\/wp\/v2\/product_cat?post=348"},{"taxonomy":"product_tag","embeddable":true,"href":"https:\/\/r2-toys.com\/index.php\/wp-json\/wp\/v2\/product_tag?post=348"}],"curies":[{"name":"wp","href":"https:\/\/api.w.org\/{rel}","templated":true}]}}