{"id":3493,"date":"2022-03-31T05:51:10","date_gmt":"2022-03-30T23:51:10","guid":{"rendered":"https:\/\/r2-toys.com\/?post_type=product&#038;p=3493"},"modified":"2026-01-10T07:08:16","modified_gmt":"2026-01-10T01:08:16","slug":"night-brother-warrior-gaming-greats-fallen-order-exclusivo","status":"publish","type":"product","link":"https:\/\/r2-toys.com\/index.php\/product\/night-brother-warrior-gaming-greats-fallen-order-exclusivo\/","title":{"rendered":"Nightbrother Warrior Gaming Greats"},"content":{"rendered":"<p>Subespecie guerrera de Zabraks basada en Dathomir. Territoriales y extremadamente hostiles con los extra\u00f1os, los guerreros en sus filas son muy acrob\u00e1ticos, \u00e1giles y competentes en una variedad de combates mixtos. Algunos enemigos sostienen arcos mientras que otros llevan armas para pelea cuerpo a cuerpo. Esta figura a escala de 15cm presenta m\u00faltiples puntos de articulaci\u00f3n,<span class=\"Apple-converted-space\">\u00a0 <\/span>dise\u00f1o y detalles inspirados en Fallen Order, Incluye 1 accesorios.<\/p>\n<p>Edad recomendada: 4 a\u00f1os en adelante<\/p>\n<p>\u26a0\ufe0fADVERTENCIA: PELIGRO DE ASFIXIA &#8211; Piezas peque\u00f1as. No apto para ni\u00f1os menores de 4 a\u00f1os.<\/p>\n<p>Los productos Star Wars son producidos por Hasbro bajo licencia de Lucasfilm Ltd.<\/p>\n<p>Hasbro y todos los t\u00e9rminos relacionados son marcas registradas de Hasbro.<\/p>\n","protected":false},"excerpt":{"rendered":"<p>Subespecie guerrera de Zabraks basada en Dathomir. Territoriales y extremadamente hostiles con los extra\u00f1os, los guerreros en sus filas son muy acrob\u00e1ticos, \u00e1giles y competentes en una variedad de combates mixtos. Algunos enemigos sostienen arcos mientras que otros llevan armas para pelea cuerpo a cuerpo.<\/p>\n","protected":false},"featured_media":3457,"comment_status":"open","ping_status":"closed","template":"","meta":[],"product_brand":[],"product_cat":[28],"product_tag":[],"class_list":{"0":"post-3493","1":"product","2":"type-product","3":"status-publish","4":"has-post-thumbnail","6":"product_cat-black-series","8":"first","9":"instock","10":"taxable","11":"shipping-taxable","12":"purchasable","13":"product-type-simple"},"_links":{"self":[{"href":"https:\/\/r2-toys.com\/index.php\/wp-json\/wp\/v2\/product\/3493","targetHints":{"allow":["GET"]}}],"collection":[{"href":"https:\/\/r2-toys.com\/index.php\/wp-json\/wp\/v2\/product"}],"about":[{"href":"https:\/\/r2-toys.com\/index.php\/wp-json\/wp\/v2\/types\/product"}],"replies":[{"embeddable":true,"href":"https:\/\/r2-toys.com\/index.php\/wp-json\/wp\/v2\/comments?post=3493"}],"wp:featuredmedia":[{"embeddable":true,"href":"https:\/\/r2-toys.com\/index.php\/wp-json\/wp\/v2\/media\/3457"}],"wp:attachment":[{"href":"https:\/\/r2-toys.com\/index.php\/wp-json\/wp\/v2\/media?parent=3493"}],"wp:term":[{"taxonomy":"product_brand","embeddable":true,"href":"https:\/\/r2-toys.com\/index.php\/wp-json\/wp\/v2\/product_brand?post=3493"},{"taxonomy":"product_cat","embeddable":true,"href":"https:\/\/r2-toys.com\/index.php\/wp-json\/wp\/v2\/product_cat?post=3493"},{"taxonomy":"product_tag","embeddable":true,"href":"https:\/\/r2-toys.com\/index.php\/wp-json\/wp\/v2\/product_tag?post=3493"}],"curies":[{"name":"wp","href":"https:\/\/api.w.org\/{rel}","templated":true}]}}