{"id":3496,"date":"2022-03-31T06:18:06","date_gmt":"2022-03-31T00:18:06","guid":{"rendered":"https:\/\/r2-toys.com\/?post_type=product&#038;p=3496"},"modified":"2023-03-02T10:35:56","modified_gmt":"2023-03-02T04:35:56","slug":"the-power-of-the-force-cantina-showdown-figure","status":"publish","type":"product","link":"https:\/\/r2-toys.com\/index.php\/product\/the-power-of-the-force-cantina-showdown-figure\/","title":{"rendered":"The Power of the Force Cantina Showdown Figure"},"content":{"rendered":"<p>Cantina Mos Eisley es una taberna con poca luz conocida por sus bebidas fuertes, melod\u00edas calientes y brotes ocasionales de violencia impactante. La mayor\u00eda de los pilotos estrella que visitan Tatooine pasan su tiempo libre en la cantina, lo que la convierte en un lugar ideal para contratar a la tripulaci\u00f3n de una nave estelar.<\/p>\n<p>Incluye 3 figuras de acci\u00f3n de 15cm, cuenta con m\u00faltiples puntos de articulaci\u00f3n y 3 accesorios de combate.<\/p>\n<p>Edad recomendada: 4 a\u00f1os en adelante<\/p>\n<p>\u26a0\ufe0fADVERTENCIA: PELIGRO DE ASFIXIA &#8211; Piezas peque\u00f1as. No apto para ni\u00f1os menores de 4 a\u00f1os.<\/p>\n<p>Los productos Star Wars son producidos por Hasbro bajo licencia de Lucasfilm Ltd.<\/p>\n<p>Hasbro y todos los t\u00e9rminos relacionados son marcas registradas de Hasbro.<\/p>\n","protected":false},"excerpt":{"rendered":"<p>Cantina Mos Eisley es una taberna con poca luz conocida por sus bebidas fuertes, melod\u00edas calientes y brotes ocasionales de violencia impactante. La mayor\u00eda de los pilotos estrella que visitan Tatooine pasan su tiempo libre en la cantina, lo que la convierte en un lugar ideal para contratar a la tripulaci\u00f3n de una nave estelar.<\/p>\n","protected":false},"featured_media":4204,"comment_status":"open","ping_status":"closed","template":"","meta":[],"product_brand":[],"product_cat":[28],"product_tag":[],"class_list":{"0":"post-3496","1":"product","2":"type-product","3":"status-publish","4":"has-post-thumbnail","6":"product_cat-black-series","8":"first","9":"instock","10":"taxable","11":"shipping-taxable","12":"purchasable","13":"product-type-simple"},"_links":{"self":[{"href":"https:\/\/r2-toys.com\/index.php\/wp-json\/wp\/v2\/product\/3496","targetHints":{"allow":["GET"]}}],"collection":[{"href":"https:\/\/r2-toys.com\/index.php\/wp-json\/wp\/v2\/product"}],"about":[{"href":"https:\/\/r2-toys.com\/index.php\/wp-json\/wp\/v2\/types\/product"}],"replies":[{"embeddable":true,"href":"https:\/\/r2-toys.com\/index.php\/wp-json\/wp\/v2\/comments?post=3496"}],"wp:featuredmedia":[{"embeddable":true,"href":"https:\/\/r2-toys.com\/index.php\/wp-json\/wp\/v2\/media\/4204"}],"wp:attachment":[{"href":"https:\/\/r2-toys.com\/index.php\/wp-json\/wp\/v2\/media?parent=3496"}],"wp:term":[{"taxonomy":"product_brand","embeddable":true,"href":"https:\/\/r2-toys.com\/index.php\/wp-json\/wp\/v2\/product_brand?post=3496"},{"taxonomy":"product_cat","embeddable":true,"href":"https:\/\/r2-toys.com\/index.php\/wp-json\/wp\/v2\/product_cat?post=3496"},{"taxonomy":"product_tag","embeddable":true,"href":"https:\/\/r2-toys.com\/index.php\/wp-json\/wp\/v2\/product_tag?post=3496"}],"curies":[{"name":"wp","href":"https:\/\/api.w.org\/{rel}","templated":true}]}}