{"id":350,"date":"2021-08-06T12:41:35","date_gmt":"2021-08-06T06:41:35","guid":{"rendered":"https:\/\/r2-toys.com\/?post_type=product&#038;p=350"},"modified":"2024-05-22T07:37:55","modified_gmt":"2024-05-22T01:37:55","slug":"conde-dooku","status":"publish","type":"product","link":"https:\/\/r2-toys.com\/index.php\/product\/conde-dooku\/","title":{"rendered":"Conde Dooku"},"content":{"rendered":"<p>El Conde Dooku era un Lord Sith amenazador y una figura central en las Guerras Clon. Una vez que fue Jedi, se desilusion\u00f3 con la Orden Jedi y anhelaba un mayor poder.<\/p>\n<p>La figura de acci\u00f3n de Count Dooku de la serie negra a escala de 6 pulgadas se detalla para parecerse al personaje de Star Wars: Attack of the Clones, con detalles premium y m\u00faltiples puntos de articulaci\u00f3n.<\/p>\n<p>Incluye: figura y 2 accesorios.<\/p>\n<p>El Conde Dooku era un Lord Sith amenazador y una figura central en las Guerras Clon. Una vez que un Jedi, se desilusion\u00f3 con la Orden Jedi y anhelaba un mayor poder.<\/p>\n<p>Los fan\u00e1ticos y coleccionistas pueden imaginar escenas de Star Wars Galaxy con este juguete premium Count Dooku, inspirado en la pel\u00edcula Star Wars: Attack of the Clones.<\/p>\n<p>Esta figura de acci\u00f3n de Star Wars The Black Series viene con 2 accesorios inspirados en Count Dooku que son una gran adici\u00f3n a cualquier colecci\u00f3n de Star Wars.<\/p>\n<p>Los fan\u00e1ticos y coleccionistas de Star Wars pueden exhibir esta figura altamente articulada (4 extremidades completamente articuladas), con decoraci\u00f3n premium, en su colecci\u00f3n de figuras de acci\u00f3n y veh\u00edculos.<\/p>\n<p>Edad recomendada :4 a\u00f1os en adelante<\/p>\n<p>\u26a0\ufe0f ADVERTENCIA: PELIGRO DE ASFIXIA &#8211; Piezas peque\u00f1as. No apto para ni\u00f1os menores de 4 a\u00f1os.<\/p>\n<p>Los juguetes de Hasbro de la L\u00ednea Star Wars Black Series son productos originales que traer\u00e1n horas de diversi\u00f3n a chicos y grandes, adem\u00e1s cuentan con licencias oficiales<\/p>\n","protected":false},"excerpt":{"rendered":"<p>El Conde Dooku era un Lord Sith amenazador y una figura central en las Guerras Clon. Una vez que fue Jedi, se desilusion\u00f3 con la Orden Jedi y anhelaba un mayor poder.<\/p>\n","protected":false},"featured_media":2450,"comment_status":"open","ping_status":"closed","template":"","meta":[],"product_brand":[],"product_cat":[28],"product_tag":[],"class_list":{"0":"post-350","1":"product","2":"type-product","3":"status-publish","4":"has-post-thumbnail","6":"product_cat-black-series","8":"first","9":"outofstock","10":"taxable","11":"shipping-taxable","12":"purchasable","13":"product-type-simple"},"_links":{"self":[{"href":"https:\/\/r2-toys.com\/index.php\/wp-json\/wp\/v2\/product\/350","targetHints":{"allow":["GET"]}}],"collection":[{"href":"https:\/\/r2-toys.com\/index.php\/wp-json\/wp\/v2\/product"}],"about":[{"href":"https:\/\/r2-toys.com\/index.php\/wp-json\/wp\/v2\/types\/product"}],"replies":[{"embeddable":true,"href":"https:\/\/r2-toys.com\/index.php\/wp-json\/wp\/v2\/comments?post=350"}],"wp:featuredmedia":[{"embeddable":true,"href":"https:\/\/r2-toys.com\/index.php\/wp-json\/wp\/v2\/media\/2450"}],"wp:attachment":[{"href":"https:\/\/r2-toys.com\/index.php\/wp-json\/wp\/v2\/media?parent=350"}],"wp:term":[{"taxonomy":"product_brand","embeddable":true,"href":"https:\/\/r2-toys.com\/index.php\/wp-json\/wp\/v2\/product_brand?post=350"},{"taxonomy":"product_cat","embeddable":true,"href":"https:\/\/r2-toys.com\/index.php\/wp-json\/wp\/v2\/product_cat?post=350"},{"taxonomy":"product_tag","embeddable":true,"href":"https:\/\/r2-toys.com\/index.php\/wp-json\/wp\/v2\/product_tag?post=350"}],"curies":[{"name":"wp","href":"https:\/\/api.w.org\/{rel}","templated":true}]}}