{"id":3542,"date":"2022-03-31T06:36:40","date_gmt":"2022-03-31T00:36:40","guid":{"rendered":"https:\/\/r2-toys.com\/?post_type=product&#038;p=3542"},"modified":"2023-03-02T10:42:34","modified_gmt":"2023-03-02T04:42:34","slug":"scout-trooper-grafito-exclusivo","status":"publish","type":"product","link":"https:\/\/r2-toys.com\/index.php\/product\/scout-trooper-grafito-exclusivo\/","title":{"rendered":"Scout Trooper Grafito Exclusivo"},"content":{"rendered":"<p>Los soldados exploradores ten\u00edan una armadura ligera en comparaci\u00f3n con otros soldados de asalto, lo que les permit\u00eda moverse m\u00e1s r\u00e1pida y f\u00e1cilmente en una variedad de entornos. Tambi\u00e9n fueron entrenados para una mayor independencia y adaptabilidad que la mayor\u00eda de las tropas imperiales.<\/p>\n<p>Figura de acci\u00f3n de 15cm, cuenta con m\u00faltiples puntos de articulaci\u00f3n y accesorios de combate.<\/p>\n<p>Edad recomendada: 4 a\u00f1os en adelante<\/p>\n<p>ADVERTENCIA: PELIGRO DE ASFIXIA &#8211; Piezas peque\u00f1as. No apto para ni\u00f1os menores de 4 a\u00f1os.<\/p>\n<p>Los productos Star Wars son producidos por Hasbro bajo licencia de Lucasfilm Ltd.<\/p>\n<p>Hasbro y todos los t\u00e9rminos relacionados son marcas registradas de Hasbro.<\/p>\n","protected":false},"excerpt":{"rendered":"<p>Los soldados exploradores ten\u00edan una armadura ligera en comparaci\u00f3n con otros soldados de asalto, lo que les permit\u00eda moverse m\u00e1s r\u00e1pida y f\u00e1cilmente en una variedad de entornos. Tambi\u00e9n fueron entrenados para una mayor independencia y adaptabilidad que la mayor\u00eda de las tropas imperiales.<\/p>\n","protected":false},"featured_media":3482,"comment_status":"open","ping_status":"closed","template":"","meta":[],"product_brand":[],"product_cat":[28],"product_tag":[],"class_list":{"0":"post-3542","1":"product","2":"type-product","3":"status-publish","4":"has-post-thumbnail","6":"product_cat-black-series","8":"first","9":"instock","10":"taxable","11":"shipping-taxable","12":"purchasable","13":"product-type-simple"},"_links":{"self":[{"href":"https:\/\/r2-toys.com\/index.php\/wp-json\/wp\/v2\/product\/3542","targetHints":{"allow":["GET"]}}],"collection":[{"href":"https:\/\/r2-toys.com\/index.php\/wp-json\/wp\/v2\/product"}],"about":[{"href":"https:\/\/r2-toys.com\/index.php\/wp-json\/wp\/v2\/types\/product"}],"replies":[{"embeddable":true,"href":"https:\/\/r2-toys.com\/index.php\/wp-json\/wp\/v2\/comments?post=3542"}],"wp:featuredmedia":[{"embeddable":true,"href":"https:\/\/r2-toys.com\/index.php\/wp-json\/wp\/v2\/media\/3482"}],"wp:attachment":[{"href":"https:\/\/r2-toys.com\/index.php\/wp-json\/wp\/v2\/media?parent=3542"}],"wp:term":[{"taxonomy":"product_brand","embeddable":true,"href":"https:\/\/r2-toys.com\/index.php\/wp-json\/wp\/v2\/product_brand?post=3542"},{"taxonomy":"product_cat","embeddable":true,"href":"https:\/\/r2-toys.com\/index.php\/wp-json\/wp\/v2\/product_cat?post=3542"},{"taxonomy":"product_tag","embeddable":true,"href":"https:\/\/r2-toys.com\/index.php\/wp-json\/wp\/v2\/product_tag?post=3542"}],"curies":[{"name":"wp","href":"https:\/\/api.w.org\/{rel}","templated":true}]}}