{"id":3546,"date":"2022-03-31T06:43:05","date_gmt":"2022-03-31T00:43:05","guid":{"rendered":"https:\/\/r2-toys.com\/?post_type=product&#038;p=3546"},"modified":"2023-01-19T06:32:00","modified_gmt":"2023-01-19T00:32:00","slug":"legends-retro-375-x-men-multipack","status":"publish","type":"product","link":"https:\/\/r2-toys.com\/index.php\/product\/legends-retro-375-x-men-multipack\/","title":{"rendered":"Legends Retro 375 X-Men Multipack"},"content":{"rendered":"<p>Wolverine se une a la lucha por la causa del Profesor X; \u00a1cortando y deteniendo a los villanos con sus garras de adamantium! Cuando los poderes mentales de Jean Grey son amplificados por una fuente c\u00f3smica; ella mueve monta\u00f1as con su mente, \u00a1y la Fuerza F\u00e9nix!<\/p>\n<p>Con m\u00e1s de 80 a\u00f1os de historia del entretenimiento, Marvel se ha convertido en la piedra angular de las colecciones de fans de todo el mundo.<span class=\"Apple-converted-space\">\u00a0<\/span><\/p>\n<p>Edad recomendada: 4 a\u00f1os en adelante<\/p>\n<p>\u26a0\ufe0f ADVERTENCIA: PELIGRO DE ASFIXIA \u2013 Piezas peque\u00f1as. No apto para ni\u00f1os menores de 4 a\u00f1os.<\/p>\n<p>Los productos son producidos por Hasbro bajo licencia de Marvel<\/p>\n<p>Hasbro, Marvel y<span class=\"Apple-converted-space\">\u00a0 <\/span>todos los t\u00e9rminos relacionados son marcas registradas de Hasbro y Marvel.<\/p>\n","protected":false},"excerpt":{"rendered":"<p>Wolverine se une a la lucha por la causa del Profesor X; \u00a1cortando y deteniendo a los villanos con sus garras de adamantium! Cuando los poderes mentales de Jean Grey son amplificados por una fuente c\u00f3smica; ella mueve monta\u00f1as con su mente, \u00a1y la Fuerza F\u00e9nix!<\/p>\n","protected":false},"featured_media":4261,"comment_status":"open","ping_status":"closed","template":"","meta":[],"product_brand":[],"product_cat":[21],"product_tag":[],"class_list":{"0":"post-3546","1":"product","2":"type-product","3":"status-publish","4":"has-post-thumbnail","6":"product_cat-retro","8":"first","9":"outofstock","10":"taxable","11":"shipping-taxable","12":"purchasable","13":"product-type-simple"},"_links":{"self":[{"href":"https:\/\/r2-toys.com\/index.php\/wp-json\/wp\/v2\/product\/3546","targetHints":{"allow":["GET"]}}],"collection":[{"href":"https:\/\/r2-toys.com\/index.php\/wp-json\/wp\/v2\/product"}],"about":[{"href":"https:\/\/r2-toys.com\/index.php\/wp-json\/wp\/v2\/types\/product"}],"replies":[{"embeddable":true,"href":"https:\/\/r2-toys.com\/index.php\/wp-json\/wp\/v2\/comments?post=3546"}],"wp:featuredmedia":[{"embeddable":true,"href":"https:\/\/r2-toys.com\/index.php\/wp-json\/wp\/v2\/media\/4261"}],"wp:attachment":[{"href":"https:\/\/r2-toys.com\/index.php\/wp-json\/wp\/v2\/media?parent=3546"}],"wp:term":[{"taxonomy":"product_brand","embeddable":true,"href":"https:\/\/r2-toys.com\/index.php\/wp-json\/wp\/v2\/product_brand?post=3546"},{"taxonomy":"product_cat","embeddable":true,"href":"https:\/\/r2-toys.com\/index.php\/wp-json\/wp\/v2\/product_cat?post=3546"},{"taxonomy":"product_tag","embeddable":true,"href":"https:\/\/r2-toys.com\/index.php\/wp-json\/wp\/v2\/product_tag?post=3546"}],"curies":[{"name":"wp","href":"https:\/\/api.w.org\/{rel}","templated":true}]}}