{"id":359,"date":"2021-08-06T13:05:50","date_gmt":"2021-08-06T07:05:50","guid":{"rendered":"https:\/\/r2-toys.com\/?post_type=product&#038;p=359"},"modified":"2026-01-05T02:35:45","modified_gmt":"2026-01-04T20:35:45","slug":"inferno-squad-agent","status":"publish","type":"product","link":"https:\/\/r2-toys.com\/index.php\/product\/inferno-squad-agent\/","title":{"rendered":"Inferno squad agent"},"content":{"rendered":"<p>A ra\u00edz de la destrucci\u00f3n de la Estrella de la Muerte, el Imperio cre\u00f3 el Escuadr\u00f3n Infernal para garantizar que los secretos imperiales permanecieran a salvo. Su feroz lealtad al Imperio y sus excepcionales habilidades tanto en combate a\u00e9reo como terrestre distinguen a este escuadr\u00f3n de los soldados de base.<\/p>\n<p>Esta figura de Inferno Squad Agent de 15 cm est\u00e1 cuidadosamente detallada para parecerse al personaje de Star Wars: Battlefront II. Esta figura presenta detalles premium y m\u00faltiples puntos de articulaci\u00f3n.<\/p>\n<div>\n<p>\u26a0\ufe0f ADVERTENCIA: PELIGRO DE ASFIXIA &#8211; Piezas peque\u00f1as. No apto para ni\u00f1os menores de 4 a\u00f1os.<\/p>\n<\/div>\n<div>\n<p>Los productos Star Wars son producidos por Hasbro bajo licencia de Lucasfilm Ltd.<\/p>\n<\/div>\n<div>\n<p>Hasbro y todos los t\u00e9rminos relacionados son marcas registradas de Hasbro.<\/p>\n<\/div>\n<p>&nbsp;<\/p>\n<p>&nbsp;<\/p>\n","protected":false},"excerpt":{"rendered":"<p>A ra\u00edz de la destrucci\u00f3n de la Estrella de la Muerte, el Imperio cre\u00f3 el Escuadr\u00f3n Infernal para garantizar que los secretos imperiales permanecieran a salvo. Su feroz lealtad al Imperio y sus excepcionales habilidades tanto en combate a\u00e9reo como terrestre distinguen a este escuadr\u00f3n de los soldados de base.<\/p>\n","protected":false},"featured_media":2505,"comment_status":"open","ping_status":"closed","template":"","meta":[],"product_brand":[],"product_cat":[28],"product_tag":[],"class_list":{"0":"post-359","1":"product","2":"type-product","3":"status-publish","4":"has-post-thumbnail","6":"product_cat-black-series","8":"first","9":"outofstock","10":"taxable","11":"shipping-taxable","12":"purchasable","13":"product-type-simple"},"_links":{"self":[{"href":"https:\/\/r2-toys.com\/index.php\/wp-json\/wp\/v2\/product\/359","targetHints":{"allow":["GET"]}}],"collection":[{"href":"https:\/\/r2-toys.com\/index.php\/wp-json\/wp\/v2\/product"}],"about":[{"href":"https:\/\/r2-toys.com\/index.php\/wp-json\/wp\/v2\/types\/product"}],"replies":[{"embeddable":true,"href":"https:\/\/r2-toys.com\/index.php\/wp-json\/wp\/v2\/comments?post=359"}],"wp:featuredmedia":[{"embeddable":true,"href":"https:\/\/r2-toys.com\/index.php\/wp-json\/wp\/v2\/media\/2505"}],"wp:attachment":[{"href":"https:\/\/r2-toys.com\/index.php\/wp-json\/wp\/v2\/media?parent=359"}],"wp:term":[{"taxonomy":"product_brand","embeddable":true,"href":"https:\/\/r2-toys.com\/index.php\/wp-json\/wp\/v2\/product_brand?post=359"},{"taxonomy":"product_cat","embeddable":true,"href":"https:\/\/r2-toys.com\/index.php\/wp-json\/wp\/v2\/product_cat?post=359"},{"taxonomy":"product_tag","embeddable":true,"href":"https:\/\/r2-toys.com\/index.php\/wp-json\/wp\/v2\/product_tag?post=359"}],"curies":[{"name":"wp","href":"https:\/\/api.w.org\/{rel}","templated":true}]}}