{"id":366,"date":"2021-08-06T13:16:07","date_gmt":"2021-08-06T07:16:07","guid":{"rendered":"https:\/\/r2-toys.com\/?post_type=product&#038;p=366"},"modified":"2024-02-21T01:50:11","modified_gmt":"2024-02-20T19:50:11","slug":"general-grievous","status":"publish","type":"product","link":"https:\/\/r2-toys.com\/index.php\/product\/general-grievous\/","title":{"rendered":"General Grievous"},"content":{"rendered":"<p>El General Grievous era un brillante estratega militar separatista y un temido cazador de Jedi, conocido por su crueldad y tos seca. Su cuerpo en s\u00ed mismo era un arma, lo que le permit\u00eda golpes r\u00e1pidos y devastadores. Pero tambi\u00e9n se apresur\u00f3 a huir de una pelea, una t\u00e1ctica que funcion\u00f3 hasta un encuentro final con Obi-Wan Kenobi.<\/p>\n<p>Esta figura de General Grievous a escala de 6 pulgadas est\u00e1 cuidadosamente detallada para parecerse al personaje de Star Wars: Revenge of the Sith y presenta detalles premium y m\u00faltiples puntos de articulaci\u00f3n.<\/p>\n<p>Incluye: figura y 6 accesorios.<\/p>\n<p>Esta figura de acci\u00f3n de Star Wars The Black Series incluye una capa, blaster y 4 accesorios de sable de luz inspirados en el General Grievous que son una gran adici\u00f3n a cualquier colecci\u00f3n de Star Wars The Black Series.<\/p>\n<p>Con m\u00faltiples puntos de articulaci\u00f3n para una alta poseabilidad (6 extremidades totalmente articuladas), los coleccionistas pueden exhibir la figura de Star Wars The Black Series General Grievous en su figura de acci\u00f3n y colecci\u00f3n de veh\u00edculos para imaginar escenas de la galaxia de Star Wars.<\/p>\n<p>La articulaci\u00f3n avanzada permite a los fan\u00e1ticos posar su figura en una variedad de poses para exhibir en su colecci\u00f3n.<\/p>\n<p>Escala de la figura: 6 pulgadas<\/p>\n<p>Edad recomendada: 4 a\u00f1os en adelante<\/p>\n<p>\u26a0\ufe0f ADVERTENCIA: PELIGRO DE ASFIXIA &#8211; Piezas peque\u00f1as. No apto para ni\u00f1os menores de 4 a\u00f1os.<\/p>\n<p>Los juguetes de Hasbro de la L\u00ednea Star Wars Black Series son productos originales que traer\u00e1n horas de diversi\u00f3n a chicos y grandes, adem\u00e1s cuentan con licencias oficiales<\/p>\n<p>&nbsp;<\/p>\n","protected":false},"excerpt":{"rendered":"<p>El General Grievous era un brillante estratega militar separatista y un temido cazador de Jedi, conocido por su crueldad y tos seca. Su cuerpo en s\u00ed mismo era un arma, lo que le permit\u00eda golpes r\u00e1pidos y devastadores. Pero tambi\u00e9n se apresur\u00f3 a huir de una pelea, una t\u00e1ctica que funcion\u00f3 hasta un encuentro final con Obi-Wan Kenobi.<\/p>\n","protected":false},"featured_media":2478,"comment_status":"open","ping_status":"closed","template":"","meta":[],"product_brand":[],"product_cat":[28],"product_tag":[],"class_list":{"0":"post-366","1":"product","2":"type-product","3":"status-publish","4":"has-post-thumbnail","6":"product_cat-black-series","8":"first","9":"outofstock","10":"taxable","11":"shipping-taxable","12":"purchasable","13":"product-type-simple"},"_links":{"self":[{"href":"https:\/\/r2-toys.com\/index.php\/wp-json\/wp\/v2\/product\/366","targetHints":{"allow":["GET"]}}],"collection":[{"href":"https:\/\/r2-toys.com\/index.php\/wp-json\/wp\/v2\/product"}],"about":[{"href":"https:\/\/r2-toys.com\/index.php\/wp-json\/wp\/v2\/types\/product"}],"replies":[{"embeddable":true,"href":"https:\/\/r2-toys.com\/index.php\/wp-json\/wp\/v2\/comments?post=366"}],"wp:featuredmedia":[{"embeddable":true,"href":"https:\/\/r2-toys.com\/index.php\/wp-json\/wp\/v2\/media\/2478"}],"wp:attachment":[{"href":"https:\/\/r2-toys.com\/index.php\/wp-json\/wp\/v2\/media?parent=366"}],"wp:term":[{"taxonomy":"product_brand","embeddable":true,"href":"https:\/\/r2-toys.com\/index.php\/wp-json\/wp\/v2\/product_brand?post=366"},{"taxonomy":"product_cat","embeddable":true,"href":"https:\/\/r2-toys.com\/index.php\/wp-json\/wp\/v2\/product_cat?post=366"},{"taxonomy":"product_tag","embeddable":true,"href":"https:\/\/r2-toys.com\/index.php\/wp-json\/wp\/v2\/product_tag?post=366"}],"curies":[{"name":"wp","href":"https:\/\/api.w.org\/{rel}","templated":true}]}}