{"id":369,"date":"2021-08-06T13:25:28","date_gmt":"2021-08-06T07:25:28","guid":{"rendered":"https:\/\/r2-toys.com\/?post_type=product&#038;p=369"},"modified":"2026-01-03T05:54:28","modified_gmt":"2026-01-02T23:54:28","slug":"greef-karga","status":"publish","type":"product","link":"https:\/\/r2-toys.com\/index.php\/product\/greef-karga\/","title":{"rendered":"Greef Karga"},"content":{"rendered":"<p>Como agente del Gremio de cazarrecompensas, Greef Karga asegura cazarrecompensas en busca de valiosas y raras canteras en la galaxia.<\/p>\n<p>La figura de la serie Black a escala de 6 pulgadas est\u00e1 cuidadosamente detallada para parecerse al personaje de la serie de televisi\u00f3n de acci\u00f3n en vivo The Mandalorian, con detalles premium y m\u00faltiples puntos de articulaci\u00f3n.<\/p>\n<p>Incluye: figura y 2 accesorios.<\/p>\n<p>Los fan\u00e1ticos y coleccionistas pueden imaginar escenas de Star Wars Galaxy con este juguete premium de Greef Karga, inspirado en la serie de televisi\u00f3n de acci\u00f3n en vivo The Mandalorian en Disney Plus<\/p>\n<p>Esta figura de acci\u00f3n de Star Wars The Black Series viene con 2 accesorios inspirados en Greef Karga que son excelentes adiciones a cualquier colecci\u00f3n de Star Wars.<\/p>\n<p>Los fan\u00e1ticos y coleccionistas de Star Wars pueden exhibir esta figura totalmente articulada y altamente articulada, con decoraci\u00f3n premium, en su figura de acci\u00f3n y colecci\u00f3n de veh\u00edculos.<\/p>\n<p>Edad recomendada: 4 a\u00f1os en adelante<\/p>\n<p>\u26a0\ufe0f ADVERTENCIA: PELIGRO DE ASFIXIA &#8211; Piezas peque\u00f1as. No apto para ni\u00f1os menores de 4 a\u00f1os.<\/p>\n<p>Los productos Star Wars son producidos por Hasbro bajo licencia de Lucasfilm Ltd.<\/p>\n<p>Hasbro y todos los t\u00e9rminos relacionados son marcas registradas de Hasbro.<\/p>\n<p>&nbsp;<\/p>\n","protected":false},"excerpt":{"rendered":"<p>Como agente del Gremio de cazarrecompensas, Greef Karga asegura cazarrecompensas en busca de valiosas y raras canteras en la galaxia.<\/p>\n","protected":false},"featured_media":2483,"comment_status":"open","ping_status":"closed","template":"","meta":[],"product_brand":[],"product_cat":[28],"product_tag":[],"class_list":{"0":"post-369","1":"product","2":"type-product","3":"status-publish","4":"has-post-thumbnail","6":"product_cat-black-series","8":"first","9":"outofstock","10":"taxable","11":"shipping-taxable","12":"purchasable","13":"product-type-simple"},"_links":{"self":[{"href":"https:\/\/r2-toys.com\/index.php\/wp-json\/wp\/v2\/product\/369","targetHints":{"allow":["GET"]}}],"collection":[{"href":"https:\/\/r2-toys.com\/index.php\/wp-json\/wp\/v2\/product"}],"about":[{"href":"https:\/\/r2-toys.com\/index.php\/wp-json\/wp\/v2\/types\/product"}],"replies":[{"embeddable":true,"href":"https:\/\/r2-toys.com\/index.php\/wp-json\/wp\/v2\/comments?post=369"}],"wp:featuredmedia":[{"embeddable":true,"href":"https:\/\/r2-toys.com\/index.php\/wp-json\/wp\/v2\/media\/2483"}],"wp:attachment":[{"href":"https:\/\/r2-toys.com\/index.php\/wp-json\/wp\/v2\/media?parent=369"}],"wp:term":[{"taxonomy":"product_brand","embeddable":true,"href":"https:\/\/r2-toys.com\/index.php\/wp-json\/wp\/v2\/product_brand?post=369"},{"taxonomy":"product_cat","embeddable":true,"href":"https:\/\/r2-toys.com\/index.php\/wp-json\/wp\/v2\/product_cat?post=369"},{"taxonomy":"product_tag","embeddable":true,"href":"https:\/\/r2-toys.com\/index.php\/wp-json\/wp\/v2\/product_tag?post=369"}],"curies":[{"name":"wp","href":"https:\/\/api.w.org\/{rel}","templated":true}]}}