{"id":372,"date":"2021-08-06T13:33:53","date_gmt":"2021-08-06T07:33:53","guid":{"rendered":"https:\/\/r2-toys.com\/?post_type=product&#038;p=372"},"modified":"2026-01-03T06:45:35","modified_gmt":"2026-01-03T00:45:35","slug":"han-solo","status":"publish","type":"product","link":"https:\/\/r2-toys.com\/index.php\/product\/han-solo\/","title":{"rendered":"Han Solo"},"content":{"rendered":"<p>Han Solo se reinventa despu\u00e9s de dejar atr\u00e1s su antigua vida. Ahora, Solo se siente cada vez m\u00e1s c\u00f3modo viajando con transgresores de la ley y sinverg\u00fcenzas.<\/p>\n<p>Esta figura de Han Solo de 15 cm est\u00e1 cuidadosamente detallada para parecerse al personaje de Solo: A Star Wars Story. La figura presenta detalles premium y 20 puntos de articulaci\u00f3n.<\/p>\n<p>Figura detallada de Han Solo a escala de 15 cm de Solo: A Star Wars Story<\/p>\n<p>Dise\u00f1o y detalle premium<\/p>\n<p>Ampl\u00ede y mejore la colecci\u00f3n Star Wars (los productos adicionales se venden por separado)<\/p>\n<p>Edad recomendada: 4 a\u00f1os en adelante<\/p>\n<p>\u26a0\ufe0f ADVERTENCIA: PELIGRO DE ASFIXIA &#8211; Piezas peque\u00f1as. No apto para ni\u00f1os menores de 4 a\u00f1os.<\/p>\n<p>Los productos Star Wars son producidos por Hasbro bajo licencia de Lucasfilm Ltd.<\/p>\n<p>Hasbro y todos los t\u00e9rminos relacionados son marcas registradas de Hasbro.<\/p>\n<p>&nbsp;<\/p>\n<p>&nbsp;<\/p>\n","protected":false},"excerpt":{"rendered":"<p>Han Solo se reinventa despu\u00e9s de dejar atr\u00e1s su antigua vida. Ahora, Solo se siente cada vez m\u00e1s c\u00f3modo viajando con transgresores de la ley y sinverg\u00fcenzas.<\/p>\n","protected":false},"featured_media":2485,"comment_status":"open","ping_status":"closed","template":"","meta":[],"product_brand":[],"product_cat":[28],"product_tag":[],"class_list":{"0":"post-372","1":"product","2":"type-product","3":"status-publish","4":"has-post-thumbnail","6":"product_cat-black-series","8":"first","9":"instock","10":"taxable","11":"shipping-taxable","12":"purchasable","13":"product-type-simple"},"_links":{"self":[{"href":"https:\/\/r2-toys.com\/index.php\/wp-json\/wp\/v2\/product\/372","targetHints":{"allow":["GET"]}}],"collection":[{"href":"https:\/\/r2-toys.com\/index.php\/wp-json\/wp\/v2\/product"}],"about":[{"href":"https:\/\/r2-toys.com\/index.php\/wp-json\/wp\/v2\/types\/product"}],"replies":[{"embeddable":true,"href":"https:\/\/r2-toys.com\/index.php\/wp-json\/wp\/v2\/comments?post=372"}],"wp:featuredmedia":[{"embeddable":true,"href":"https:\/\/r2-toys.com\/index.php\/wp-json\/wp\/v2\/media\/2485"}],"wp:attachment":[{"href":"https:\/\/r2-toys.com\/index.php\/wp-json\/wp\/v2\/media?parent=372"}],"wp:term":[{"taxonomy":"product_brand","embeddable":true,"href":"https:\/\/r2-toys.com\/index.php\/wp-json\/wp\/v2\/product_brand?post=372"},{"taxonomy":"product_cat","embeddable":true,"href":"https:\/\/r2-toys.com\/index.php\/wp-json\/wp\/v2\/product_cat?post=372"},{"taxonomy":"product_tag","embeddable":true,"href":"https:\/\/r2-toys.com\/index.php\/wp-json\/wp\/v2\/product_tag?post=372"}],"curies":[{"name":"wp","href":"https:\/\/api.w.org\/{rel}","templated":true}]}}